{"id":38134,"date":"2026-02-18T12:26:54","date_gmt":"2026-02-18T10:26:54","guid":{"rendered":"https:\/\/www.cosmolife.it\/ueberpruefung-der-authentizitaet\/"},"modified":"2026-02-18T12:26:54","modified_gmt":"2026-02-18T10:26:54","slug":"ueberpruefung-der-authentizitaet","status":"publish","type":"page","link":"https:\/\/www.cosmolife.it\/de\/ueberpruefung-der-authentizitaet\/","title":{"rendered":"\u00dcberpr\u00fcfung der Authentizit\u00e4t"},"content":{"rendered":"","protected":false},"excerpt":{"rendered":"","protected":false},"author":1,"featured_media":0,"parent":0,"menu_order":0,"comment_status":"closed","ping_status":"closed","template":"","meta":{"_joinchat":[],"footnotes":""},"class_list":["post-38134","page","type-page","status-publish","hentry"],"_links":{"self":[{"href":"https:\/\/www.cosmolife.it\/de\/wp-json\/wp\/v2\/pages\/38134","targetHints":{"allow":["GET"]}}],"collection":[{"href":"https:\/\/www.cosmolife.it\/de\/wp-json\/wp\/v2\/pages"}],"about":[{"href":"https:\/\/www.cosmolife.it\/de\/wp-json\/wp\/v2\/types\/page"}],"author":[{"embeddable":true,"href":"https:\/\/www.cosmolife.it\/de\/wp-json\/wp\/v2\/users\/1"}],"replies":[{"embeddable":true,"href":"https:\/\/www.cosmolife.it\/de\/wp-json\/wp\/v2\/comments?post=38134"}],"version-history":[{"count":0,"href":"https:\/\/www.cosmolife.it\/de\/wp-json\/wp\/v2\/pages\/38134\/revisions"}],"wp:attachment":[{"href":"https:\/\/www.cosmolife.it\/de\/wp-json\/wp\/v2\/media?parent=38134"}],"curies":[{"name":"wp","href":"https:\/\/api.w.org\/{rel}","templated":true}]}}