{"id":4216,"date":"2025-08-12T13:12:24","date_gmt":"2025-08-12T11:12:24","guid":{"rendered":"https:\/\/cosmolife.it\/?p=4216"},"modified":"2026-01-20T01:37:02","modified_gmt":"2026-01-19T23:37:02","slug":"delivery","status":"publish","type":"page","link":"https:\/\/www.cosmolife.it\/de\/delivery\/","title":{"rendered":"Versand"},"content":{"rendered":"\n<div id=\"wd-d5c637e2\" class=\"wp-block-wd-container wd-dir-col\">\n<h2 id=\"wd-a2cbe3c2\" class=\"wp-block-wd-title title\">Versand<\/h2>\n\n\n\n<p id=\"wd-959c836c\" class=\"wp-block-wd-paragraph\">Die Lieferzeit f\u00fcr unsere Produkte betr\u00e4gt in der Regel eine Woche.<br\/>Wir versuchen jedoch, bereits auf Lager befindliche Waren innerhalb von 24 Stunden zu liefern.<br\/>Sollte ein Artikel nicht innerhalb einer Woche verf\u00fcgbar sein, werden wir Sie per E-Mail benachrichtigen. Die Verf\u00fcgbarkeit der in unserem Online-Shop gezeigten Waren ist nicht garantiert. <\/p>\n\n\n\n<div id=\"wd-420f4b4e\" class=\"wp-block-wd-row\">\n<div id=\"wd-043972d0\" class=\"wp-block-wd-column wd-align-is-lg-center\">\n<p id=\"wd-d52ab6bc\" class=\"wp-block-wd-paragraph wd-align\">1. Bestellen Sie Ihr Produkt und w\u00e4hlen Sie die Liefermethode<\/p>\n\n\n\n<div id=\"wd-8f7f2215\" class=\"wp-block-wd-image wd-block-image\"><img decoding=\"async\" class=\"wp-image-4448\" src=\"https:\/\/www.cosmolife.it\/wp-content\/themes\/woodmart\/images\/lazy.svg\" data-src=\"https:\/\/cosmolife.it\/wp-content\/uploads\/2024\/08\/vg-delivery-img-icon-1.svg\" alt=\"\"\/><\/div>\n<\/div>\n\n\n\n<div id=\"wd-c55be48f\" class=\"wp-block-wd-column wd-align-is-lg-center\">\n<p id=\"wd-8e3a7865\" class=\"wp-block-wd-paragraph wd-align\">2. Sie erhalten eine Best\u00e4tigung Ihrer Bestellung<\/p>\n\n\n\n<div id=\"wd-067eb23b\" class=\"wp-block-wd-image wd-block-image\"><img decoding=\"async\" class=\"wp-image-4450\" src=\"https:\/\/www.cosmolife.it\/wp-content\/themes\/woodmart\/images\/lazy.svg\" data-src=\"https:\/\/cosmolife.it\/wp-content\/uploads\/2024\/08\/vg-delivery-img-icon-2.svg\" alt=\"\"\/><\/div>\n<\/div>\n\n\n\n<div id=\"wd-ee32c89a\" class=\"wp-block-wd-column wd-align-is-lg-center\">\n<p id=\"wd-1c15abd7\" class=\"wp-block-wd-paragraph wd-align\">3. Warten Sie darauf, dass Ihre Bestellung am Zielort ankommt<\/p>\n\n\n\n<div id=\"wd-4d1af844\" class=\"wp-block-wd-image wd-block-image\"><img decoding=\"async\" class=\"wp-image-4452\" src=\"https:\/\/www.cosmolife.it\/wp-content\/themes\/woodmart\/images\/lazy.svg\" data-src=\"https:\/\/cosmolife.it\/wp-content\/uploads\/2024\/08\/vg-delivery-img-icon-3.svg\" alt=\"\"\/><\/div>\n<\/div>\n\n\n\n<div id=\"wd-75a5decb\" class=\"wp-block-wd-column wd-align-is-lg-center\">\n<p id=\"wd-a71b852b\" class=\"wp-block-wd-paragraph wd-align\">4. Erhalten Sie Ihre Bestellung  <\/p>\n\n\n\n<div id=\"wd-f318fb37\" class=\"wp-block-wd-image wd-block-image\"><img decoding=\"async\" class=\"wp-image-4454\" src=\"https:\/\/www.cosmolife.it\/wp-content\/themes\/woodmart\/images\/lazy.svg\" data-src=\"https:\/\/cosmolife.it\/wp-content\/uploads\/2024\/08\/vg-delivery-img-icon-4.svg\" alt=\"\"\/><\/div>\n<\/div>\n<\/div>\n<\/div>\n\n<h3 id=\"wd-237f4869\" class=\"wp-block-wd-title title page-subheading\">Preise<\/h3>\n\n<p id=\"wd-325f4196\" class=\"wp-block-wd-paragraph bottom-indent\">Sofern nicht anders angegeben, verstehen sich die Preise unserer Produkte inklusive Mehrwertsteuer und entsprechen den am Tag der Bestellung im Shop angezeigten Preisen.<br\/>Die Versandkosten sind automatisch im Endbetrag der Bestellung enthalten.<\/p>\n\n<h3 id=\"wd-6d263fd3\" class=\"wp-block-wd-title title page-subheading\">Transportkosten<\/h3>\n\n<p id=\"wd-bd565cb2\" class=\"wp-block-wd-paragraph bottom-indent\">Wenn Sie Produkte im Wert von mehr als 200,00 Euro in Italien bestellen, ist die Lieferung kostenlos. Wenn der Bestellwert 200,00 Euro nicht \u00fcbersteigt, berechnen wir eine Frachtpauschale von 9,00 Euro. F\u00fcr Lieferungen in andere EU-L\u00e4nder werden Ihnen die Versandkosten mitgeteilt.  <\/p>\n","protected":false},"excerpt":{"rendered":"","protected":false},"author":1,"featured_media":0,"parent":0,"menu_order":0,"comment_status":"open","ping_status":"closed","template":"","meta":{"_joinchat":[],"footnotes":""},"class_list":["post-4216","page","type-page","status-publish","hentry"],"_links":{"self":[{"href":"https:\/\/www.cosmolife.it\/de\/wp-json\/wp\/v2\/pages\/4216","targetHints":{"allow":["GET"]}}],"collection":[{"href":"https:\/\/www.cosmolife.it\/de\/wp-json\/wp\/v2\/pages"}],"about":[{"href":"https:\/\/www.cosmolife.it\/de\/wp-json\/wp\/v2\/types\/page"}],"author":[{"embeddable":true,"href":"https:\/\/www.cosmolife.it\/de\/wp-json\/wp\/v2\/users\/1"}],"replies":[{"embeddable":true,"href":"https:\/\/www.cosmolife.it\/de\/wp-json\/wp\/v2\/comments?post=4216"}],"version-history":[{"count":2,"href":"https:\/\/www.cosmolife.it\/de\/wp-json\/wp\/v2\/pages\/4216\/revisions"}],"predecessor-version":[{"id":37582,"href":"https:\/\/www.cosmolife.it\/de\/wp-json\/wp\/v2\/pages\/4216\/revisions\/37582"}],"wp:attachment":[{"href":"https:\/\/www.cosmolife.it\/de\/wp-json\/wp\/v2\/media?parent=4216"}],"curies":[{"name":"wp","href":"https:\/\/api.w.org\/{rel}","templated":true}]}}