{"id":223,"date":"2016-06-16T13:22:15","date_gmt":"2016-06-16T13:22:15","guid":{"rendered":"https:\/\/cosmolife.it\/?product=biopol-1-10mt-5g"},"modified":"2026-03-17T11:43:23","modified_gmt":"2026-03-17T09:43:23","slug":"biopol1-10mt-5g","status":"publish","type":"product","link":"https:\/\/www.cosmolife.it\/de\/prodotto\/biopol1-10mt-5g\/","title":{"rendered":"Biopol +1 (10m) 5G"},"content":{"rendered":"<h1 data-start=\"403\" data-end=\"485\"><strong data-start=\"410\" data-end=\"483\">BIOPOL: Technischer Fortschritt im 3. Jahrtausend<\/strong><\/h1>\n<p data-start=\"487\" data-end=\"800\"><strong data-start=\"487\" data-end=\"497\">BIOPOL<\/strong> ist ein innovativer <strong data-start=\"514\" data-end=\"545\">bioenergetischer Harmonisierer<\/strong> auf der Grundlage der <strong data-start=\"559\" data-end=\"595\">Quantenfeldtechnologie<\/strong>, der den K\u00f6rper vor sch\u00e4dlicher Strahlung sch\u00fctzt, die Wasserqualit\u00e4t verbessert und ein energetisch ausgeglichenes Umfeld schafft.<br data-start=\"739\" data-end=\"742\" \/>Die Zukunft von Gesundheit und Wohlbefinden liegt in Ihren H\u00e4nden.<\/p>\n<h3 data-start=\"802\" data-end=\"839\">\ud83c\udf3f <strong data-start=\"809\" data-end=\"837\">Warum BIOPOL w\u00e4hlen?<\/strong><\/h3>\n<ol data-start=\"841\" data-end=\"2381\">\n<li data-start=\"841\" data-end=\"1244\">\n<p data-start=\"844\" data-end=\"1244\"><strong data-start=\"844\" data-end=\"884\">Harmonisiert alle sch\u00e4dlichen Strahlungen<\/strong><br data-start=\"884\" data-end=\"887\" \/>BIOPOL neutralisiert und harmonisiert <strong data-start=\"921\" data-end=\"997\">elektromagnetische Strahlung (Elektrosmog, 3G, 4G, 5G, Wi-Fi, Mikrowellen)<\/strong>, <strong data-start=\"999\" data-end=\"1015\">Wasseradern<\/strong>, <strong data-start=\"1017\" data-end=\"1026\">Radon<\/strong> und <strong data-start=\"1029\" data-end=\"1067\">Erdstrahlen<\/strong>.<br data-start=\"1068\" data-end=\"1071\" \/>Alle diese Frequenzen werden <strong data-start=\"1110\" data-end=\"1155\">nat\u00fcrlich und kompatibel mit dem menschlichen K\u00f6rper<\/strong> gemacht und sch\u00fctzen vor stressbedingten St\u00f6rungen, Schlaflosigkeit, chronischer M\u00fcdigkeit und Reizbarkeit.<\/p>\n<\/li>\n<li data-start=\"1246\" data-end=\"1582\">\n<p data-start=\"1249\" data-end=\"1582\"><strong data-start=\"1249\" data-end=\"1279\">Erzeugen Sie bioenergetisches Wasser<\/strong><br data-start=\"1279\" data-end=\"1282\" \/>Mit BIOPOL behandeltes Wasser wird <strong data-start=\"1321\" data-end=\"1352\">revitalisiert und leichter<\/strong>, mit einem harmonischen Energiefeld, das die Entgiftung und Zellregeneration f\u00f6rdert.<br data-start=\"1451\" data-end=\"1454\" \/>Energetisiertes Wasser erreicht bis zu <strong data-start=\"1494\" data-end=\"1516\">65.000 Bovis-Einheiten<\/strong>, weit mehr als klassische magnetische Energetisierer (25.000 Einheiten).<\/p>\n<\/li>\n<li data-start=\"1584\" data-end=\"1864\">\n<p data-start=\"1587\" data-end=\"1864\"><strong data-start=\"1587\" data-end=\"1627\">Reduziert Kalkablagerungen und verbessert die Wasserqualit\u00e4t<\/strong><br data-start=\"1627\" data-end=\"1630\" \/>BIOPOL wandelt Kalk in <strong data-start=\"1664\" data-end=\"1677\">Aragonit<\/strong> um <strong data-start=\"1664\" data-end=\"1677\">, eine<\/strong> weiche, leicht entfernbare Form, die Kalkablagerungen reduziert und die Wasserqualit\u00e4t verbessert.<br data-start=\"1782\" data-end=\"1785\" \/>Das Wasser wird weicher, besser absorbierbar und wohltuender f\u00fcr den K\u00f6rper.<\/p>\n<\/li>\n<li data-start=\"1866\" data-end=\"2141\">\n<p data-start=\"1869\" data-end=\"2141\"><strong data-start=\"1869\" data-end=\"1910\">Umfassender Schutz f\u00fcr Ihre Gesundheit<\/strong><br data-start=\"1910\" data-end=\"1913\" \/>Erzeugt ein <strong data-start=\"1924\" data-end=\"1953\">harmonisches Energiefeld<\/strong>, das vor 3G, 4G, 5G, Wi-Fi, Mobiltelefonen, Computern, Radon und nat\u00fcrlicher unterirdischer Strahlung sch\u00fctzt.<br data-start=\"2059\" data-end=\"2062\" \/>Verbessert die Schlafqualit\u00e4t, Konzentration und t\u00e4gliche Vitalit\u00e4t.<\/p>\n<\/li>\n<li data-start=\"2143\" data-end=\"2381\">\n<p data-start=\"2146\" data-end=\"2381\"><strong data-start=\"2146\" data-end=\"2186\">Einfach zu bedienen und wartungsfrei<\/strong><br data-start=\"2186\" data-end=\"2189\" \/>Kein Stromanschluss, keine Installation: BIOPOL deckt Bereiche von <strong data-start=\"2267\" data-end=\"2284\">10 bis 60 Metern<\/strong> ab.<br data-start=\"2285\" data-end=\"2288\" \/>Stellen Sie ihn einfach in Ihrer Wohnung, Ihrem B\u00fcro oder einem anderen zu sch\u00fctzenden Raum auf.<\/p>\n<\/li>\n<\/ol>\n<h3 data-start=\"2383\" data-end=\"2415\">\u26a1 <strong data-start=\"2389\" data-end=\"2413\">Die wichtigsten Vorteile<\/strong>:<\/h3>\n<ul data-start=\"2416\" data-end=\"2729\">\n<li data-start=\"2416\" data-end=\"2500\">\n<p data-start=\"2418\" data-end=\"2500\">Es harmonisiert <strong data-start=\"2428\" data-end=\"2497\">Elektrosmog, 3G\/4G\/5G, Radon, Wasseradern und terrestrische Strahlung<\/strong>.<\/p>\n<\/li>\n<li data-start=\"2501\" data-end=\"2555\">\n<p data-start=\"2503\" data-end=\"2555\">Leichteres, vitales und biologisch aktives Wasser.<\/p>\n<\/li>\n<li data-start=\"2556\" data-end=\"2609\">\n<p data-start=\"2558\" data-end=\"2609\">Es verbessert die Schlafqualit\u00e4t und reduziert Stress.<\/p>\n<\/li>\n<li data-start=\"2610\" data-end=\"2675\">\n<p data-start=\"2612\" data-end=\"2675\">Unterst\u00fctzt das Immunsystem und die Zellregeneration.<\/p>\n<\/li>\n<li data-start=\"2676\" data-end=\"2729\">\n<p data-start=\"2678\" data-end=\"2729\">Keine Wartung, kontinuierliche und nat\u00fcrliche Wirkung.<\/p>\n<\/li>\n<\/ul>\n","protected":false},"excerpt":{"rendered":"<ul>\n<li data-start=\"2778\" data-end=\"2862\">\n<p data-start=\"2780\" data-end=\"2862\">Es harmonisiert <strong data-start=\"2790\" data-end=\"2859\">Elektrosmog, 3G\/4G\/5G, Radon, Grundwasser und terrestrische Strahlung.<\/strong><\/p>\n<\/li>\n<li data-start=\"2863\" data-end=\"2911\">\n<p data-start=\"2865\" data-end=\"2911\">Belebt das Wasser und <strong data-start=\"2887\" data-end=\"2908\">reduziert Kalkablagerungen<\/strong>.<\/p>\n<\/li>\n<li data-start=\"2912\" data-end=\"2972\">\n<p data-start=\"2914\" data-end=\"2972\">Es sch\u00fctzt K\u00f6rper und Geist, verbessert die <strong data-start=\"2950\" data-end=\"2969\">Energie und den Schlaf.<\/strong><\/p>\n<\/li>\n<li data-start=\"2973\" data-end=\"3040\">\n<p data-start=\"2975\" data-end=\"3040\">Keine Installation, funktioniert in einem Radius von bis zu <strong data-start=\"3025\" data-end=\"3037\">60 Metern<\/strong>.<\/p>\n<\/li>\n<li data-start=\"3041\" data-end=\"3115\">\n<p data-start=\"3043\" data-end=\"3115\"><strong data-start=\"3058\" data-end=\"3079\">Quantenfeldtechnologie<\/strong> f\u00fcr Gleichgewicht und nat\u00fcrliche Gesundheit.<\/p>\n<\/li>\n<\/ul>\n","protected":false},"featured_media":9288,"template":"","meta":{"_joinchat":[]},"product_brand":[],"product_cat":[185,173],"product_tag":[],"class_list":{"0":"post-223","1":"product","2":"type-product","3":"status-publish","4":"has-post-thumbnail","6":"product_cat-biopol-1","7":"product_cat-gesundes-wasser","9":"first","10":"instock","11":"virtual","12":"taxable","13":"purchasable","14":"product-type-simple"},"_links":{"self":[{"href":"https:\/\/www.cosmolife.it\/de\/wp-json\/wp\/v2\/product\/223","targetHints":{"allow":["GET"]}}],"collection":[{"href":"https:\/\/www.cosmolife.it\/de\/wp-json\/wp\/v2\/product"}],"about":[{"href":"https:\/\/www.cosmolife.it\/de\/wp-json\/wp\/v2\/types\/product"}],"wp:featuredmedia":[{"embeddable":true,"href":"https:\/\/www.cosmolife.it\/de\/wp-json\/wp\/v2\/media\/9288"}],"wp:attachment":[{"href":"https:\/\/www.cosmolife.it\/de\/wp-json\/wp\/v2\/media?parent=223"}],"wp:term":[{"taxonomy":"product_brand","embeddable":true,"href":"https:\/\/www.cosmolife.it\/de\/wp-json\/wp\/v2\/product_brand?post=223"},{"taxonomy":"product_cat","embeddable":true,"href":"https:\/\/www.cosmolife.it\/de\/wp-json\/wp\/v2\/product_cat?post=223"},{"taxonomy":"product_tag","embeddable":true,"href":"https:\/\/www.cosmolife.it\/de\/wp-json\/wp\/v2\/product_tag?post=223"}],"curies":[{"name":"wp","href":"https:\/\/api.w.org\/{rel}","templated":true}]}}