{"id":233,"date":"2016-06-16T13:22:15","date_gmt":"2016-06-16T13:22:15","guid":{"rendered":"https:\/\/cosmolife.it\/?product=biopol-2-20mt-5g"},"modified":"2026-03-17T11:43:15","modified_gmt":"2026-03-17T09:43:15","slug":"biopol-2-20mt-5g-1","status":"publish","type":"product","link":"https:\/\/www.cosmolife.it\/de\/prodotto\/biopol-2-20mt-5g-1\/","title":{"rendered":"Biopol +2 (20m) 5G"},"content":{"rendered":"<div>\n<p>Wir alle sind buchst\u00e4blich in Elektrosmog eingetaucht. Die verschiedenen Arten der Umweltverschmutzung nehmen st\u00e4ndig zu; die sch\u00e4dlichen Folgen f\u00fcr die Gesundheit unseres Organismus sind inzwischen medizinisch erwiesen. Dank Biopol reagiert der Organismus kaum noch auf die Verschmutzung durch verschiedene Arten von Strahlung. Durch das quantenphysikalische und immaterielle Gleichgewicht der Schwingungen in der Umgebung entsteht ein Energiemuster im Einklang mit der Natur. Ein weiterer Wirkungsbereich von Biopol ist die bioenergetische Vitalisierung von Wasser. Biopol macht das Trinkwasser aus dem Wasserhahn in seinem gesamten Bereich bioenergetisch und nicht nur dort, wo es sich befindet. Dar\u00fcber hinaus bewirkt Biopol eine Kalkumwandlung in den Wasserleitungen und macht es weicher und schmackhafter, was gleichzeitig die Lebensqualit\u00e4t und die Gesundheit erh\u00f6ht.<\/p>\n<p>&nbsp;<\/p>\n<p><b>Die wichtigsten Funktionen:<\/b><\/p>\n<ul>\n<li>keine Steckdosen oder Batterien erforderlich<\/li>\n<li>ist sofort wirksam<\/li>\n<li>hat eine 10-j\u00e4hrige Funktionsgarantie<\/li>\n<li>hat eine effektive Reichweite von 10 bis 60m<\/li>\n<\/ul>\n<p>&nbsp;<\/p>\n<p><b>Weitere Informationen:<\/b><\/p>\n<p>BIOPOL HARMONISIERT JEDE STRAHLUNG.<br \/>\nBIOPOL erzeugt BIOENERGETISCHE WASSERVITALISIERUNG.<br \/>\nBIOPOL reduziert Kalkablagerungen und das Wasser wird weich.<br \/>\nBIOPOL bietet LEBENSQUALIT\u00c4T UND GESUNDHEIT.<br \/>\nDer BIOPOL ben\u00f6tigt weder Steckdosen noch Batterien.<br \/>\nDer BIOPOL muss nur eingesteckt werden und ist SOFORT WIRKEND.<br \/>\nDer BIOPOL hat eine 10-j\u00e4hrige Funktionsgarantie!<br \/>\nDer BIOPOL hat eine effektive Reichweite von 10, 20, 40 oder 60 Metern in alle Richtungen (Kugelform).<\/p>\n<p>I. <span style=\"text-decoration: underline;\">Wirkung: Harmonisiert alle Arten von Strahlung.<\/span><br \/>\nWir alle sind buchst\u00e4blich in Elektrosmog eingetaucht. Die verschiedenen Arten der Verschmutzung nehmen immer mehr zu; die sch\u00e4dlichen Folgen f\u00fcr die Gesundheit unseres Organismus sind inzwischen medizinisch erwiesen. Nicht umsonst warnen EU-Experten vor genetischen Mutationen und dem absch\u00e4tzbaren Risiko, durch Elektrosmog (Satellitensender, Handysender, Satellitensch\u00fcsseln, Mikrowellen usw.) an Krebs zu erkranken. Auch die vorhandene nat\u00fcrliche terrestrische Strahlung verursacht Schlaflosigkeit, Alptr\u00e4ume, Migr\u00e4ne, geschwollene Gliedma\u00dfen, Leuk\u00e4mie, Krebs, usw. BIOPOL ist in der Lage, alle Arten von Strahlung bioenergetisch zu harmonisieren, indem es sie auf ein nat\u00fcrliches Niveau f\u00fcr den menschlichen K\u00f6rper bringt. Dies bietet die M\u00f6glichkeit, gegen krebserregende und gesundheitssch\u00e4dliche Strahlung vorzugehen. (W\u00fcnschelruteng\u00e4nger sind nicht mehr in der Lage, Erdstrahlen und Wasseradern in der Wirkungszone von BIOPOL zu orten). KEIN KREBS OHNE ERDSTRAHLEN! (Freiherr von Pohl, 1929). Dank seiner quantenphysikalischen Struktur arbeitet BIOPOL ohne Strom und ist autark. Seine signifikanten und einzigartigen Eigenschaften sprechen f\u00fcr sich! Seine Anwendung verursacht keine Kosten f\u00fcr Energie, Wartung oder Haltbarkeit. Dank BIOPOL reagiert der K\u00f6rper kaum auf die Belastung durch verschiedenste Strahlungsarten. Mit dem quantenphysikalischen und immateriellen Gleichgewicht der Schwingungen in der Umgebung bildet sich ein Energiemuster im Einklang mit der Natur<\/p>\n<p>II. <span style=\"text-decoration: underline;\">Wirkung: bioenergetisch vitalisiertes Wasser.<\/span><br \/>\nBIOPOL macht das Trinkwasser aus dem Wasserhahn in seiner gesamten Bandbreite bioenergetisch und nicht nur dort, wo es ist. Durch das Trinken von bioenergetischem Wasser k\u00f6nnen viele Krankheitsbilder \u00fcberwunden werden. Lebendiges&#8216; Wasser kann den Organismus schnell entgiften (bioenergetisch messbar), ohne auf Chemikalien zur\u00fcckgreifen zu m\u00fcssen (Dr. med. Batmangelidj). Es wird empfohlen, kein gelagertes Mineralwasser und insbesondere keine ges\u00fc\u00dften, konservierten und kohlens\u00e4urehaltigen Getr\u00e4nke zu trinken. Es wird empfohlen, jeden Tag bioenergetisches und &#8218;rechtsdrehendes&#8216; Wasser zu trinken: 0,3 Liter pro 10 Kilogramm K\u00f6rpergewicht! Ihr K\u00f6rper und Ihre Gesundheit werden davon profitieren. Au\u00dfergew\u00f6hnlich f\u00fcr die Zubereitung von Speisen und Getr\u00e4nken, f\u00fcr die Aktivierung von Biophotonen und f\u00fcr sanfte W\u00e4sche. Herk\u00f6mmliche Wasseraktivatoren, auch solche, die mit Magnetismus arbeiten, erreichen einen Energieanstieg im Wasser von bis zu 27.000 Bovis-Einheiten; dieser Anstieg wird einige Stunden nach dem Wasserbezug deutlich reduziert und verschwindet vollst\u00e4ndig, sobald das Wasser auf \u00fcber 70\u00b0 erhitzt wird. Im Durchschnitt hat das Wasser, von einigen Ausnahmen abgesehen, 3.500-7.000 Bovis-Einheiten. Gutes Quellwasser hat 26.000. Das urspr\u00fcngliche Wasser von Lourdes (Frankreich) hat 27.360 (Dr. Kohfink, Exahertzmultimeter). Mit BIOPOL k\u00f6nnen mindestens 25.000 Bovis-Einheiten gewonnen werden, um 65.000 zu erreichen. Der in der Pipeline erzielte Energiezuwachs bleibt immer erhalten! Sogar beim Kochen! DAS IST AUSSERGEW\u00d6HNLICH!<\/p>\n<p>III. <span style=\"text-decoration: underline;\">Wirkung: Verwandelt das Leitungswasser in Wasser<\/span><br \/>\nSobald Sie das BIOPOL,12x6x3 cm Ger\u00e4t im Raum aufh\u00e4ngen, wirkt es sofort mit all seinen Eigenschaften. Das bedeutet, dass das Leitungswasser bioenergetisch strukturiert und dextrovertiert ist: es f\u00fchlt sich weich an und schmeckt gut. Es bilden sich keine unangenehmen kristallinen Kalkablagerungen mehr auf Fliesen, Sanit\u00e4rkeramik, Wasserkochern oder Geschirr. Kalkablagerungen in Form von Staub und k\u00f6nnen von zug\u00e4nglichen Teilen ohne Chemikalien entfernt werden (Ionenaustauscher). Die bereits vorhandenen Verkrustungen l\u00f6sen sich allm\u00e4hlich von selbst auf. In kurzer Zeit verwandelt BIOPOL das normalerweise schmutzige und dunkle Zentralheizungswasser in klares, geruchloses Wasser, das somit auf nat\u00fcrliche Weise f\u00fcr die Verwendung in der Heizung optimiert ist.<\/p>\n<p>IV. <span style=\"text-decoration: underline;\">Wirkung: Lebensqualit\u00e4t und Gesundheit<\/span><br \/>\nL (Dr. Hartmuth M\u00fcller). Der Biopol ist ein multifunktionales Ger\u00e4t, das durch die Erforschung und sorgf\u00e4ltige Nutzung der \u00e4therischen Gravitationswellen entstanden ist, die seit Anbeginn des Universums vorhanden sind, denen aber bisher nur wenige Wissenschaftler Aufmerksamkeit geschenkt haben. In unserem K\u00f6rper befinden sich diese Wellen in nat\u00fcrlicher Harmonie mit dem K\u00f6rper, im Gegensatz zum sch\u00e4dlichen Elektrosmog insgesamt, der vor allem durch die Emissionen von Mobiltelefonen und Induktionsherden verursacht wird. Wasser mit dem von BIOPOL umgewandelten Kalzium und Magnesium ist energetisch geschickt. Es bilden sich keine unangenehmen kristallinen Kalkablagerungen mehr auf Fliesen, Wasserh\u00e4hnen oder Ger\u00e4ten. Kalzium und Magnesium lagern sich in Form von Staub ab und k\u00f6nnen ohne den Einsatz von Chemikalien von zug\u00e4nglichen Teilen entfernt werden. In nur wenigen Tagen verwandelt BIOPOL das normalerweise schmutzige und dunkle Zentralheizungswasser in klares Wasser. Wenn Reparaturen an der Zentralheizung erforderlich sind, wird nichts mehr verschmutzt. Dank der erh\u00f6hten internen Energie sparen Sie 6-8% der Heizkosten. Leitungswasser schmeckt wie Quellwasser (Dr. med. Batmangheligj). BIOPOL-Wasser ist bioenergetisch, weich und harmonisch. Speisen und Getr\u00e4nke, die mit diesem Wasser zubereitet werden, schmecken besser als solche, die nur mit Leitungswasser zubereitet werden. Rechtsdrehendes Wasser ist in der Lage, den Kolibakterien den Lebensraum zu nehmen. Der Wasserbedarf unseres K\u00f6rpers sollte nur mit bioenergetisch aktivem Wasser gedeckt werden (ca. 0,3 Liter pro Tag und 10 Kilo K\u00f6rpergewicht). Die wichtigste Funktion, die das Wasser in unserem Organismus erf\u00fcllt, ist die REINIGUNGSFUNKTION. Wasser mit BIOPOL ist ultrakolloidales Wasser mit einer gr\u00f6\u00dferen Oberfl\u00e4che (Photonenkorrelationsspektrometer). Wasser mit einer sehr gro\u00dfen inneren Oberfl\u00e4che ist f\u00fcr den Stoffwechsel von immenser Bedeutung: Es ist das Wasser, das N\u00e4hrstoffe in unsere Zellen transportiert und Stoffwechselendprodukte abtransportiert. Wasser ist in allen Zellen, im Blut, in der Lymphe und sogar in den Knochen vorhanden. Mit BIOPOL energetisiertes Wasser kann auch gegen Blutgerinnsel wirken, insbesondere nach dem Verzehr von gekochten oder in der Mikrowelle erhitzten Speisen (Dr. Hertl). BIOPOL-Wasser erh\u00f6ht den Sauerstofftransport in den K\u00f6rperfl\u00fcssigkeiten, was zu mehr Vitalit\u00e4t und einer besseren Lebensqualit\u00e4t f\u00fchrt. Wasser mit BIOPOL hat eine niedrige Oberfl\u00e4chenspannung (Tensiometer). Wasser mit einer niedrigen Oberfl\u00e4chenspannung verd\u00fcnnt die Magens\u00e4fte nicht wie normales Leitungswasser und Mineralwasser. Es ist sofort BIODISPOSIERBAR und muss nicht wie normales Leitungswasser oder Mineralwasser strukturiert werden, um verdaut zu werden. Die Nahrungsverwertung wird dadurch erheblich verbessert. Wasser mit BIOPOL moduliert die Schumann-Wellen Dank der sogenannten Schumann-Wellen ist jeder Mensch immer in Resonanz mit der Erde; die Grundfrequenzen des Gehirns stimmen mit der Resonanzfrequenz der Erde \u00fcberein (Prof. K\u00f6nig, Techn.Uni.M\u00fcnchen). Schlafst\u00f6rungen k\u00f6nnen stark reduziert oder sogar beseitigt werden. Resonanz-, Reflexions- und Frequenzmethoden werden auch in der Medizin immer beliebter. BIOPOL sorgt f\u00fcr eine hohe Ionisierung (Air-Ion-Analyzer) BIOPOL wandelt die Luft in R\u00e4umen schnell um und macht sie angenehm frisch, indem es die Luftionisierung erh\u00f6ht. Raucher best\u00e4tigen, dass die Luft in B\u00fcros und Wohnungen frisch ist, besonders in den fr\u00fchen Morgenstunden. Die Anwesenheit von Rauchern in der Umgebung ist fast nicht mehr wahrnehmbar und die Lebensqualit\u00e4t steigt. BIOPOL harmonisiert Elektrosmog (Elektro-Smog-Analysator) BIOPOL ist in der Lage, vor klinisch nachgewiesenen Gesundheitssch\u00e4den zu sch\u00fctzen, die im menschlichen Organismus durch Strahlung von Mobiltelefonen, Satelliten-, Verkehrs- und Milit\u00e4rsendern, Computerstrahlung, Magnet- und Wechselstromfeldern, Wasser- und Erdstrahlen verursacht werden. Durch die Harmonisierung des Elektrosmogs, in den wir buchst\u00e4blich eingetaucht sind, wird das k\u00f6rperliche Wohlbefinden erheblich gesteigert und das Immunsystem gest\u00e4rkt. BIOPOL revitalisiert und strukturiert JEDES Wasser, in JEDER Leitung, \u00fcberall im Haus, im Garten, im Schwimmbad im Umkreis von etwa 60 Metern und nicht nur um den Z\u00e4hler herum. Das von BIOPOL belebte Wasser beh\u00e4lt seine Qualit\u00e4t trotz Wechselstromfeldern, Feuerung und UMTS-Strahlung, im Gegensatz zu anderen W\u00e4ssern, die nur punktuell durch einen Zirkulationsprozess (Exahertzmeter) belebt werden.<\/p>\n<p>Ma\u00dfe: 43mmx78mmx160mm<\/p>\n<p>&nbsp;<\/p>\n<p><b>Verschiedene Typen:<\/b><\/p>\n<p>Biopol +1 (10m), Biopol +4 (40m), Biopol +6 (60m)<\/p>\n<\/div>\n","protected":false},"excerpt":{"rendered":"<div>\n<p>Was macht Biopol?<\/p>\n<ul>\n<li>BELEBT WASSER<\/li>\n<li>REDUZIERT KALKABLAGERUNGEN<\/li>\n<li>HARMONISIEREN<br \/>\n- ERDSTRAHLEN<br \/>\n- GRUNDWASSER<br \/>\n- ELEKTROSMOG<br \/>\n- RADON<\/li>\n<li>Gr\u00f6\u00dfe: 43mmx78mmx160mmInterview mit Egon Heiss und Tom Bosco:<br \/>\n<a href=\"https:\/\/www.youtube.com\/watch?v=CFgU-h87RKE\" target=\"_blank\" rel=\"noopener\">Elektrosmog und globale Erw\u00e4rmung: Egon Heiss mit Tom Bosco BN PODCAST<\/a><\/li>\n<\/ul>\n<\/div>\n","protected":false},"featured_media":5050,"template":"","meta":{"_joinchat":[]},"product_brand":[],"product_cat":[185],"product_tag":[],"class_list":{"0":"post-233","1":"product","2":"type-product","3":"status-publish","4":"has-post-thumbnail","6":"product_cat-biopol-1","8":"first","9":"instock","10":"taxable","11":"shipping-taxable","12":"purchasable","13":"product-type-simple"},"_links":{"self":[{"href":"https:\/\/www.cosmolife.it\/de\/wp-json\/wp\/v2\/product\/233","targetHints":{"allow":["GET"]}}],"collection":[{"href":"https:\/\/www.cosmolife.it\/de\/wp-json\/wp\/v2\/product"}],"about":[{"href":"https:\/\/www.cosmolife.it\/de\/wp-json\/wp\/v2\/types\/product"}],"wp:featuredmedia":[{"embeddable":true,"href":"https:\/\/www.cosmolife.it\/de\/wp-json\/wp\/v2\/media\/5050"}],"wp:attachment":[{"href":"https:\/\/www.cosmolife.it\/de\/wp-json\/wp\/v2\/media?parent=233"}],"wp:term":[{"taxonomy":"product_brand","embeddable":true,"href":"https:\/\/www.cosmolife.it\/de\/wp-json\/wp\/v2\/product_brand?post=233"},{"taxonomy":"product_cat","embeddable":true,"href":"https:\/\/www.cosmolife.it\/de\/wp-json\/wp\/v2\/product_cat?post=233"},{"taxonomy":"product_tag","embeddable":true,"href":"https:\/\/www.cosmolife.it\/de\/wp-json\/wp\/v2\/product_tag?post=233"}],"curies":[{"name":"wp","href":"https:\/\/api.w.org\/{rel}","templated":true}]}}