{"id":269,"date":"2016-06-16T13:22:16","date_gmt":"2016-06-16T13:22:16","guid":{"rendered":"https:\/\/cosmolife.it\/?product=biosa-herbs-5lt-landwirtschaft-garten"},"modified":"2026-01-20T01:36:46","modified_gmt":"2026-01-19T23:36:46","slug":"biosa-herbs-5lt-landwirtschaft-garten","status":"publish","type":"product","link":"https:\/\/www.cosmolife.it\/de\/prodotto\/biosa-herbs-5lt-landwirtschaft-garten\/","title":{"rendered":"Biosa Herbs 5lt (Landwirtschaft &amp; Garten)"},"content":{"rendered":"<div>\n<p>Biosa Herbs ist ein Konzentrat, das durch einen Fermentationsprozess auf der Grundlage von Milchenzymkulturen und Rohrmelasse mit einer speziellen Kr\u00e4utermischung hergestellt wird; ein nat\u00fcrlicher Fermentationsprozess, wie er auch bei der Herstellung von Lebensmitteln verwendet wird. Terra Biosa kann daher sicher im Nahrungskreislauf verwendet werden, f\u00fcr Pflanzen, Tiere, Menschen, auf dem Land und zu Hause. <\/p>\n<p>Biosa Herbs kann auch bedenkenlos zur Regeneration von Wasser und Abwasser eingesetzt werden.<\/p>\n<p><strong>Weitere Informationen:<\/strong><\/p>\n<p>Biosa Herbs ist ein Konzentrat, das durch einen Fermentationsprozess auf der Grundlage von Milchenzymkulturen und Rohrmelasse mit einer speziellen Kr\u00e4utermischung hergestellt wird; ein nat\u00fcrlicher Fermentationsprozess, wie er auch bei der Herstellung von Lebensmitteln verwendet wird. Terra Biosa kann daher sicher im Nahrungskreislauf verwendet werden, f\u00fcr Pflanzen, Tiere, Menschen, auf dem Land und zu Hause. <\/p>\n<p>Biosa Herbs kann auch bedenkenlos zur Regeneration von Wasser und Abwasser eingesetzt werden.<\/p>\n<p>Biosa Herbs ist ein reines Naturprodukt.<\/p>\n<\/div>\n","protected":false},"excerpt":{"rendered":"<p><strong>Die wichtigsten Funktionen:<\/strong><\/p>\n<ul>\n<li>Einsparungen bei Waschmitteln<\/li>\n<li>Abwasser nach der Reinigung kann als D\u00fcnger f\u00fcr Blumen und Gem\u00fcse verwendet werden<\/li>\n<li>f\u00f6rdert die Bildung von Humus<\/li>\n<li>f\u00f6rdert die Vitalit\u00e4t und Gesundheit der Pflanzen<\/li>\n<li>reines Naturprodukt<\/li>\n<\/ul>\n","protected":false},"featured_media":271,"template":"","meta":{"_joinchat":[]},"product_brand":[135],"product_cat":[203,141,189],"product_tag":[],"class_list":{"0":"post-269","1":"product","2":"type-product","3":"status-publish","4":"has-post-thumbnail","6":"product_brand-cosmolife-de","7":"product_cat-gesundheit-der-grosstiere-haustiere","8":"product_cat-haushalt","9":"product_cat-terra-biosa-1","11":"first","12":"instock","13":"taxable","14":"shipping-taxable","15":"purchasable","16":"product-type-simple"},"_links":{"self":[{"href":"https:\/\/www.cosmolife.it\/de\/wp-json\/wp\/v2\/product\/269","targetHints":{"allow":["GET"]}}],"collection":[{"href":"https:\/\/www.cosmolife.it\/de\/wp-json\/wp\/v2\/product"}],"about":[{"href":"https:\/\/www.cosmolife.it\/de\/wp-json\/wp\/v2\/types\/product"}],"wp:featuredmedia":[{"embeddable":true,"href":"https:\/\/www.cosmolife.it\/de\/wp-json\/wp\/v2\/media\/271"}],"wp:attachment":[{"href":"https:\/\/www.cosmolife.it\/de\/wp-json\/wp\/v2\/media?parent=269"}],"wp:term":[{"taxonomy":"product_brand","embeddable":true,"href":"https:\/\/www.cosmolife.it\/de\/wp-json\/wp\/v2\/product_brand?post=269"},{"taxonomy":"product_cat","embeddable":true,"href":"https:\/\/www.cosmolife.it\/de\/wp-json\/wp\/v2\/product_cat?post=269"},{"taxonomy":"product_tag","embeddable":true,"href":"https:\/\/www.cosmolife.it\/de\/wp-json\/wp\/v2\/product_tag?post=269"}],"curies":[{"name":"wp","href":"https:\/\/api.w.org\/{rel}","templated":true}]}}