{"id":299,"date":"2016-06-16T13:22:17","date_gmt":"2016-06-16T13:22:17","guid":{"rendered":"https:\/\/cosmolife.it\/?product=magendarm-kur-45-tage-sparpakete"},"modified":"2026-01-20T01:36:36","modified_gmt":"2026-01-19T23:36:36","slug":"magendarm-kur-45-tage-sparpakete","status":"publish","type":"product","link":"https:\/\/www.cosmolife.it\/de\/prodotto\/magendarm-kur-45-tage-sparpakete\/","title":{"rendered":"Darmpflege - 45 Tage"},"content":{"rendered":"<div>\n<p data-start=\"2002\" data-end=\"2114\">Das <strong data-start=\"2005\" data-end=\"2037\">Darmgesundheitspaket<\/strong> kombiniert drei leistungsstarke Produkte, die sich gegenseitig optimal erg\u00e4nzen:<\/p>\n<ul data-start=\"2116\" data-end=\"2878\">\n<li data-start=\"2116\" data-end=\"2384\">\n<p data-start=\"2118\" data-end=\"2384\"><strong data-start=\"2118\" data-end=\"2196\">Vita Biosa (Fermentiertes Kr\u00e4uterkonzentrat mit Mikroorganismen - Probiotika)<\/strong><br data-start=\"2196\" data-end=\"2199\">Ein mit lebenden Milchkulturen und Heilkr\u00e4utern fermentiertes biologisches Tonikum, das <strong data-start=\"2279\" data-end=\"2325\">die Darmflora wiederherstellt und st\u00e4rkt<\/strong>, die Verdauung reguliert und das Immunsystem unterst\u00fctzt.<\/p>\n<\/li>\n<li data-start=\"2386\" data-end=\"2645\">\n<p data-start=\"2388\" data-end=\"2645\"><strong data-start=\"2388\" data-end=\"2439\">Darmreinigungspulver (Pr\u00e4biotika)<\/strong><br data-start=\"2439\" data-end=\"2442\">Eine synergistische Mischung aus Ballaststoffen, Enzymen, Probiotika und Pflanzenextrakten. F\u00f6rdert die <strong data-start=\"2529\" data-end=\"2549\">sanfte Reinigung<\/strong>, regeneriert die Darmschleimhaut und liefert Pr\u00e4biotika als Nahrung f\u00fcr n\u00fctzliche Bakterien. <\/p>\n<\/li>\n<li data-start=\"2647\" data-end=\"2878\">\n<p data-start=\"2649\" data-end=\"2878\"><strong data-start=\"2649\" data-end=\"2671\">Zeolith-Pulver<\/strong><br data-start=\"2671\" data-end=\"2674\">Ein nat\u00fcrliches vulkanisches Mineral mit <strong data-start=\"2709\" data-end=\"2746\">gro\u00dfer Toxin-Bindungskapazit\u00e4t<\/strong>. Es hilft, Schwermetalle, Ammonium und andere sch\u00e4dliche Substanzen zu binden und auszuscheiden und unterst\u00fctzt so die Entgiftung des K\u00f6rpers. <\/p>\n<\/li>\n<\/ul>\n<p data-start=\"2880\" data-end=\"3190\"><strong data-start=\"2880\" data-end=\"2896\">Die Synergie:<\/strong><br data-start=\"2896\" data-end=\"2899\">Dieses Paket kombiniert <strong data-start=\"2923\" data-end=\"2944\">Reinigung (Zeolith)<\/strong>, <strong data-start=\"2946\" data-end=\"3002\">Wiederaufbau (Darmpulver Pr\u00e4biotika)<\/strong> und <strong data-start=\"3005\" data-end=\"3049\">St\u00e4rkung (Vita Biosa Probiotika).<\/strong> Das Ergebnis ist ein umfassendes <strong data-start=\"3091\" data-end=\"3123\">Darmregenerationsprogramm<\/strong>, das die Energie, das Immunsystem und das allgemeine Wohlbefinden unterst\u00fctzt. <\/p>\n<\/div>\n","protected":false},"excerpt":{"rendered":"<div>\n<ul>\n<li data-start=\"3462\" data-end=\"3581\">\n<p data-start=\"3464\" data-end=\"3581\">Enth\u00e4lt <strong data-start=\"3472\" data-end=\"3496\">1 \u00d7 Vita Biosa (1 L)<\/strong>, <strong data-start=\"3498\" data-end=\"3524\">1 \u00d7 Vita Biosa (0,5 L)<\/strong>, <strong data-start=\"3526\" data-end=\"3549\">1 \u00d7 Zeolith (100 g)<\/strong>, <strong data-start=\"3551\" data-end=\"3578\">1 \u00d7 Darmpulver<\/strong>.<\/p>\n<\/li>\n<li data-start=\"3582\" data-end=\"3650\">\n<p data-start=\"3584\" data-end=\"3650\">Vollst\u00e4ndiges Programm: <strong data-start=\"3604\" data-end=\"3647\">S\u00e4uberung - Wiederaufbau - St\u00e4rkung<\/strong>.<\/p>\n<\/li>\n<li data-start=\"3651\" data-end=\"3705\">\n<p data-start=\"3653\" data-end=\"3705\">F\u00f6rdert die Verdauung, das Immunsystem und die Entgiftung.<\/p>\n<\/li>\n<li data-start=\"3706\" data-end=\"3763\">\n<p data-start=\"3708\" data-end=\"3763\">Praktische Formel, ideal f\u00fcr den <strong data-start=\"3737\" data-end=\"3760\">Einstieg oder eine kurze Kur<\/strong>.<\/p>\n<\/li>\n<li data-start=\"3764\" data-end=\"3818\">\n<p data-start=\"3766\" data-end=\"3818\">Unterst\u00fctzt die Energie, das Gleichgewicht und die Darmgesundheit.<\/p>\n<\/li>\n<\/ul>\n<\/div>\n","protected":false},"featured_media":301,"template":"","meta":{"_joinchat":[]},"product_brand":[135],"product_cat":[219,175,197,147],"product_tag":[],"class_list":{"0":"post-299","1":"product","2":"type-product","3":"status-publish","4":"has-post-thumbnail","6":"product_brand-cosmolife-de","7":"product_cat-sparpakete","8":"product_cat-vitabiosa-1","9":"product_cat-vitamine-1","10":"product_cat-zeolith","12":"first","13":"instock","14":"sale","15":"taxable","16":"shipping-taxable","17":"purchasable","18":"product-type-simple"},"_links":{"self":[{"href":"https:\/\/www.cosmolife.it\/de\/wp-json\/wp\/v2\/product\/299","targetHints":{"allow":["GET"]}}],"collection":[{"href":"https:\/\/www.cosmolife.it\/de\/wp-json\/wp\/v2\/product"}],"about":[{"href":"https:\/\/www.cosmolife.it\/de\/wp-json\/wp\/v2\/types\/product"}],"wp:featuredmedia":[{"embeddable":true,"href":"https:\/\/www.cosmolife.it\/de\/wp-json\/wp\/v2\/media\/301"}],"wp:attachment":[{"href":"https:\/\/www.cosmolife.it\/de\/wp-json\/wp\/v2\/media?parent=299"}],"wp:term":[{"taxonomy":"product_brand","embeddable":true,"href":"https:\/\/www.cosmolife.it\/de\/wp-json\/wp\/v2\/product_brand?post=299"},{"taxonomy":"product_cat","embeddable":true,"href":"https:\/\/www.cosmolife.it\/de\/wp-json\/wp\/v2\/product_cat?post=299"},{"taxonomy":"product_tag","embeddable":true,"href":"https:\/\/www.cosmolife.it\/de\/wp-json\/wp\/v2\/product_tag?post=299"}],"curies":[{"name":"wp","href":"https:\/\/api.w.org\/{rel}","templated":true}]}}