{"id":303,"date":"2016-06-16T13:22:17","date_gmt":"2016-06-16T13:22:17","guid":{"rendered":"https:\/\/cosmolife.it\/?product=biosa-animal"},"modified":"2026-01-20T01:36:39","modified_gmt":"2026-01-19T23:36:39","slug":"biosa-animal-1","status":"publish","type":"product","link":"https:\/\/www.cosmolife.it\/de\/prodotto\/biosa-animal-1\/","title":{"rendered":"Biosa Tier"},"content":{"rendered":"<div>\n<p>Animal Biosa ist ein Konzentrat aus einem Fermentationsprozess, der auf Kulturen von Milchenzymen und Kr\u00e4utern basiert. Die spezielle Symbiose von Mikroorganismen st\u00e4rkt das Immunsystem der behandelten Organismen und hilft, pathogene Keime zu vertreiben. Sobald sich der Organismus stabilisiert hat, verhindert der pH-Wert von 3,5 die Ansiedlung von Krankheitserregern; in einem solchen Milieu finden sie keine geeigneten Lebensbedingungen.  <\/p>\n<p><b>Weitere Informationen:<\/b><\/p>\n<p>Pflanzliches Probiotikum f\u00fcr alle Tiere Reguliert die Darmflora und st\u00e4rkt das Immunsystem Animal Biosa ist ein Konzentrat aus einem Fermentationsprozess auf der Basis von Milchenzym- und Kr\u00e4uterkulturen.<br \/>\nDie spezielle Symbiose von Mikroorganismen f\u00f6rdert das Immunsystem der behandelten Organismen und hilft, Krankheitserreger zu vertreiben. Sobald sich der Organismus stabilisiert hat, verhindert der pH-Wert von 3,5 die Ansiedlung von Krankheitserregern; in einem solchen Milieu finden sie keine geeigneten Lebensbedingungen. Die Fermentierung der Kr\u00e4uter sorgt f\u00fcr einen hohen Gehalt an Antioxidantien. Der hohe Gehalt an Antioxidantien, wie sie in der Mikrosymbiose vorkommen, ist auch f\u00fcr die Resistenz gegen Parasiten entscheidend.<br \/>\nSie wirken auch gegen die Entstehung von freien Radikalen und f\u00f6rdern die Entgiftung des K\u00f6rpers. Animal Biosa ist ein wirksamer Appetitanreger. Der niedrige pH-Wert in Animal Biosa verleiht dem Futter einen frischen, sauren Geruch und regt die Gefr\u00e4\u00dfigkeit der Tiere an. Die Milchenzyme haben eine positive Wirkung auf die Darmflora der Tiere. Animal Biosa wird zur Silierung von Gras, Mais, Getreide und R\u00fcben verwendet. Animal Biosa ist als Futtermittel zugelassen. Das bedeutet, dass es absolut ungiftig ist, weder f\u00fcr Menschen noch f\u00fcr Tiere.         <\/p>\n<p><span style=\"text-decoration: underline;\">Animal Biosa wird hergestellt aus: <\/span><br \/>\nWasser, Rohrmelasse, Glukose, Fruktose, verschiedene Kr\u00e4uter: Anis, S\u00fc\u00dfholzwurzel, Fenchel, Basilikum, Bockshornkleesamen, Dill, Wacholder, schwarzer Holunder, Ingwer, Angelika, Kerbel, Oregano, Pfefferminze, Petersilie, r\u00f6mische Kamille, Rosmarin, Salbei, Brennnessel und Thymian. Milchfermentkulturen: Lactobacillus acidophilus, Bifidobacterium animalis, Streptococcus thermophilus, Lactobacillus casei, Lactobacillus lactis subsp. lactis, Lactobacillus lactis subsp. lactis biov. diacetyllactis, Leuconostoc pseudomesenteroides.    <\/p>\n<p><span style=\"text-decoration: underline;\">Vorbeugen ist besser als bek\u00e4mpfen<\/span><br \/>\nAuch bei Tieren treten Krankheitserreger meist nur in einem geschw\u00e4chten Milieu auf. Durch eine konsequente St\u00e4rkung der Darmflora von Tieren mit Animal Biosa kann Problemen oft wirksam vorgebeugt werden. Beispiele:  <\/p>\n<ul>\n<li>Infektionen der Atmungsorgane<\/li>\n<li>Diarrh\u00f6e<\/li>\n<li>Nagelkrankheiten<\/li>\n<li>Schwangerschaftsprobleme<\/li>\n<li>erh\u00f6hte Zellzahl in der Milch<\/li>\n<li>Allergien<\/li>\n<li>Hautausschl\u00e4ge\u00f9<\/li>\n<\/ul>\n<p>Es muss gesagt werden, dass in unserer Zeit die Veranlagung f\u00fcr viele Krankheiten genetisch bedingt ist und durch die routinem\u00e4\u00dfige Prophylaxe mit Antibiotika oft schon in einem fr\u00fchen Stadium verschlimmert wird. Die Wiederherstellung der nat\u00fcrlichen Mechanismen kann daher l\u00e4nger dauern. <\/p>\n<\/div>\n","protected":false},"excerpt":{"rendered":"<div>\n<p><b>Die wichtigsten Funktionen:<\/b><\/p>\n<ul>\n<li>reguliert die Darmflora<\/li>\n<li>st\u00e4rkt das Immunsystem<\/li>\n<li>hat einen hohen Gehalt an Antioxidantien<\/li>\n<li>wirksamer Appetitanreger<\/li>\n<li>kann auch f\u00fcr Grassilage, Mais, Getreide und R\u00fcben verwendet werden<\/li>\n<\/ul>\n<\/div>\n","protected":false},"featured_media":305,"template":"","meta":{"_joinchat":[]},"product_brand":[135],"product_cat":[177],"product_tag":[],"class_list":{"0":"post-303","1":"product","2":"type-product","3":"status-publish","4":"has-post-thumbnail","6":"product_brand-cosmolife-de","7":"product_cat-animal-biosa-1","9":"first","10":"instock","11":"taxable","12":"shipping-taxable","13":"purchasable","14":"product-type-simple"},"_links":{"self":[{"href":"https:\/\/www.cosmolife.it\/de\/wp-json\/wp\/v2\/product\/303","targetHints":{"allow":["GET"]}}],"collection":[{"href":"https:\/\/www.cosmolife.it\/de\/wp-json\/wp\/v2\/product"}],"about":[{"href":"https:\/\/www.cosmolife.it\/de\/wp-json\/wp\/v2\/types\/product"}],"wp:featuredmedia":[{"embeddable":true,"href":"https:\/\/www.cosmolife.it\/de\/wp-json\/wp\/v2\/media\/305"}],"wp:attachment":[{"href":"https:\/\/www.cosmolife.it\/de\/wp-json\/wp\/v2\/media?parent=303"}],"wp:term":[{"taxonomy":"product_brand","embeddable":true,"href":"https:\/\/www.cosmolife.it\/de\/wp-json\/wp\/v2\/product_brand?post=303"},{"taxonomy":"product_cat","embeddable":true,"href":"https:\/\/www.cosmolife.it\/de\/wp-json\/wp\/v2\/product_cat?post=303"},{"taxonomy":"product_tag","embeddable":true,"href":"https:\/\/www.cosmolife.it\/de\/wp-json\/wp\/v2\/product_tag?post=303"}],"curies":[{"name":"wp","href":"https:\/\/api.w.org\/{rel}","templated":true}]}}