{"id":323,"date":"2016-06-16T13:22:17","date_gmt":"2016-06-16T13:22:17","guid":{"rendered":"https:\/\/cosmolife.it\/?product=vitabiosa-500ml"},"modified":"2026-01-20T01:36:30","modified_gmt":"2026-01-19T23:36:30","slug":"vitabiosa-500ml-1","status":"publish","type":"product","link":"https:\/\/www.cosmolife.it\/de\/prodotto\/vitabiosa-500ml-1\/","title":{"rendered":"VitaBiosa 500ml-"},"content":{"rendered":"<p data-start=\"2456\" data-end=\"2541\"><strong data-start=\"2456\" data-end=\"2539\">Vita Biosa \u2013 Der nat\u00fcrliche Schl\u00fcssel f\u00fcr einen gesunden Darm und neue Energie.<\/strong><\/p>\n<p data-start=\"2543\" data-end=\"2791\">Ein gesunder Darm ist die Grundlage f\u00fcr Vitalit\u00e4t, ein starkes Immunsystem und innere Balance. Mit <strong data-start=\"2642\" data-end=\"2656\">Vita Biosa<\/strong> bringen Sie Ihre Darmflora wieder ins Gleichgewicht \u2013 auf nat\u00fcrliche Weise, ohne Chemie und mit der Kraft biologischer Fermentation.<\/p>\n<p data-start=\"2793\" data-end=\"2925\">Dieses fermentierte Bio-Tonikum enth\u00e4lt <strong data-start=\"2833\" data-end=\"2863\">lebende Milchs\u00e4urekulturen<\/strong> und <strong data-start=\"2868\" data-end=\"2897\">traditionelle Heilkr\u00e4uter<\/strong>, die synergetisch wirken:<\/p>\n<ul data-start=\"2926\" data-end=\"3301\">\n<li data-start=\"2926\" data-end=\"3012\">\n<p data-start=\"2928\" data-end=\"3012\"><strong data-start=\"2928\" data-end=\"2952\">Sanfte Darmreinigung<\/strong>: hilft, R\u00fcckst\u00e4nde zu l\u00f6sen und Giftstoffe auszuscheiden.<\/p>\n<\/li>\n<li data-start=\"3013\" data-end=\"3101\">\n<p data-start=\"3015\" data-end=\"3101\"><strong data-start=\"3015\" data-end=\"3039\">Aufbau der Darmflora<\/strong>: Milchs\u00e4urekulturen regenerieren das nat\u00fcrliche Darmmilieu.<\/p>\n<\/li>\n<li data-start=\"3102\" data-end=\"3208\">\n<p data-start=\"3104\" data-end=\"3208\"><strong data-start=\"3104\" data-end=\"3130\">Stoffwechsel &amp; Energie<\/strong>: eine effiziente Verdauung aktiviert den K\u00f6rper und schenkt neue Vitalit\u00e4t.<\/p>\n<\/li>\n<li data-start=\"3209\" data-end=\"3301\">\n<p data-start=\"3211\" data-end=\"3301\"><strong data-start=\"3211\" data-end=\"3227\">Figur &amp; Haut<\/strong>: innere Reinigung spiegelt sich auch im \u00e4u\u00dferen Erscheinungsbild wider.<\/p>\n<\/li>\n<\/ul>\n<p data-start=\"3303\" data-end=\"3323\"><strong data-start=\"3303\" data-end=\"3321\">Empfohlen f\u00fcr:<\/strong><\/p>\n<ul data-start=\"3324\" data-end=\"3616\">\n<li data-start=\"3324\" data-end=\"3378\">\n<p data-start=\"3326\" data-end=\"3378\">Menschen mit Verdauungsproblemen oder V\u00f6llegef\u00fchl.<\/p>\n<\/li>\n<li data-start=\"3379\" data-end=\"3425\">\n<p data-start=\"3381\" data-end=\"3425\">Bei Allergien, Intoleranzen oder Reizdarm.<\/p>\n<\/li>\n<li data-start=\"3426\" data-end=\"3489\">\n<p data-start=\"3428\" data-end=\"3489\">Bei M\u00fcdigkeit, Hautproblemen oder geschw\u00e4chtem Immunsystem.<\/p>\n<\/li>\n<li data-start=\"3490\" data-end=\"3539\">\n<p data-start=\"3492\" data-end=\"3539\">Nach Antibiotika-Therapien oder Stressphasen.<\/p>\n<\/li>\n<li data-start=\"3540\" data-end=\"3616\">\n<p data-start=\"3542\" data-end=\"3616\">F\u00fcr alle, die ihre Gesundheit auf nat\u00fcrliche Weise unterst\u00fctzen m\u00f6chten.<\/p>\n<\/li>\n<\/ul>\n<p data-start=\"3618\" data-end=\"3658\"><strong data-start=\"3618\" data-end=\"3656\">Was Vita Biosa so besonders macht:<\/strong><\/p>\n<ul data-start=\"3659\" data-end=\"3923\">\n<li data-start=\"3659\" data-end=\"3694\">\n<p data-start=\"3661\" data-end=\"3694\">100 % nat\u00fcrlich und biologisch.<\/p>\n<\/li>\n<li data-start=\"3695\" data-end=\"3746\">\n<p data-start=\"3697\" data-end=\"3746\">Ohne Konservierungsstoffe, Zucker oder Alkohol.<\/p>\n<\/li>\n<li data-start=\"3747\" data-end=\"3788\">\n<p data-start=\"3749\" data-end=\"3788\">Trinkfertig \u2013 keine Verd\u00fcnnung n\u00f6tig.<\/p>\n<\/li>\n<li data-start=\"3789\" data-end=\"3861\">\n<p data-start=\"3791\" data-end=\"3861\">Urspr\u00fcnglich im Auftrag des d\u00e4nischen Umweltministeriums entwickelt.<\/p>\n<\/li>\n<li data-start=\"3862\" data-end=\"3923\">\n<p data-start=\"3864\" data-end=\"3923\">Hergestellt in D\u00e4nemark nach h\u00f6chsten Qualit\u00e4tsstandards.<\/p>\n<\/li>\n<\/ul>\n<p data-start=\"3925\" data-end=\"3976\"><strong data-start=\"3925\" data-end=\"3974\">Vita Biosa \u2013 weil Gesundheit im Darm beginnt.<\/strong><\/p>\n<p data-start=\"3978\" data-end=\"4062\">\ud83d\udce6 Inhalt: 0,5 L<br data-start=\"3994\" data-end=\"3997\" \/>\ud83d\udca7 Empfohlene Dosierung: 20\u201330 ml t\u00e4glich, pur oder mit Wasser<\/p>\n","protected":false},"excerpt":{"rendered":"<div>\n<ul>\n<li data-start=\"4124\" data-end=\"4194\">\n<p data-start=\"4126\" data-end=\"4194\">Fermentiertes Tonikum mit <strong data-start=\"4152\" data-end=\"4174\">Milchs\u00e4urekulturen<\/strong> und Heilkr\u00e4utern.<\/p>\n<\/li>\n<li data-start=\"4195\" data-end=\"4270\">\n<p data-start=\"4197\" data-end=\"4270\">Stellt das <strong data-start=\"4208\" data-end=\"4229\">Darmgleichgewicht<\/strong> wieder her und st\u00e4rkt das Immunsystem.<\/p>\n<\/li>\n<li data-start=\"4271\" data-end=\"4328\">\n<p data-start=\"4273\" data-end=\"4328\">Unterst\u00fctzt Verdauung, Stoffwechsel und neue Energie.<\/p>\n<\/li>\n<li data-start=\"4329\" data-end=\"4398\">\n<p data-start=\"4331\" data-end=\"4398\">100 % biologisch, ohne Zucker, Konservierungsstoffe oder Alkohol.<\/p>\n<\/li>\n<li data-start=\"4399\" data-end=\"4464\">\n<p data-start=\"4401\" data-end=\"4464\">Hergestellt in <strong data-start=\"4416\" data-end=\"4428\">D\u00e4nemark<\/strong> nach h\u00f6chsten Qualit\u00e4tsstandards.<\/p>\n<\/li>\n<\/ul>\n<\/div>\n","protected":false},"featured_media":9088,"template":"","meta":{"_joinchat":[]},"product_brand":[135],"product_cat":[175],"product_tag":[],"class_list":{"0":"post-323","1":"product","2":"type-product","3":"status-publish","4":"has-post-thumbnail","6":"product_brand-cosmolife-de","7":"product_cat-vitabiosa-1","9":"first","10":"instock","11":"taxable","12":"shipping-taxable","13":"purchasable","14":"product-type-simple"},"_links":{"self":[{"href":"https:\/\/www.cosmolife.it\/de\/wp-json\/wp\/v2\/product\/323","targetHints":{"allow":["GET"]}}],"collection":[{"href":"https:\/\/www.cosmolife.it\/de\/wp-json\/wp\/v2\/product"}],"about":[{"href":"https:\/\/www.cosmolife.it\/de\/wp-json\/wp\/v2\/types\/product"}],"wp:featuredmedia":[{"embeddable":true,"href":"https:\/\/www.cosmolife.it\/de\/wp-json\/wp\/v2\/media\/9088"}],"wp:attachment":[{"href":"https:\/\/www.cosmolife.it\/de\/wp-json\/wp\/v2\/media?parent=323"}],"wp:term":[{"taxonomy":"product_brand","embeddable":true,"href":"https:\/\/www.cosmolife.it\/de\/wp-json\/wp\/v2\/product_brand?post=323"},{"taxonomy":"product_cat","embeddable":true,"href":"https:\/\/www.cosmolife.it\/de\/wp-json\/wp\/v2\/product_cat?post=323"},{"taxonomy":"product_tag","embeddable":true,"href":"https:\/\/www.cosmolife.it\/de\/wp-json\/wp\/v2\/product_tag?post=323"}],"curies":[{"name":"wp","href":"https:\/\/api.w.org\/{rel}","templated":true}]}}