{"id":327,"date":"2016-06-16T13:22:18","date_gmt":"2016-06-16T13:22:18","guid":{"rendered":"https:\/\/cosmolife.it\/?product=vitabiosa-6-monate"},"modified":"2026-01-20T01:36:29","modified_gmt":"2026-01-19T23:36:29","slug":"vitabiosa6months-1","status":"publish","type":"product","link":"https:\/\/www.cosmolife.it\/de\/prodotto\/vitabiosa6months-1\/","title":{"rendered":"VitaBiosa 6 Monate"},"content":{"rendered":"<div>\n<p><b>Die wichtigsten Funktionen:<\/b><\/p>\n<ul>\n<li>steigert Wohlbefinden und Vitalit\u00e4t<\/li>\n<li>hilft bei der Regeneration der Darmflora<\/li>\n<li>st\u00e4rkt das Immunsystem und entgiftet den K\u00f6rper<\/li>\n<li>aktiviert den Stoffwechsel<\/li>\n<li>hilft, Cellulite zu reduzieren<\/li>\n<\/ul>\n<p>Vita Biosa: das Kr\u00e4uterkonzentrat mit Milchenzymen, das die Verdauung revolutioniert und das Immunsystem st\u00e4rkt<\/p>\n<p>Die richtige Ern\u00e4hrung basiert nicht nur auf den N\u00e4hrstoffen, sondern auch auf der F\u00e4higkeit unseres K\u00f6rpers, diese zu verstoffwechseln. Ein gesunder Darm ist der Schl\u00fcssel zu einer guten Verdauung und einer ausreichenden Versorgung mit N\u00e4hrstoffen. Deshalb spielt Vita Biosa, das Naturprodukt aus D\u00e4nemark, eine entscheidende Rolle bei der Verbesserung unserer Gesundheit.  <\/p>\n<p>Urspr\u00fcnglich vom d\u00e4nischen Umweltministerium in Auftrag gegeben, hat Vita Biosa dank seiner Erfolge bei der Verbesserung der Gesundheit selbst schwer kranker Menschen schnell die Herzen der ganzen Nation erobert. Jetzt ist es auch in Italien erh\u00e4ltlich, um seine au\u00dfergew\u00f6hnlichen Vorteile allen zug\u00e4nglich zu machen. <\/p>\n<p>Vita Biosa ist kein einfaches Nahrungserg\u00e4nzungsmittel. Im Gegensatz zu anderen Produkten f\u00fchrt es dem K\u00f6rper keine chemischen Zus\u00e4tze zu, sondern wirkt an der Wurzel, indem es die Verdauung auf nat\u00fcrliche Weise reguliert und es dem K\u00f6rper erm\u00f6glicht, die notwendigen Elemente der Nahrung selbst zu verstoffwechseln und sie dem K\u00f6rper zur Verf\u00fcgung zu stellen. <\/p>\n<p>Dieses revolution\u00e4re Produkt enth\u00e4lt Mikroorganismen, die normalerweise in einem gesunden Darm zu finden sind. Milchs\u00e4urebakterien sind f\u00fcr die Aufrechterhaltung einer ausgewogenen Bakterienflora und eines gesunden inneren Milieus im gesamten K\u00f6rper unerl\u00e4sslich. Dank Vita Biosa werden Abfallstoffe und Ablagerungen im Darm aufgel\u00f6st und ausgeschieden, wodurch auch die Produktion von Magens\u00e4ften angeregt wird.  <\/p>\n<p>Mit einem perfekt geformten Darm ist der K\u00f6rper in der Lage, die N\u00e4hrstoffe aus der Nahrung effizient aufzunehmen und den K\u00f6rper mit den notwendigen N\u00e4hrstoffen zu versorgen. Eine bessere Versorgung mit N\u00e4hrstoffen f\u00fchrt zu einer deutlichen Steigerung der Vitalit\u00e4t des gesamten K\u00f6rpers und damit zu mehr Gesundheit, Wohlbefinden und Energie. <\/p>\n<p>Die in Vita Biosa enthaltenen Kr\u00e4uter sind aus der traditionellen Volksmedizin bekannt und unterst\u00fctzen den K\u00f6rper, insbesondere den Darm, in seinen Funktionen.<\/p>\n<p>Ein gesunder Darm ist unerl\u00e4sslich f\u00fcr eine gute Verdauung, eine ausreichende Versorgung mit N\u00e4hrstoffen und Energie sowie f\u00fcr die allgemeine Gesundheit und das Wohlbefinden. Leider kann die Darmflora aufgrund von Faktoren wie Umweltverschmutzung, ungesunder Ern\u00e4hrung, industriell verarbeiteten Lebensmitteln, Bewegungsmangel und arbeitsbedingtem Stress leicht aus dem Gleichgewicht geraten, was zu zahlreichen St\u00f6rungen und Krankheitsausbr\u00fcchen f\u00fchrt. <\/p>\n<p>Vita Biosa ist die ideale L\u00f6sung bei Problemen wie Verdauungsst\u00f6rungen, M\u00fcdigkeit und Apathie, Allergien und Unvertr\u00e4glichkeiten, \u00dcbers\u00e4uerung, Entgiftung und \u00dcbergewicht, Immunschw\u00e4che und freien Radikalen.<\/p>\n<p>Der Tod wohnt im Darm&#8220; - ein altes Sprichwort, das auch heute noch wahr ist. Ein gesunder Darm ist die Grundlage f\u00fcr einen gesunden K\u00f6rper. Entscheiden Sie sich f\u00fcr Vita Biosa und schenken Sie sich ein ges\u00fcnderes, st\u00e4rkeres Leben, das den St\u00fcrmen des Lebens gewachsen ist.  <\/p>\n<p><b>Verschiedene Typen:<\/b><\/p>\n<p>VitaBiosa 1l, VitaBiosa 3 Monate, VitaBiosa 500ml, VitaBiosa 6 Monate, VitaBiosa Baginbox, VitaBiosa Familie<\/p>\n<\/div>\n","protected":false},"excerpt":{"rendered":"<div>\n<p>Vita Biosa Original ist ein fermentiertes Kr\u00e4uterkonzentrat aus 19 ausgew\u00e4hlten Kr\u00e4utern aus kontrolliert biologischen Kulturen und probiotischen Starterkulturen.<\/p>\n<p>SIE SPAREN 54 EURO!!!<\/p>\n<\/div>\n","protected":false},"featured_media":329,"template":"","meta":{"_joinchat":[]},"product_brand":[135],"product_cat":[219,175],"product_tag":[],"class_list":{"0":"post-327","1":"product","2":"type-product","3":"status-publish","4":"has-post-thumbnail","6":"product_brand-cosmolife-de","7":"product_cat-sparpakete","8":"product_cat-vitabiosa-1","10":"first","11":"instock","12":"taxable","13":"shipping-taxable","14":"purchasable","15":"product-type-simple"},"_links":{"self":[{"href":"https:\/\/www.cosmolife.it\/de\/wp-json\/wp\/v2\/product\/327","targetHints":{"allow":["GET"]}}],"collection":[{"href":"https:\/\/www.cosmolife.it\/de\/wp-json\/wp\/v2\/product"}],"about":[{"href":"https:\/\/www.cosmolife.it\/de\/wp-json\/wp\/v2\/types\/product"}],"wp:featuredmedia":[{"embeddable":true,"href":"https:\/\/www.cosmolife.it\/de\/wp-json\/wp\/v2\/media\/329"}],"wp:attachment":[{"href":"https:\/\/www.cosmolife.it\/de\/wp-json\/wp\/v2\/media?parent=327"}],"wp:term":[{"taxonomy":"product_brand","embeddable":true,"href":"https:\/\/www.cosmolife.it\/de\/wp-json\/wp\/v2\/product_brand?post=327"},{"taxonomy":"product_cat","embeddable":true,"href":"https:\/\/www.cosmolife.it\/de\/wp-json\/wp\/v2\/product_cat?post=327"},{"taxonomy":"product_tag","embeddable":true,"href":"https:\/\/www.cosmolife.it\/de\/wp-json\/wp\/v2\/product_tag?post=327"}],"curies":[{"name":"wp","href":"https:\/\/api.w.org\/{rel}","templated":true}]}}