{"id":339,"date":"2016-06-16T13:22:19","date_gmt":"2016-06-16T11:22:19","guid":{"rendered":"https:\/\/cosmolife.it\/?product=kokosol-cosmolife-nf-500ml-nicht-verfugbar"},"modified":"2025-09-24T10:51:45","modified_gmt":"2025-09-24T08:51:45","slug":"kokosoel-cosmolife-nf-500ml-nicht-verfuegbar","status":"publish","type":"product","link":"https:\/\/www.cosmolife.it\/de\/prodotto\/kokosoel-cosmolife-nf-500ml-nicht-verfuegbar\/","title":{"rendered":"Kokos\u00f6l COSMOLIFE &#8222;NF&#8220; 500ml (nicht verf\u00fcgbar)"},"content":{"rendered":"<h1 data-start=\"1907\" data-end=\"1992\">Premium-Kokos\u00f6l \u2013 rein, nicht desodoriert und mit Natural Frequency informiert<\/h1>\n<p data-start=\"1994\" data-end=\"2379\">Entdecken Sie ein einzigartiges Produkt, das <strong data-start=\"2039\" data-end=\"2087\">Reinheit, Energie und t\u00e4gliches Wohlbefinden<\/strong> vereint. Unser <strong data-start=\"2103\" data-end=\"2114\">Kokos\u00f6l<\/strong> ist <strong data-start=\"2119\" data-end=\"2140\">nicht desodoriert<\/strong> und beh\u00e4lt dadurch sein nat\u00fcrliches Aroma sowie alle urspr\u00fcnglichen wertvollen Eigenschaften. Jeder Tropfen entsteht durch eine besonders schonende Verarbeitung, die N\u00e4hrstoffe und Wirkstoffe bewahrt, um h\u00f6chste Qualit\u00e4t zu garantieren.<\/p>\n<p data-start=\"2381\" data-end=\"2528\">Dank seiner besonderen Zusammensetzung ist dieses \u00d6l ein echter Verb\u00fcndeter f\u00fcr mehr Vitalit\u00e4t, Stoffwechselbalance und ganzheitliche Gesundheit:<\/p>\n<ul data-start=\"2529\" data-end=\"3114\">\n<li data-start=\"2529\" data-end=\"2613\">\n<p data-start=\"2531\" data-end=\"2613\"><strong data-start=\"2531\" data-end=\"2547\">Mehr Energie<\/strong>: unterst\u00fctzt den K\u00f6rper im Alltag, verleiht Kraft und Ausdauer.<\/p>\n<\/li>\n<li data-start=\"2614\" data-end=\"2718\">\n<p data-start=\"2616\" data-end=\"2718\"><strong data-start=\"2616\" data-end=\"2647\">F\u00f6rdert die Gewichtsabnahme<\/strong>: regt den Stoffwechsel an und hilft, das Hungergef\u00fchl zu reduzieren.<\/p>\n<\/li>\n<li data-start=\"2719\" data-end=\"2836\">\n<p data-start=\"2721\" data-end=\"2836\"><strong data-start=\"2721\" data-end=\"2782\">Nat\u00fcrliche Unterst\u00fctzung gegen Bakterien, Viren und Pilze<\/strong>: st\u00e4rkt das Immunsystem und sch\u00fctzt den Organismus.<\/p>\n<\/li>\n<li data-start=\"2837\" data-end=\"2929\">\n<p data-start=\"2839\" data-end=\"2929\"><strong data-start=\"2839\" data-end=\"2870\">Erhalt der Gehirnfunktionen<\/strong>: f\u00f6rdert mentale Klarheit, Konzentration und Ged\u00e4chtnis.<\/p>\n<\/li>\n<li data-start=\"2930\" data-end=\"3114\">\n<p data-start=\"2932\" data-end=\"3114\"><strong data-start=\"2932\" data-end=\"2968\">Informiert mit Natural Frequency<\/strong>: eine innovative Technologie, die das energetische Potenzial verst\u00e4rkt und das Produkt mit den nat\u00fcrlichen Frequenzen des K\u00f6rpers harmonisiert.<\/p>\n<\/li>\n<\/ul>\n<p data-start=\"3116\" data-end=\"3384\">Unser <strong data-start=\"3122\" data-end=\"3175\">nicht desodoriertes Kokos\u00f6l mit Natural Frequency<\/strong> ist nicht nur ein Nahrungserg\u00e4nzungsmittel, sondern ein wahres <strong data-start=\"3239\" data-end=\"3274\">ganzheitliches Wohlf\u00fchlerlebnis<\/strong>. Es begleitet Sie im Alltag und schenkt Energie, Balance und Schutz \u2013 auf nat\u00fcrliche und nachhaltige Weise.<\/p>\n<p data-start=\"3386\" data-end=\"3507\">\u00a0W\u00e4hlen Sie unser Kokos\u00f6l und genie\u00dfen Sie das Gef\u00fchl, sich jeden Tag aktiv, leicht und voller Lebenskraft zu f\u00fchlen!<\/p>\n<p data-start=\"3509\" data-end=\"3642\"><strong data-start=\"3509\" data-end=\"3535\">Weitere Informationen:<\/strong><br data-start=\"3535\" data-end=\"3538\" \/>100 % reines, natives Kokos\u00f6l, kaltgepresst, reich an Laurins\u00e4ure, nicht desodoriert, cholesterinfrei.<\/p>\n","protected":false},"excerpt":{"rendered":"<div>\n<ul>\n<li data-start=\"704\" data-end=\"782\">\n<p data-start=\"706\" data-end=\"782\">100 % reines, natives <strong data-start=\"728\" data-end=\"739\">Kokos\u00f6l<\/strong>, <strong data-start=\"741\" data-end=\"757\">kaltgepresst<\/strong>, reich an Laurins\u00e4ure.<\/p>\n<\/li>\n<li data-start=\"783\" data-end=\"875\">\n<p data-start=\"785\" data-end=\"875\"><strong data-start=\"785\" data-end=\"806\">Nicht desodoriert<\/strong>: bewahrt sein nat\u00fcrliches Aroma und alle wertvollen Eigenschaften.<\/p>\n<\/li>\n<li data-start=\"876\" data-end=\"987\">\n<p data-start=\"878\" data-end=\"987\">Steigert die <strong data-start=\"891\" data-end=\"911\">t\u00e4gliche Energie<\/strong> und unterst\u00fctzt die Gewichtsabnahme, indem es das Hungergef\u00fchl reduziert.<\/p>\n<\/li>\n<li data-start=\"988\" data-end=\"1084\">\n<p data-start=\"990\" data-end=\"1084\">Kann helfen, <strong data-start=\"1003\" data-end=\"1033\">Bakterien, Viren und Pilze<\/strong> zu bek\u00e4mpfen und so die Abwehrkr\u00e4fte zu st\u00e4rken.<\/p>\n<\/li>\n<li data-start=\"1085\" data-end=\"1163\">\n<p data-start=\"1087\" data-end=\"1163\">F\u00f6rdert die <strong data-start=\"1099\" data-end=\"1119\">Gehirnfunktionen<\/strong>, Konzentration und mentales Wohlbefinden.<\/p>\n<\/li>\n<\/ul>\n<\/div>\n","protected":false},"featured_media":9061,"template":"","meta":{"_joinchat":[]},"product_brand":[135],"product_cat":[149,223,225],"product_tag":[],"class_list":{"0":"post-339","1":"product","2":"type-product","3":"status-publish","4":"has-post-thumbnail","6":"product_brand-cosmolife-de","7":"product_cat-kokosoel-cocowell","8":"product_cat-kokosoel","9":"product_cat-kokosoel-1","11":"first","12":"instock","13":"taxable","14":"shipping-taxable","15":"purchasable","16":"product-type-simple"},"_links":{"self":[{"href":"https:\/\/www.cosmolife.it\/de\/wp-json\/wp\/v2\/product\/339","targetHints":{"allow":["GET"]}}],"collection":[{"href":"https:\/\/www.cosmolife.it\/de\/wp-json\/wp\/v2\/product"}],"about":[{"href":"https:\/\/www.cosmolife.it\/de\/wp-json\/wp\/v2\/types\/product"}],"wp:featuredmedia":[{"embeddable":true,"href":"https:\/\/www.cosmolife.it\/de\/wp-json\/wp\/v2\/media\/9061"}],"wp:attachment":[{"href":"https:\/\/www.cosmolife.it\/de\/wp-json\/wp\/v2\/media?parent=339"}],"wp:term":[{"taxonomy":"product_brand","embeddable":true,"href":"https:\/\/www.cosmolife.it\/de\/wp-json\/wp\/v2\/product_brand?post=339"},{"taxonomy":"product_cat","embeddable":true,"href":"https:\/\/www.cosmolife.it\/de\/wp-json\/wp\/v2\/product_cat?post=339"},{"taxonomy":"product_tag","embeddable":true,"href":"https:\/\/www.cosmolife.it\/de\/wp-json\/wp\/v2\/product_tag?post=339"}],"curies":[{"name":"wp","href":"https:\/\/api.w.org\/{rel}","templated":true}]}}