{"id":347,"date":"2016-06-16T13:22:19","date_gmt":"2016-06-16T13:22:19","guid":{"rendered":"https:\/\/cosmolife.it\/?product=ionisiertes-kolloidales-zink-40ppm-100ml"},"modified":"2026-01-20T01:36:29","modified_gmt":"2026-01-19T23:36:29","slug":"ionisiertes-kolloidales-zink-40ppm-100ml","status":"publish","type":"product","link":"https:\/\/www.cosmolife.it\/de\/prodotto\/ionisiertes-kolloidales-zink-40ppm-100ml\/","title":{"rendered":"Zink Kolloidal Plus Spray 20 ppm 100 ml"},"content":{"rendered":"<div>\n<p>Aber nat\u00fcrlich! Hier ist eine <strong>klare, einfache und passende Produktbeschreibung f\u00fcr einen Webshop<\/strong>, basierend auf Ihrem Text: <\/p>\n<hr>\n<p><strong>Zink kolloidal 20 ppm - Wichtige Unterst\u00fctzung f\u00fcr Ihren K\u00f6rper<\/strong><\/p>\n<p>Zink ist nach Eisen das zweith\u00e4ufigste metallische Element im menschlichen K\u00f6rper. Es ist f\u00fcr \u00fcber 300 Enzyme unerl\u00e4sslich und an zahlreichen hormonellen und metabolischen Prozessen beteiligt. <\/p>\n<p>\u2714<strong>Unterst\u00fctzt das Immunsystem<\/strong><br \/>\n\u2714<strong>Hilft bei chronischer M\u00fcdigkeit, Durchfall, hormonellen Ungleichgewichten und Sehst\u00f6rungen<\/strong><br \/>\n\u2714<strong>F\u00f6rdert gesunde Haut, N\u00e4gel und Haare<\/strong><br \/>\n\u2714<strong>Tr\u00e4gt zur Fruchtbarkeit und Entwicklung des F\u00f6tus und des Neugeborenen bei<\/strong><br \/>\n\u2714<strong>Wirkt oxidativem Stress und Stimmungsst\u00f6rungen entgegen<\/strong><\/p>\n<p><strong>Gebrauchsanweisung<\/strong>: Zweimal t\u00e4glich 15 Spr\u00fchst\u00f6\u00dfe in den Mund, vor dem Schlucken 30-45 Sekunden lang halten.<br \/>\n<strong>Zutaten<\/strong>: Doppelt destilliertes Wasser, kolloidales Zink 20 ppm.<br \/>\nPharmazeutische <strong>PET-Flasche.<\/strong><br \/>\n<strong>100% bioverf\u00fcgbar<\/strong>, f\u00fcr die t\u00e4gliche Einnahme geeignet.<\/p>\n<p><strong>Warnungen<\/strong>: \u00dcberschreiten Sie nicht die empfohlene Dosis. Au\u00dferhalb der Reichweite von Kindern unter 3 Jahren aufbewahren. Nahrungserg\u00e4nzungsmittel sind kein Ersatz f\u00fcr eine abwechslungsreiche und ausgewogene Ern\u00e4hrung.  <\/p>\n<\/div>\n","protected":false},"excerpt":{"rendered":"<hr>\n<ul>\n<li>  St\u00e4rkt das Immunsystem<\/li>\n<li>Bek\u00e4mpft M\u00fcdigkeit und oxidativen Stress<\/li>\n<li>F\u00f6rdert gesunde Haut, Haare und N\u00e4gel<\/li>\n<li>Wesentlich f\u00fcr Wachstum und Fruchtbarkeit<\/li>\n<li>Hohe Bioverf\u00fcgbarkeit f\u00fcr maximale Absorption<\/li>\n<\/ul>\n<p>Zink ist ein nat\u00fcrlicher Verb\u00fcndeter f\u00fcr Ihr t\u00e4gliches Wohlbefinden!<\/p>\n","protected":false},"featured_media":349,"template":"","meta":{"_joinchat":[]},"product_brand":[135],"product_cat":[197],"product_tag":[],"class_list":{"0":"post-347","1":"product","2":"type-product","3":"status-publish","4":"has-post-thumbnail","6":"product_brand-cosmolife-de","7":"product_cat-vitamine-1","9":"first","10":"instock","11":"taxable","12":"shipping-taxable","13":"purchasable","14":"product-type-simple"},"_links":{"self":[{"href":"https:\/\/www.cosmolife.it\/de\/wp-json\/wp\/v2\/product\/347","targetHints":{"allow":["GET"]}}],"collection":[{"href":"https:\/\/www.cosmolife.it\/de\/wp-json\/wp\/v2\/product"}],"about":[{"href":"https:\/\/www.cosmolife.it\/de\/wp-json\/wp\/v2\/types\/product"}],"wp:featuredmedia":[{"embeddable":true,"href":"https:\/\/www.cosmolife.it\/de\/wp-json\/wp\/v2\/media\/349"}],"wp:attachment":[{"href":"https:\/\/www.cosmolife.it\/de\/wp-json\/wp\/v2\/media?parent=347"}],"wp:term":[{"taxonomy":"product_brand","embeddable":true,"href":"https:\/\/www.cosmolife.it\/de\/wp-json\/wp\/v2\/product_brand?post=347"},{"taxonomy":"product_cat","embeddable":true,"href":"https:\/\/www.cosmolife.it\/de\/wp-json\/wp\/v2\/product_cat?post=347"},{"taxonomy":"product_tag","embeddable":true,"href":"https:\/\/www.cosmolife.it\/de\/wp-json\/wp\/v2\/product_tag?post=347"}],"curies":[{"name":"wp","href":"https:\/\/api.w.org\/{rel}","templated":true}]}}