{"id":361,"date":"2016-06-16T13:22:20","date_gmt":"2016-06-16T13:22:20","guid":{"rendered":"https:\/\/cosmolife.it\/?product=energetik-card"},"modified":"2026-01-20T01:36:27","modified_gmt":"2026-01-19T23:36:27","slug":"energeticcard-1","status":"publish","type":"product","link":"https:\/\/www.cosmolife.it\/de\/prodotto\/energeticcard-1\/","title":{"rendered":"Energetische Karte"},"content":{"rendered":"<h2><strong>Mehr Energie aus Ihrer Nahrung - mit einer einfachen Karte.<\/strong><\/h2>\n<p>Jeden Tag essen und trinken wir - aber wie viel <strong>Lebensenergie<\/strong> steckt wirklich in unserer Nahrung?<br \/> Durch Pestizide, industrielle Prozesse, Strahlung und Umweltverschmutzung verlieren die modernen Lebensmittel viel von ihrer urspr\u00fcnglichen Kraft. Der K\u00f6rper erh\u00e4lt zwar Kalorien, aber <strong>keine echte Vitalit\u00e4t<\/strong>. <\/p>\n<p>Hier kommt die <strong>Energetische Karte<\/strong> ins Spiel.<br \/> Ein einfaches und kraftvolles Werkzeug, das Lebensmittel, Getr\u00e4nke und sogar Gewebe <strong>energetisch reinigt und aufl\u00e4dt<\/strong> - ohne Chemikalien, nur durch harmonisierende Frequenzen.<\/p>\n<\/p>\n<h2>Sp\u00fcren Sie es selbst - bei jedem Schluck, bei jedem Bissen<\/h2>\n<p><strong>Legen Sie<\/strong> einfach <strong>30 Sekunden lang Lebensmittel oder Getr\u00e4nke auf das Papier.<\/strong> W\u00e4hrend dieser Zeit aktiviert die Karte eine Transformation: <\/p>\n<ul>\n<li>\n<p>entladen Sie zun\u00e4chst die verzerrten Energien,<\/p>\n<\/li>\n<li>\n<p>dann mit harmonisierenden Informationen wieder aufladen.<\/p>\n<\/li>\n<\/ul>\n<p>Das Ergebnis ist \u00fcberraschend:<\/p>\n<ul>\n<li>\n<p>das Essen schmeckt voller, runder und nat\u00fcrlicher<\/p>\n<\/li>\n<li>\n<p>der K\u00f6rper erkennt die Nahrung als &#8218;gut&#8216; an - und nimmt sie besser auf<\/p>\n<\/li>\n<li>\n<p>Sie essen weniger und f\u00fchlen sich leichter<\/p>\n<\/li>\n<li>\n<p>auch bei Kindern ist eine Ver\u00e4nderung festzustellen: ruhigere, gelassenere Verdauung<\/p>\n<\/li>\n<\/ul>\n<p>Die Energetic Card ist <strong>Ihr unsichtbarer Verb\u00fcndeter in der K\u00fcche und im t\u00e4glichen Leben<\/strong>.<br \/> Klein, praktisch, immer bereit - f\u00fcr jede Mahlzeit, jedes Getr\u00e4nk, jeden Tag.<\/p>\n<p><strong>Verwandeln Sie Ihren Tisch in eine t\u00e4gliche Quelle der Lebensenergie.<\/strong><\/p>\n","protected":false},"excerpt":{"rendered":"<h3><strong>Die 5 wichtigsten Vorteile der Energetischen Karte:<\/strong><\/h3>\n<ol>\n<li>\n<p>Eliminiert sch\u00e4dliche Energie-&#8218;Muster&#8216; aus Nahrungsmitteln und Getr\u00e4nken<\/p>\n<\/li>\n<li>\n<p>Laden Sie subtile Informationen \u00fcber Umweltgifte herunter<\/p>\n<\/li>\n<li>\n<p>Es macht auch Textilien (Kleidung, Bettw\u00e4sche) energetisch sauberer<\/p>\n<\/li>\n<li>\n<p>Erh\u00f6ht den bioenergetischen Wert der Nahrung<\/p>\n<\/li>\n<li>\n<p>Der K\u00f6rper nimmt die N\u00e4hrstoffe besser auf - mit weniger Menge sind Sie satt<\/p>\n<\/li>\n<\/ol>\n","protected":false},"featured_media":363,"template":"","meta":{"_joinchat":[]},"product_brand":[135],"product_cat":[191],"product_tag":[],"class_list":{"0":"post-361","1":"product","2":"type-product","3":"status-publish","4":"has-post-thumbnail","6":"product_brand-cosmolife-de","7":"product_cat-energetic-card-1","9":"first","10":"instock","11":"taxable","12":"shipping-taxable","13":"purchasable","14":"product-type-simple"},"_links":{"self":[{"href":"https:\/\/www.cosmolife.it\/de\/wp-json\/wp\/v2\/product\/361","targetHints":{"allow":["GET"]}}],"collection":[{"href":"https:\/\/www.cosmolife.it\/de\/wp-json\/wp\/v2\/product"}],"about":[{"href":"https:\/\/www.cosmolife.it\/de\/wp-json\/wp\/v2\/types\/product"}],"wp:featuredmedia":[{"embeddable":true,"href":"https:\/\/www.cosmolife.it\/de\/wp-json\/wp\/v2\/media\/363"}],"wp:attachment":[{"href":"https:\/\/www.cosmolife.it\/de\/wp-json\/wp\/v2\/media?parent=361"}],"wp:term":[{"taxonomy":"product_brand","embeddable":true,"href":"https:\/\/www.cosmolife.it\/de\/wp-json\/wp\/v2\/product_brand?post=361"},{"taxonomy":"product_cat","embeddable":true,"href":"https:\/\/www.cosmolife.it\/de\/wp-json\/wp\/v2\/product_cat?post=361"},{"taxonomy":"product_tag","embeddable":true,"href":"https:\/\/www.cosmolife.it\/de\/wp-json\/wp\/v2\/product_tag?post=361"}],"curies":[{"name":"wp","href":"https:\/\/api.w.org\/{rel}","templated":true}]}}