{"id":37286,"date":"2026-01-19T09:39:09","date_gmt":"2026-01-19T07:39:09","guid":{"rendered":"https:\/\/www.cosmolife.it\/?post_type=product&#038;p=37286"},"modified":"2026-01-19T09:41:13","modified_gmt":"2026-01-19T07:41:13","slug":"muskel-knochen-komplett-set-vitamin-d3-vitamin-k2-magnesiumoel","status":"publish","type":"product","link":"https:\/\/www.cosmolife.it\/de\/prodotto\/muskel-knochen-komplett-set-vitamin-d3-vitamin-k2-magnesiumoel\/","title":{"rendered":"Muskel &#038; Knochen Komplett-Set \u2013 Vitamin D3, Vitamin K2 &#038; Magnesium\u00f6l"},"content":{"rendered":"<p data-start=\"657\" data-end=\"852\">Dieses Komplett-Set vereint drei essenzielle N\u00e4hrstoffe, die f\u00fcr <strong data-start=\"722\" data-end=\"754\">Muskeln, Knochen und Energie<\/strong> eine zentrale Rolle spielen \u2013 besonders in Zeiten mit wenig Sonne, erh\u00f6hter Belastung und Stress.<\/p>\n<h3 data-start=\"854\" data-end=\"873\">Inhalt des Sets<\/h3>\n<p data-start=\"874\" data-end=\"991\">Das Paket beinhaltet <strong data-start=\"895\" data-end=\"921\">3 \u00d7 Vitamin D3 \u00e0 15 ml<\/strong>, <strong data-start=\"923\" data-end=\"949\">1 \u00d7 Vitamin K2 \u00e0 15 ml<\/strong> sowie <strong data-start=\"956\" data-end=\"990\">1 \u00d7 Magnesium\u00f6l Spray \u00e0 250 ml<\/strong>.<\/p>\n<h3 data-start=\"993\" data-end=\"1021\">Warum diese Kombination?<\/h3>\n<ul data-start=\"1022\" data-end=\"1477\">\n<li data-start=\"1022\" data-end=\"1205\">\n<p data-start=\"1024\" data-end=\"1205\"><strong data-start=\"1024\" data-end=\"1043\">Vitamin D3 (\u00d6l)<\/strong> unterst\u00fctzt die normale Muskelfunktion, den Erhalt gesunder Knochen und das Immunsystem. In den Wintermonaten ist eine ausreichende Versorgung besonders wichtig.<\/p>\n<\/li>\n<li data-start=\"1206\" data-end=\"1323\">\n<p data-start=\"1208\" data-end=\"1323\"><strong data-start=\"1208\" data-end=\"1227\">Vitamin K2 (\u00d6l)<\/strong> erg\u00e4nzt Vitamin D3 optimal und sorgt daf\u00fcr, dass Calcium gezielt in die Knochen eingebaut wird.<\/p>\n<\/li>\n<li data-start=\"1324\" data-end=\"1477\">\n<p data-start=\"1326\" data-end=\"1477\"><strong data-start=\"1326\" data-end=\"1355\">Magnesium\u00f6l (transdermal)<\/strong> versorgt den K\u00f6rper \u00fcber die Haut mit Magnesium und kann zur Entspannung der Muskulatur sowie zur Regeneration beitragen.<\/p>\n<\/li>\n<\/ul>\n<p data-start=\"1479\" data-end=\"1529\">Diese drei N\u00e4hrstoffe <strong data-start=\"1501\" data-end=\"1528\">wirken im Zusammenspiel<\/strong>:<\/p>\n<ul data-start=\"1530\" data-end=\"1705\">\n<li data-start=\"1530\" data-end=\"1571\">\n<p data-start=\"1532\" data-end=\"1571\">Vitamin D3 erh\u00f6ht den Magnesiumbedarf<\/p>\n<\/li>\n<li data-start=\"1572\" data-end=\"1628\">\n<p data-start=\"1574\" data-end=\"1628\">Vitamin K2 unterst\u00fctzt die sichere Calciumverwertung<\/p>\n<\/li>\n<li data-start=\"1629\" data-end=\"1705\">\n<p data-start=\"1631\" data-end=\"1705\">Magnesium ist an zahlreichen Muskel- und Stoffwechselprozessen beteiligt<\/p>\n<\/li>\n<\/ul>\n<p data-start=\"1707\" data-end=\"1839\">Gemeinsam bilden sie eine <strong data-start=\"1733\" data-end=\"1764\">durchdachte Basisversorgung<\/strong> f\u00fcr alle, die aktiv bleiben und ihren K\u00f6rper gezielt unterst\u00fctzen m\u00f6chten.<\/p>\n<h3 data-start=\"1841\" data-end=\"1864\">Ideal geeignet f\u00fcr:<\/h3>\n<ul data-start=\"1865\" data-end=\"2047\">\n<li data-start=\"1865\" data-end=\"1904\">\n<p data-start=\"1867\" data-end=\"1904\">Menschen mit wenig Sonnenexposition<\/p>\n<\/li>\n<li data-start=\"1905\" data-end=\"1934\">\n<p data-start=\"1907\" data-end=\"1934\">Sportlich aktive Personen<\/p>\n<\/li>\n<li data-start=\"1935\" data-end=\"1971\">\n<p data-start=\"1937\" data-end=\"1971\">Personen mit Muskelverspannungen<\/p>\n<\/li>\n<li data-start=\"1972\" data-end=\"2047\">\n<p data-start=\"1974\" data-end=\"2047\">Alle, die ihre Muskel- und Knochengesundheit gezielt unterst\u00fctzen m\u00f6chten<\/p>\n<\/li>\n<\/ul>\n","protected":false},"excerpt":{"rendered":"<ul>\n<li data-start=\"2238\" data-end=\"2299\">\n<p data-start=\"2240\" data-end=\"2299\">Komplett-Set mit 3x <strong data-start=\"2257\" data-end=\"2299\">Vitamin D3, 1x Vitamin K2 und 1x Magnesium\u00f6l<\/strong><\/p>\n<\/li>\n<li data-start=\"2300\" data-end=\"2346\">\n<p data-start=\"2302\" data-end=\"2346\">Unterst\u00fctzt <strong data-start=\"2314\" data-end=\"2346\">Muskeln, Knochen und Energie<\/strong><\/p>\n<\/li>\n<li data-start=\"2347\" data-end=\"2405\">\n<p data-start=\"2349\" data-end=\"2405\">Besonders sinnvoll bei <strong data-start=\"2372\" data-end=\"2405\">wenig Sonne &amp; hoher Belastung<\/strong><\/p>\n<\/li>\n<li data-start=\"2406\" data-end=\"2450\">\n<p data-start=\"2408\" data-end=\"2450\">Magnesiumaufnahme <strong data-start=\"2426\" data-end=\"2450\">direkt \u00fcber die Haut<\/strong><\/p>\n<\/li>\n<li data-start=\"2451\" data-end=\"2500\">\n<p data-start=\"2453\" data-end=\"2500\"><strong data-start=\"2453\" data-end=\"2500\">5 \u20ac sparen (ca. 4,8 %) gegen\u00fcber Einzelkauf<\/strong><\/p>\n<\/li>\n<\/ul>\n","protected":false},"featured_media":37279,"template":"","meta":{"_joinchat":[]},"product_brand":[],"product_cat":[219,139,197],"product_tag":[],"class_list":{"0":"post-37286","1":"product","2":"type-product","3":"status-publish","4":"has-post-thumbnail","6":"product_cat-sparpakete","7":"product_cat-ernaehrung","8":"product_cat-vitamine-1","10":"first","11":"instock","12":"sale","13":"taxable","14":"shipping-taxable","15":"purchasable","16":"product-type-simple"},"_links":{"self":[{"href":"https:\/\/www.cosmolife.it\/de\/wp-json\/wp\/v2\/product\/37286","targetHints":{"allow":["GET"]}}],"collection":[{"href":"https:\/\/www.cosmolife.it\/de\/wp-json\/wp\/v2\/product"}],"about":[{"href":"https:\/\/www.cosmolife.it\/de\/wp-json\/wp\/v2\/types\/product"}],"wp:featuredmedia":[{"embeddable":true,"href":"https:\/\/www.cosmolife.it\/de\/wp-json\/wp\/v2\/media\/37279"}],"wp:attachment":[{"href":"https:\/\/www.cosmolife.it\/de\/wp-json\/wp\/v2\/media?parent=37286"}],"wp:term":[{"taxonomy":"product_brand","embeddable":true,"href":"https:\/\/www.cosmolife.it\/de\/wp-json\/wp\/v2\/product_brand?post=37286"},{"taxonomy":"product_cat","embeddable":true,"href":"https:\/\/www.cosmolife.it\/de\/wp-json\/wp\/v2\/product_cat?post=37286"},{"taxonomy":"product_tag","embeddable":true,"href":"https:\/\/www.cosmolife.it\/de\/wp-json\/wp\/v2\/product_tag?post=37286"}],"curies":[{"name":"wp","href":"https:\/\/api.w.org\/{rel}","templated":true}]}}