{"id":375,"date":"2016-06-16T13:22:20","date_gmt":"2016-06-16T13:22:20","guid":{"rendered":"https:\/\/cosmolife.it\/?product=8-x-braune-wildhirse-bio-nf"},"modified":"2026-01-20T01:36:19","modified_gmt":"2026-01-19T23:36:19","slug":"8-x-braune-wildhirse-bio-nf","status":"publish","type":"product","link":"https:\/\/www.cosmolife.it\/de\/prodotto\/8-x-braune-wildhirse-bio-nf\/","title":{"rendered":"8 x Wilde Braunhirse BIO &#8218;NF&#8216;"},"content":{"rendered":"<div>\n<p data-start=\"241\" data-end=\"595\"><strong data-start=\"244\" data-end=\"274\">BIO Die wilde Braunhirse<\/strong> ist ein uraltes und wertvolles Getreide, das seinen Ursprung in Ostindien hat und in Europa seit vorchristlicher Zeit angebaut wird. Sie gilt als eine der nahrhaftesten Pflanzen aus der Familie der Gr\u00e4ser. Hirse ist seit Jahrhunderten ein Grundnahrungsmittel und wird jetzt als Quelle au\u00dfergew\u00f6hnlichen Wohlbefindens wiederentdeckt. <\/p>\n<p data-start=\"597\" data-end=\"1050\">Es ist das <strong data-start=\"610\" data-end=\"644\">mineralstoffreichste<\/strong> Getreide der Welt, nat\u00fcrlich glutenfrei und daher auch f\u00fcr Menschen mit Unvertr\u00e4glichkeiten geeignet. Es enth\u00e4lt einen hohen Anteil an <strong data-start=\"769\" data-end=\"787\">Kiesels\u00e4ure<\/strong>, einem wichtigen Mineralstoff, der zur St\u00e4rkung von Bindegewebe, Knochen und Knorpeln beitr\u00e4gt. Au\u00dferdem enth\u00e4lt es Fluorid, Schwefel, Phosphor, Eisen, Magnesium, Kalium und Zink sowie die B-Vitamine (B1, B2, B6, B17), Pantothens\u00e4ure und Nicotinamid.  <\/p>\n<p data-start=\"1052\" data-end=\"1346\">Sie ist nicht nur nahrhaft, sondern auch <strong data-start=\"1098\" data-end=\"1111\">vielseitig<\/strong>: Sie kann auch roh verzehrt werden, so dass alle ihre Eigenschaften erhalten bleiben. Dank ihres Reichtums an N\u00e4hrstoffen unterst\u00fctzt die Hirse die Zellregeneration, den Stoffwechsel und gesunde Knochen, Haut und Haare. <\/p>\n<p data-start=\"1348\" data-end=\"1477\">Dar\u00fcber hinaus ist dieses Produkt <strong data-start=\"1374\" data-end=\"1409\">mit Natural Frequency ausgestattet<\/strong>, einer Technologie, die die nat\u00fcrliche Harmonie mit dem K\u00f6rper verst\u00e4rkt.<\/p>\n<\/div>\n","protected":false},"excerpt":{"rendered":"<div>\n<ul>\n<li data-start=\"1546\" data-end=\"1631\">\n<p data-start=\"1548\" data-end=\"1631\"><strong data-start=\"1548\" data-end=\"1576\">Ausgezeichnete Quelle f\u00fcr Mineralien<\/strong>, einschlie\u00dflich Eisen, Magnesium, Kalium, Zink und Phosphor.<\/p>\n<\/li>\n<li data-start=\"1632\" data-end=\"1705\">\n<p data-start=\"1634\" data-end=\"1705\"><strong data-start=\"1636\" data-end=\"1654\">Kiesels\u00e4ure<\/strong> st\u00e4rkt Bindegewebe, Knochen und Knorpel.<\/p>\n<\/li>\n<li data-start=\"1706\" data-end=\"1780\">\n<p data-start=\"1708\" data-end=\"1780\"><strong data-start=\"1708\" data-end=\"1731\">Reich an B-Vitaminen<\/strong> und wichtigen N\u00e4hrstoffen f\u00fcr Energie und Vitalit\u00e4t.<\/p>\n<\/li>\n<li data-start=\"1781\" data-end=\"1846\">\n<p data-start=\"1783\" data-end=\"1846\"><strong data-start=\"1783\" data-end=\"1800\">Glutenfrei<\/strong>, auch f\u00fcr Menschen mit Unvertr\u00e4glichkeiten geeignet.<\/p>\n<\/li>\n<li data-start=\"1847\" data-end=\"1929\">\n<p data-start=\"1849\" data-end=\"1929\">Er kann auch <strong data-start=\"1876\" data-end=\"1885\">roh<\/strong> verzehrt werden und wird <strong data-start=\"1891\" data-end=\"1926\">von Natural Frequency informiert.<\/strong><\/p>\n<\/li>\n<\/ul>\n<\/div>\n","protected":false},"featured_media":9083,"template":"","meta":{"_joinchat":[]},"product_brand":[135],"product_cat":[219,165],"product_tag":[],"class_list":{"0":"post-375","1":"product","2":"type-product","3":"status-publish","4":"has-post-thumbnail","6":"product_brand-cosmolife-de","7":"product_cat-sparpakete","8":"product_cat-wildhirse-bio","10":"first","11":"instock","12":"sale","13":"taxable","14":"shipping-taxable","15":"purchasable","16":"product-type-simple"},"_links":{"self":[{"href":"https:\/\/www.cosmolife.it\/de\/wp-json\/wp\/v2\/product\/375","targetHints":{"allow":["GET"]}}],"collection":[{"href":"https:\/\/www.cosmolife.it\/de\/wp-json\/wp\/v2\/product"}],"about":[{"href":"https:\/\/www.cosmolife.it\/de\/wp-json\/wp\/v2\/types\/product"}],"wp:featuredmedia":[{"embeddable":true,"href":"https:\/\/www.cosmolife.it\/de\/wp-json\/wp\/v2\/media\/9083"}],"wp:attachment":[{"href":"https:\/\/www.cosmolife.it\/de\/wp-json\/wp\/v2\/media?parent=375"}],"wp:term":[{"taxonomy":"product_brand","embeddable":true,"href":"https:\/\/www.cosmolife.it\/de\/wp-json\/wp\/v2\/product_brand?post=375"},{"taxonomy":"product_cat","embeddable":true,"href":"https:\/\/www.cosmolife.it\/de\/wp-json\/wp\/v2\/product_cat?post=375"},{"taxonomy":"product_tag","embeddable":true,"href":"https:\/\/www.cosmolife.it\/de\/wp-json\/wp\/v2\/product_tag?post=375"}],"curies":[{"name":"wp","href":"https:\/\/api.w.org\/{rel}","templated":true}]}}