{"id":38176,"date":"2026-04-07T17:03:14","date_gmt":"2026-04-07T15:03:14","guid":{"rendered":"https:\/\/www.cosmolife.it\/?post_type=product&#038;p=38176"},"modified":"2026-04-07T17:04:34","modified_gmt":"2026-04-07T15:04:34","slug":"allergie-basis-set-2","status":"publish","type":"product","link":"https:\/\/www.cosmolife.it\/de\/prodotto\/allergie-basis-set-2\/","title":{"rendered":"Allergie-Basis-Set"},"content":{"rendered":"<p data-start=\"2757\" data-end=\"2926\">Das <strong data-start=\"2761\" data-end=\"2783\">Allergie-Basis-Set<\/strong> bietet eine gezielte und hochwertige Grundversorgung mit wichtigen N\u00e4hrstoffen, die Ihren K\u00f6rper w\u00e4hrend der Allergiezeit unterst\u00fctzen k\u00f6nnen.<\/p>\n<p data-start=\"2928\" data-end=\"3228\">Gerade bei saisonalen Allergien wie Heuschnupfen ist der K\u00f6rper h\u00e4ufig durch entz\u00fcndliche Prozesse, oxidativen Stress und eine \u00fcberaktive Immunreaktion belastet. Eine gezielte N\u00e4hrstoffversorgung kann dabei helfen, diese Prozesse positiv zu beeinflussen und das allgemeine Wohlbefinden zu verbessern.<\/p>\n<p data-start=\"3230\" data-end=\"3248\">Das Paket enth\u00e4lt:<\/p>\n<ul data-start=\"3250\" data-end=\"3915\">\n<li data-section-id=\"x4yig4\" data-start=\"3250\" data-end=\"3409\"><strong data-start=\"3252\" data-end=\"3285\">2\u00d7 Vitamin D3 (15 ml Tropfen)<\/strong><br data-start=\"3285\" data-end=\"3288\" \/>Unterst\u00fctzt die normale Funktion des Immunsystems und kann helfen, \u00fcberschie\u00dfende Reaktionen des K\u00f6rpers auszugleichen.<\/li>\n<li data-section-id=\"11xx9h5\" data-start=\"3411\" data-end=\"3582\"><strong data-start=\"3413\" data-end=\"3446\">1\u00d7 Vitamin K2 (15 ml Tropfen)<\/strong><br data-start=\"3446\" data-end=\"3449\" \/>Erg\u00e4nzt Vitamin D3 sinnvoll und sorgt f\u00fcr eine optimale Verwertung im K\u00f6rper, insbesondere im Hinblick auf den Calciumstoffwechsel.<\/li>\n<li data-section-id=\"1j83egm\" data-start=\"3584\" data-end=\"3750\"><strong data-start=\"3586\" data-end=\"3628\">1\u00d7 Liposomales Glutathion (60 Kapseln)<\/strong><br data-start=\"3628\" data-end=\"3631\" \/>Unterst\u00fctzt den K\u00f6rper beim Schutz vor oxidativem Stress und tr\u00e4gt zur F\u00f6rderung nat\u00fcrlicher Entgiftungsprozesse bei.<\/li>\n<li data-section-id=\"w4psv6\" data-start=\"3752\" data-end=\"3915\"><strong data-start=\"3754\" data-end=\"3781\">1\u00d7 Omega-3 (60 Kapseln)<\/strong><br data-start=\"3781\" data-end=\"3784\" \/>Tr\u00e4gt zur Regulation entz\u00fcndlicher Prozesse bei und unterst\u00fctzt die Balance des Immunsystems sowie die Funktion der Schleimh\u00e4ute.<\/li>\n<\/ul>\n<p data-start=\"3917\" data-end=\"4091\">Die Kombination dieser N\u00e4hrstoffe bietet eine solide Grundlage, um den K\u00f6rper w\u00e4hrend der Allergiezeit zu stabilisieren und Beschwerden auf nat\u00fcrliche Weise entgegenzuwirken.<\/p>\n<p data-start=\"4093\" data-end=\"4187\">\ud83d\udc49 Ideal f\u00fcr alle, die eine <strong data-start=\"4121\" data-end=\"4154\">effektive Basis-Unterst\u00fctzung<\/strong> ohne zus\u00e4tzlichen Test w\u00fcnschen.<\/p>\n","protected":false},"excerpt":{"rendered":"<ul>\n<li data-section-id=\"h6dqem\" data-start=\"4233\" data-end=\"4258\">2\u00d7 Vitamin D3 Tropfen<\/li>\n<li data-section-id=\"j2i7qd\" data-start=\"4259\" data-end=\"4281\">Vitamin K2 Tropfen<\/li>\n<li data-section-id=\"15i5r09\" data-start=\"4282\" data-end=\"4304\">Glutathion Kapseln<\/li>\n<li data-section-id=\"14gen5l\" data-start=\"4305\" data-end=\"4324\">Omega-3 Kapseln<\/li>\n<\/ul>\n","protected":false},"featured_media":38168,"template":"","meta":{"_joinchat":[]},"product_brand":[],"product_cat":[],"product_tag":[],"class_list":{"0":"post-38176","1":"product","2":"type-product","3":"status-publish","4":"has-post-thumbnail","7":"first","8":"instock","9":"sale","10":"taxable","11":"shipping-taxable","12":"purchasable","13":"product-type-simple"},"_links":{"self":[{"href":"https:\/\/www.cosmolife.it\/de\/wp-json\/wp\/v2\/product\/38176","targetHints":{"allow":["GET"]}}],"collection":[{"href":"https:\/\/www.cosmolife.it\/de\/wp-json\/wp\/v2\/product"}],"about":[{"href":"https:\/\/www.cosmolife.it\/de\/wp-json\/wp\/v2\/types\/product"}],"wp:featuredmedia":[{"embeddable":true,"href":"https:\/\/www.cosmolife.it\/de\/wp-json\/wp\/v2\/media\/38168"}],"wp:attachment":[{"href":"https:\/\/www.cosmolife.it\/de\/wp-json\/wp\/v2\/media?parent=38176"}],"wp:term":[{"taxonomy":"product_brand","embeddable":true,"href":"https:\/\/www.cosmolife.it\/de\/wp-json\/wp\/v2\/product_brand?post=38176"},{"taxonomy":"product_cat","embeddable":true,"href":"https:\/\/www.cosmolife.it\/de\/wp-json\/wp\/v2\/product_cat?post=38176"},{"taxonomy":"product_tag","embeddable":true,"href":"https:\/\/www.cosmolife.it\/de\/wp-json\/wp\/v2\/product_tag?post=38176"}],"curies":[{"name":"wp","href":"https:\/\/api.w.org\/{rel}","templated":true}]}}