{"id":407,"date":"2016-06-16T13:22:22","date_gmt":"2016-06-16T13:22:22","guid":{"rendered":"https:\/\/cosmolife.it\/?product=reishi-il-fungo-dellimmortalita"},"modified":"2026-01-20T01:36:16","modified_gmt":"2026-01-19T23:36:16","slug":"reishi-theimmortalitymushroom","status":"publish","type":"product","link":"https:\/\/www.cosmolife.it\/de\/prodotto\/reishi-theimmortalitymushroom\/","title":{"rendered":"Reishi - der Pilz der Unsterblichkeit - Buch"},"content":{"rendered":"<div>\n<p>Der Reishi (oder Ling Zhi, wie ihn die Chinesen nennen) ist ein Pilz, der im Osten schon seit Jahrtausenden f\u00fcr seine au\u00dfergew\u00f6hnlichen Heilkr\u00e4fte bekannt ist, aber erst seit kurzem im Westen auftaucht und nun auch in Italien in Form eines Nahrungserg\u00e4nzungsmittels erh\u00e4ltlich ist.<\/p>\n<p>Wissenschaftliche Studien zeigen, dass die im Reishi enthaltenen Substanzen auf das Immunsystem wirken, indem sie dessen Abwehrkr\u00e4fte st\u00e4rken und es widerstandsf\u00e4higer machen. Au\u00dferdem wird angenommen, dass er aufgrund dieser Eigenschaften die Langlebigkeit f\u00f6rdert. <\/p>\n<p>Der Reishi-Pilz wird nicht nur als Aphrodisiakum f\u00fcr M\u00e4nner und Frauen verwendet, sondern wird auch zur Linderung der Nebenwirkungen von Radio- und Chemotherapie und zur F\u00f6rderung der Wundheilung hoch gesch\u00e4tzt. Er hat auch entgiftende Eigenschaften und wird in einer Vielzahl von Bereichen eingesetzt, von der Krebsbehandlung bis zur Behandlung von Beschwerden wie Allergien, Angina pectoris, Depressionen, Arthritis, Panikst\u00f6rungen, chronischer Bronchitis, Diabetes, Geschw\u00fcren, Rheuma, Schlaflosigkeit, Akne usw. <\/p>\n<p>Reishi ist ein nat\u00fcrliches Heilmittel, das zur Verbesserung unserer Gesundheit beitragen kann. Viele wissenschaftliche Untersuchungen haben seine N\u00fctzlichkeit sowohl bei der Vorbeugung als auch bei der Wiederherstellung der Gesundheit bei vielen Krankheiten dokumentiert. <\/p>\n<\/div>\n","protected":false},"excerpt":{"rendered":"<p>Der Reishi (oder Ling Zhi, wie ihn die Chinesen nennen) ist ein Pilz, der im Osten schon seit Jahrtausenden f\u00fcr seine au\u00dfergew\u00f6hnlichen Heilkr\u00e4fte bekannt ist, aber erst seit kurzem im Westen auftaucht und nun auch in Italien in Form eines Nahrungserg\u00e4nzungsmittels erh\u00e4ltlich ist.<\/p>\n","protected":false},"featured_media":4785,"template":"","meta":{"_joinchat":[]},"product_brand":[135],"product_cat":[195],"product_tag":[],"class_list":{"0":"post-407","1":"product","2":"type-product","3":"status-publish","4":"has-post-thumbnail","6":"product_brand-cosmolife-de","7":"product_cat-buecher","9":"first","10":"instock","11":"taxable","12":"shipping-taxable","13":"purchasable","14":"product-type-simple"},"_links":{"self":[{"href":"https:\/\/www.cosmolife.it\/de\/wp-json\/wp\/v2\/product\/407","targetHints":{"allow":["GET"]}}],"collection":[{"href":"https:\/\/www.cosmolife.it\/de\/wp-json\/wp\/v2\/product"}],"about":[{"href":"https:\/\/www.cosmolife.it\/de\/wp-json\/wp\/v2\/types\/product"}],"wp:featuredmedia":[{"embeddable":true,"href":"https:\/\/www.cosmolife.it\/de\/wp-json\/wp\/v2\/media\/4785"}],"wp:attachment":[{"href":"https:\/\/www.cosmolife.it\/de\/wp-json\/wp\/v2\/media?parent=407"}],"wp:term":[{"taxonomy":"product_brand","embeddable":true,"href":"https:\/\/www.cosmolife.it\/de\/wp-json\/wp\/v2\/product_brand?post=407"},{"taxonomy":"product_cat","embeddable":true,"href":"https:\/\/www.cosmolife.it\/de\/wp-json\/wp\/v2\/product_cat?post=407"},{"taxonomy":"product_tag","embeddable":true,"href":"https:\/\/www.cosmolife.it\/de\/wp-json\/wp\/v2\/product_tag?post=407"}],"curies":[{"name":"wp","href":"https:\/\/api.w.org\/{rel}","templated":true}]}}