{"id":413,"date":"2016-06-16T13:22:23","date_gmt":"2016-06-16T13:22:23","guid":{"rendered":"https:\/\/cosmolife.it\/?product=cayennepfeffertinktur"},"modified":"2026-03-03T14:28:28","modified_gmt":"2026-03-03T12:28:28","slug":"cayennepeppertincture-1","status":"publish","type":"product","link":"https:\/\/www.cosmolife.it\/de\/prodotto\/cayennepeppertincture-1\/","title":{"rendered":"Cayennepfeffer-Tinktur"},"content":{"rendered":"<div>\n<p>Cayenne-Tinktur wird in Nord-\/S\u00fcdamerika und Asien seit Jahrhunderten in der Naturheilkunde verwendet. Der Cayenne-Extrakt von Cosmolife hat im Vergleich zu anderen mehr als 50 % HU (heat units - Sch\u00e4rfegrad) und ist daher besonders wirksam und es wird empfohlen, nur wenige Tropfen zu verwenden. Leider k\u00f6nnen einem Lebensmittel aufgrund der EU-Gesetzgebung keine gesundheitlichen Eigenschaften zugeschrieben werden.  <\/p>\n<p>Therapeuten k\u00f6nnen uns f\u00fcr weitere Informationen gerne anrufen. Cayenne-Extrakt wirkt vor allem aufgrund seines scharfen Geschmacks; je sch\u00e4rfer der Extrakt ist, desto wirksamer ist er. <\/p>\n<p>Viele Extrakte auf dem europ\u00e4ischen Markt haben nur einen Gardo von 100.000 HU und sind damit an der Grenze ihres therapeutischen Wertes. Cosmolife Cayenne-Extrakt hat einen Wert von 500.000 HU und ist damit eindeutig \u00fcberlegen und wirksam. <\/p>\n<p><strong>Weitere Informationen:<\/strong><\/p>\n<p>Cayennepfeffer-Tinktur - ca. 20 ml - ohne Konservierungsstoffe!<\/p>\n<p>Cayenne-Tinktur wird in Nord-\/S\u00fcdamerika und Asien seit Jahrhunderten in der Naturheilkunde verwendet. Der Cayenne-Extrakt von Cosmolife hat im Vergleich zu anderen mehr als 50 % HU (heat units - Sch\u00e4rfegrad) und ist daher besonders wirksam und es wird empfohlen, nur wenige Tropfen zu verwenden. Leider k\u00f6nnen einem Lebensmittel aufgrund der EU-Gesetzgebung keine gesundheitlichen Eigenschaften zugeschrieben werden.  <\/p>\n<p>Therapeuten k\u00f6nnen uns f\u00fcr weitere Informationen gerne anrufen. Cayenne-Extrakt wirkt vor allem aufgrund seines scharfen Geschmacks; je sch\u00e4rfer der Extrakt ist, desto wirksamer ist er. <\/p>\n<p>Viele Extrakte auf dem europ\u00e4ischen Markt haben nur einen Gardo von 100.000 HU und sind damit an der Grenze ihres therapeutischen Wertes. Der Cayenne-Extrakt von Cosmolife hat einen Wert von 500.000 HU und ist damit weit \u00fcberlegen und wirksam. Nur 3 Tropfen pro Tag sind ausreichend!  <\/p>\n<\/div>\n","protected":false},"excerpt":{"rendered":"<p><strong>Die wichtigsten Funktionen:<\/strong><\/p>\n<ul>\n<li>ohne Konservierungsstoffe<\/li>\n<li>wirkt vor allem wegen seines w\u00fcrzigen Geschmacks<\/li>\n<li>hat einen Wert von 500.000 HU und ist im Vergleich zu anderen Extrakten weit \u00fcberlegen und wirksam<\/li>\n<li>besonders wirksam<\/li>\n<li>3 Tropfen pro Tag<\/li>\n<\/ul>\n","protected":false},"featured_media":5083,"template":"","meta":{"_joinchat":[]},"product_brand":[135],"product_cat":[201],"product_tag":[],"class_list":{"0":"post-413","1":"product","2":"type-product","3":"status-publish","4":"has-post-thumbnail","6":"product_brand-cosmolife-de","7":"product_cat-cayenne-pfeffertinktur","9":"first","10":"instock","11":"taxable","12":"shipping-taxable","13":"purchasable","14":"product-type-simple"},"_links":{"self":[{"href":"https:\/\/www.cosmolife.it\/de\/wp-json\/wp\/v2\/product\/413","targetHints":{"allow":["GET"]}}],"collection":[{"href":"https:\/\/www.cosmolife.it\/de\/wp-json\/wp\/v2\/product"}],"about":[{"href":"https:\/\/www.cosmolife.it\/de\/wp-json\/wp\/v2\/types\/product"}],"wp:featuredmedia":[{"embeddable":true,"href":"https:\/\/www.cosmolife.it\/de\/wp-json\/wp\/v2\/media\/5083"}],"wp:attachment":[{"href":"https:\/\/www.cosmolife.it\/de\/wp-json\/wp\/v2\/media?parent=413"}],"wp:term":[{"taxonomy":"product_brand","embeddable":true,"href":"https:\/\/www.cosmolife.it\/de\/wp-json\/wp\/v2\/product_brand?post=413"},{"taxonomy":"product_cat","embeddable":true,"href":"https:\/\/www.cosmolife.it\/de\/wp-json\/wp\/v2\/product_cat?post=413"},{"taxonomy":"product_tag","embeddable":true,"href":"https:\/\/www.cosmolife.it\/de\/wp-json\/wp\/v2\/product_tag?post=413"}],"curies":[{"name":"wp","href":"https:\/\/api.w.org\/{rel}","templated":true}]}}