{"id":417,"date":"2016-06-16T13:22:24","date_gmt":"2016-06-16T13:22:24","guid":{"rendered":"https:\/\/cosmolife.it\/?product=vitamina-c-ester-535-120kapseln"},"modified":"2026-01-20T01:36:07","modified_gmt":"2026-01-19T23:36:07","slug":"vitaminacester535120cp-1","status":"publish","type":"product","link":"https:\/\/www.cosmolife.it\/de\/prodotto\/vitaminacester535120cp-1\/","title":{"rendered":"Vitamin C Ester 535 120cp"},"content":{"rendered":"<div>\n<p>VITAMIN C535 forte kombiniert verestertes Vitamin C (C-Ester) mit Traubenkernextrakt, Rutin und Quercetin zu einem einzigartigen und leistungsstarken antioxidativen Vitamin-C-Komplex.<\/p>\n<p>Als wesentliche Bestandteile enth\u00e4lt es Komplexe von Mineralstoffen mit spezifischen Vitamin-C-Metaboliten.<\/p>\n<p>Ester C besteht zu etwa 80% aus Vitamin C-Ascorbat und Dehydroascorbat, der nat\u00fcrlichen molekularen Form von Vitamin C, die vom K\u00f6rper am besten aufgenommen wird, zu 15% aus Mineralstoffen und zu 5% aus Ascorbat-Stoffwechselprodukten. Die in Ester C nat\u00fcrlich vorhandenen Stoffwechselprodukte sind voll funktionsf\u00e4hig und biologisch verf\u00fcgbar. <\/p>\n<p><strong>Weitere Informationen:<\/strong><\/p>\n<\/p>\n<p>VITAMIN C535 forte kombiniert verestertes Vitamin C (C-Ester) mit Traubenkernextrakt, Rutin und Quercetin zu einem einzigartigen und leistungsstarken antioxidativen Vitamin-C-Komplex.<\/p>\n<p>Ester C erhielt das erste Patent f\u00fcr Vitamin-C-Produkte, das in den USA nie zuvor erteilt wurde.<\/p>\n<p>Als wesentliche Bestandteile enth\u00e4lt es Komplexe von Mineralstoffen mit spezifischen Vitamin-C-Metaboliten.<\/p>\n<p>Ester C besteht zu etwa 80% aus Vitamin C-Ascorbat und Dehydroascorbat, der nat\u00fcrlichen molekularen Form von Vitamin C, die vom K\u00f6rper am besten aufgenommen wird, zu 15% aus Mineralstoffen und zu 5% aus Ascorbat-Stoffwechselprodukten. Die in Ester C nat\u00fcrlich vorhandenen Stoffwechselprodukte sind voll funktionsf\u00e4hig und biologisch verf\u00fcgbar. <\/p>\n<p>Der Verlust von Ester-C \u00fcber den Urin ist viel geringer als der von Ascorbins\u00e4ure.<\/p>\n<p>Ester C wird schneller aufgenommen und verbleibt doppelt so lange im Blut wie Ascorbins\u00e4ure. Es ist pH-neutral und wird auch bei hoher Dosierung sehr gut vertragen.<\/p>\n<p>Eine Flasche mit 120 Kapseln.<\/p>\n<\/div>\n","protected":false},"excerpt":{"rendered":"<p><strong>Die wichtigsten Funktionen:<\/strong><\/p>\n<ul>\n<li>starkes Antioxidans<\/li>\n<li>hohe biologische Verf\u00fcgbarkeit<\/li>\n<li>ist pH-neutral und wird auch bei hoher Dosierung sehr gut vertragen.<\/li>\n<li>wirksam bei der Behandlung von Infektionen, Zahnfleischsch\u00e4den, Eisenmangelzustand<\/li>\n<li>ideal bei Bindegewebsschw\u00e4che, neurologischen Erkrankungen oder Augenkrankheiten<\/li>\n<\/ul>\n","protected":false},"featured_media":0,"template":"","meta":{"_joinchat":[]},"product_brand":[135],"product_cat":[197],"product_tag":[],"class_list":{"0":"post-417","1":"product","2":"type-product","3":"status-publish","5":"product_brand-cosmolife-de","6":"product_cat-vitamine-1","8":"first","9":"instock","10":"taxable","11":"shipping-taxable","12":"purchasable","13":"product-type-simple"},"_links":{"self":[{"href":"https:\/\/www.cosmolife.it\/de\/wp-json\/wp\/v2\/product\/417","targetHints":{"allow":["GET"]}}],"collection":[{"href":"https:\/\/www.cosmolife.it\/de\/wp-json\/wp\/v2\/product"}],"about":[{"href":"https:\/\/www.cosmolife.it\/de\/wp-json\/wp\/v2\/types\/product"}],"wp:attachment":[{"href":"https:\/\/www.cosmolife.it\/de\/wp-json\/wp\/v2\/media?parent=417"}],"wp:term":[{"taxonomy":"product_brand","embeddable":true,"href":"https:\/\/www.cosmolife.it\/de\/wp-json\/wp\/v2\/product_brand?post=417"},{"taxonomy":"product_cat","embeddable":true,"href":"https:\/\/www.cosmolife.it\/de\/wp-json\/wp\/v2\/product_cat?post=417"},{"taxonomy":"product_tag","embeddable":true,"href":"https:\/\/www.cosmolife.it\/de\/wp-json\/wp\/v2\/product_tag?post=417"}],"curies":[{"name":"wp","href":"https:\/\/api.w.org\/{rel}","templated":true}]}}