{"id":425,"date":"2016-06-16T13:22:25","date_gmt":"2016-06-16T13:22:25","guid":{"rendered":"https:\/\/cosmolife.it\/?product=warm-patch-30-pflaster"},"modified":"2026-01-20T01:36:10","modified_gmt":"2026-01-19T23:36:10","slug":"warm-patch-30-pflaster","status":"publish","type":"product","link":"https:\/\/www.cosmolife.it\/de\/prodotto\/warm-patch-30-pflaster\/","title":{"rendered":"Warm Patch 30 Pflaster"},"content":{"rendered":"<div>\n<p data-start=\"2891\" data-end=\"3357\">Die <strong data-start=\"2895\" data-end=\"2911\">Warm Patches<\/strong> basieren auf den Erkenntnissen der <strong data-start=\"2947\" data-end=\"2992\">Traditionellen Chinesischen Medizin (TCM)<\/strong> und sind eine nat\u00fcrliche Methode zur F\u00f6rderung der <strong data-start=\"3044\" data-end=\"3058\">Entgiftung<\/strong> und zur Linderung von <strong data-start=\"3081\" data-end=\"3113\">Muskeln- und Gelenkschmerzen<\/strong>. Nach den Lehren der TCM sind alle Organe \u00fcber Nervenbahnen und Reflexzonen miteinander verbunden: die Warm Patches nutzen diese Verbindungen, um die Durchblutung zu verbessern, den Stoffwechsel zu aktivieren und die Regeneration zu f\u00f6rdern.<\/p>\n<p data-start=\"3359\" data-end=\"3518\">Jede Packung enth\u00e4lt <strong data-start=\"3380\" data-end=\"3395\">10 Pflaster<\/strong> mit <strong data-start=\"3400\" data-end=\"3446\">w\u00e4rmebildenden Mikrokapseln auf Naturbasis<\/strong>, die \u2013 je nach Anwendungszone \u2013 unterschiedliche Wirkungen entfalten:<\/p>\n<ul data-start=\"3519\" data-end=\"3818\">\n<li data-start=\"3519\" data-end=\"3617\">\n<p data-start=\"3521\" data-end=\"3617\"><strong data-start=\"3521\" data-end=\"3535\">Entgiftend<\/strong>: unterst\u00fctzt die Ausleitung von Toxinen, Schwermetallen und Stoffwechselresten.<\/p>\n<\/li>\n<li data-start=\"3618\" data-end=\"3710\">\n<p data-start=\"3620\" data-end=\"3710\"><strong data-start=\"3620\" data-end=\"3639\">Schmerzlindernd<\/strong>: reduziert Verspannungen, Gelenkbeschwerden und muskul\u00e4re Schmerzen.<\/p>\n<\/li>\n<li data-start=\"3711\" data-end=\"3818\">\n<p data-start=\"3713\" data-end=\"3818\"><strong data-start=\"3713\" data-end=\"3744\">Bei kalten H\u00e4nden und F\u00fc\u00dfen<\/strong>: f\u00f6rdert die Durchblutung der Peripherie und sorgt f\u00fcr angenehme W\u00e4rme.<\/p>\n<\/li>\n<\/ul>\n<p data-start=\"3820\" data-end=\"3853\"><strong data-start=\"3820\" data-end=\"3851\">Nat\u00fcrliche Zusammensetzung:<\/strong><\/p>\n<ul data-start=\"3854\" data-end=\"4342\">\n<li data-start=\"3854\" data-end=\"3924\">\n<p data-start=\"3856\" data-end=\"3924\"><strong data-start=\"3856\" data-end=\"3883\">Eichenessig (asiatisch)<\/strong> \u2013 stark adstringierend und entgiftend.<\/p>\n<\/li>\n<li data-start=\"3925\" data-end=\"3984\">\n<p data-start=\"3927\" data-end=\"3984\"><strong data-start=\"3927\" data-end=\"3941\">Maisst\u00e4rke<\/strong> \u2013 bindet Fl\u00fcssigkeiten und Abfallstoffe.<\/p>\n<\/li>\n<li data-start=\"3985\" data-end=\"4046\">\n<p data-start=\"3987\" data-end=\"4046\"><strong data-start=\"3987\" data-end=\"4020\">Maitake-Pilzpulver (Agaricus)<\/strong> \u2013 \u00f6ffnet die Hautporen.<\/p>\n<\/li>\n<li data-start=\"4047\" data-end=\"4135\">\n<p data-start=\"4049\" data-end=\"4135\"><strong data-start=\"4049\" data-end=\"4074\">Chito-Oligosaccharide<\/strong> \u2013 binden Schwermetalle und Umweltgifte, wirken ents\u00e4uernd.<\/p>\n<\/li>\n<li data-start=\"4136\" data-end=\"4216\">\n<p data-start=\"4138\" data-end=\"4216\"><strong data-start=\"4138\" data-end=\"4158\">Knoblauchextrakt<\/strong> \u2013 erweitert Kapillaren und f\u00f6rdert die Blutzirkulation.<\/p>\n<\/li>\n<li data-start=\"4217\" data-end=\"4286\">\n<p data-start=\"4219\" data-end=\"4286\"><strong data-start=\"4219\" data-end=\"4236\">Ingwerextrakt<\/strong> \u2013 entz\u00fcndungshemmend, krampfl\u00f6send und w\u00e4rmend.<\/p>\n<\/li>\n<li data-start=\"4287\" data-end=\"4342\">\n<p data-start=\"4289\" data-end=\"4342\"><strong data-start=\"4289\" data-end=\"4311\">Mineralsteinpulver<\/strong> \u2013 stabilisiert die Mischung.<\/p>\n<\/li>\n<\/ul>\n<p data-start=\"4344\" data-end=\"4360\"><strong data-start=\"4344\" data-end=\"4358\">Anwendung:<\/strong><\/p>\n<ul data-start=\"4361\" data-end=\"4780\">\n<li data-start=\"4361\" data-end=\"4446\">\n<p data-start=\"4363\" data-end=\"4446\">Abends auf die gew\u00fcnschte Zone kleben und <strong data-start=\"4405\" data-end=\"4426\">bis zu 12 Stunden<\/strong> einwirken lassen.<\/p>\n<\/li>\n<li data-start=\"4447\" data-end=\"4533\">\n<p data-start=\"4449\" data-end=\"4533\">Geeignet f\u00fcr Fu\u00dfsohlen (Leber, Nieren, Galle), Wirbels\u00e4ule, Schultern und Gelenke.<\/p>\n<\/li>\n<li data-start=\"4534\" data-end=\"4597\">\n<p data-start=\"4536\" data-end=\"4597\">Zur allgemeinen Entgiftung: Kur von <strong data-start=\"4572\" data-end=\"4584\">15 Tagen<\/strong> empfohlen.<\/p>\n<\/li>\n<li data-start=\"4598\" data-end=\"4683\">\n<p data-start=\"4600\" data-end=\"4683\">Bei Schmerzen im Bewegungsapparat: Kuren von <strong data-start=\"4645\" data-end=\"4656\">7 Tagen<\/strong>, bei Bedarf wiederholen.<\/p>\n<\/li>\n<li data-start=\"4684\" data-end=\"4780\">\n<p data-start=\"4686\" data-end=\"4780\">Kann als Erg\u00e4nzung zu <strong data-start=\"4708\" data-end=\"4760\">Akupunktur, Akupressur und Fu\u00dfreflexzonenmassage<\/strong> verwendet werden.<\/p>\n<\/li>\n<\/ul>\n<p data-start=\"4782\" data-end=\"4930\">\ud83d\udc49 Die Warm Patches sind eine <strong data-start=\"4812\" data-end=\"4855\">nat\u00fcrliche und praktische Unterst\u00fctzung<\/strong> f\u00fcr bessere Durchblutung, Schmerzlinderung und ganzheitliche Entgiftung.<\/p>\n<\/div>\n","protected":false},"excerpt":{"rendered":"<div>\n<ul>\n<li data-start=\"4985\" data-end=\"5053\">\n<p data-start=\"4987\" data-end=\"5053\">asierend auf der <strong data-start=\"5005\" data-end=\"5050\">Traditionellen Chinesischen Medizin (TCM)<\/strong>.<\/p>\n<\/li>\n<li data-start=\"5054\" data-end=\"5125\">\n<p data-start=\"5056\" data-end=\"5125\"><strong data-start=\"5056\" data-end=\"5079\">Entgiftende Wirkung<\/strong>: Ausleitung von Toxinen und Schwermetallen.<\/p>\n<\/li>\n<li data-start=\"5126\" data-end=\"5191\">\n<p data-start=\"5128\" data-end=\"5191\"><strong data-start=\"5128\" data-end=\"5147\">Schmerzlindernd<\/strong> bei Muskeln, Gelenken, R\u00fccken und Nacken.<\/p>\n<\/li>\n<li data-start=\"5192\" data-end=\"5275\">\n<p data-start=\"5194\" data-end=\"5275\">Mit nat\u00fcrlichen Inhaltsstoffen: Eichenessig, Ingwer, Knoblauch, Maitake, Chito.<\/p>\n<\/li>\n<li data-start=\"5276\" data-end=\"5349\">\n<p data-start=\"5278\" data-end=\"5349\">Packung mit <strong data-start=\"5290\" data-end=\"5306\">10 Pflastern<\/strong>, Anwendung \u00fcber Nacht (max. 12 Stunden).<\/p>\n<\/li>\n<\/ul>\n<\/div>\n","protected":false},"featured_media":5031,"template":"","meta":{"_joinchat":[]},"product_brand":[135],"product_cat":[167],"product_tag":[],"class_list":{"0":"post-425","1":"product","2":"type-product","3":"status-publish","4":"has-post-thumbnail","6":"product_brand-cosmolife-de","7":"product_cat-warm-patch-pflaster-zur-entgif","9":"first","10":"instock","11":"taxable","12":"shipping-taxable","13":"purchasable","14":"product-type-simple"},"_links":{"self":[{"href":"https:\/\/www.cosmolife.it\/de\/wp-json\/wp\/v2\/product\/425","targetHints":{"allow":["GET"]}}],"collection":[{"href":"https:\/\/www.cosmolife.it\/de\/wp-json\/wp\/v2\/product"}],"about":[{"href":"https:\/\/www.cosmolife.it\/de\/wp-json\/wp\/v2\/types\/product"}],"wp:featuredmedia":[{"embeddable":true,"href":"https:\/\/www.cosmolife.it\/de\/wp-json\/wp\/v2\/media\/5031"}],"wp:attachment":[{"href":"https:\/\/www.cosmolife.it\/de\/wp-json\/wp\/v2\/media?parent=425"}],"wp:term":[{"taxonomy":"product_brand","embeddable":true,"href":"https:\/\/www.cosmolife.it\/de\/wp-json\/wp\/v2\/product_brand?post=425"},{"taxonomy":"product_cat","embeddable":true,"href":"https:\/\/www.cosmolife.it\/de\/wp-json\/wp\/v2\/product_cat?post=425"},{"taxonomy":"product_tag","embeddable":true,"href":"https:\/\/www.cosmolife.it\/de\/wp-json\/wp\/v2\/product_tag?post=425"}],"curies":[{"name":"wp","href":"https:\/\/api.w.org\/{rel}","templated":true}]}}