{"id":431,"date":"2016-06-16T13:22:25","date_gmt":"2016-06-16T13:22:25","guid":{"rendered":"https:\/\/cosmolife.it\/?product=warm-patch-3x10"},"modified":"2026-01-20T01:36:06","modified_gmt":"2026-01-19T23:36:06","slug":"warmpatch3x10-1","status":"publish","type":"product","link":"https:\/\/www.cosmolife.it\/de\/prodotto\/warmpatch3x10-1\/","title":{"rendered":"Warmes Pflaster 3&#215;10"},"content":{"rendered":"<div>\n<p data-start=\"317\" data-end=\"767\"><strong data-start=\"319\" data-end=\"333\">W\u00e4rmepflaster<\/strong> basieren auf dem Wissen der <strong data-start=\"367\" data-end=\"405\">Traditionellen Chinesischen Medizin (TCM)<\/strong> und sind eine nat\u00fcrliche Methode zur F\u00f6rderung der <strong data-start=\"457\" data-end=\"478\">Entgiftung<\/strong> und zur Linderung von <strong data-start=\"493\" data-end=\"526\">Muskel- und Gelenkschmerzen<\/strong>. Nach der TCM sind alle Organe durch Nervenbahnen und Reflexzonen miteinander verbunden: Die W\u00e4rmepflaster nutzen genau dieses Netzwerk von Verbindungen, um die Durchblutung anzuregen, den Stoffwechsel zu verbessern und die Regeneration zu unterst\u00fctzen. <\/p>\n<p data-start=\"769\" data-end=\"941\">Jede Packung enth\u00e4lt <strong data-start=\"794\" data-end=\"816\">10 Heftpflaster<\/strong> mit <strong data-start=\"821\" data-end=\"865\">w\u00e4rmenden Mikrokapseln auf nat\u00fcrlicher Basis<\/strong>, die je nach Anwendungsbereich eine spezifische Wirkung entfalten:<\/p>\n<ul data-start=\"942\" data-end=\"1251\">\n<li data-start=\"942\" data-end=\"1039\">\n<p data-start=\"944\" data-end=\"1039\"><strong data-start=\"944\" data-end=\"963\">Entgiftend<\/strong>: stimuliert die Ausscheidung von Toxinen, Schwermetallen und Stoffwechselabf\u00e4llen.<\/p>\n<\/li>\n<li data-start=\"1040\" data-end=\"1153\">\n<p data-start=\"1042\" data-end=\"1153\"><strong data-start=\"1042\" data-end=\"1060\">Schmerzlinderung<\/strong>: reduziert Muskelverspannungen, Gelenkschmerzen und Beschwerden im Zusammenhang mit Steifheit oder \u00dcberlastung.<\/p>\n<\/li>\n<li data-start=\"1154\" data-end=\"1251\">\n<p data-start=\"1156\" data-end=\"1251\"><strong data-start=\"1156\" data-end=\"1197\">F\u00fcr alle, die unter kalten H\u00e4nden und F\u00fc\u00dfen leiden<\/strong>: verbessert die periphere Durchblutung und spendet W\u00e4rme.<\/p>\n<\/li>\n<\/ul>\n<p data-start=\"1253\" data-end=\"1281\"><strong data-start=\"1253\" data-end=\"1279\">Nat\u00fcrliche Zusammensetzung:<\/strong><\/p>\n<ul data-start=\"1282\" data-end=\"1805\">\n<li data-start=\"1282\" data-end=\"1356\">\n<p data-start=\"1284\" data-end=\"1356\"><strong data-start=\"1284\" data-end=\"1313\">Asiatischer Eichenessig<\/strong> - adstringierende und entgiftende Wirkung.<\/p>\n<\/li>\n<li data-start=\"1357\" data-end=\"1403\">\n<p data-start=\"1359\" data-end=\"1403\"><strong data-start=\"1359\" data-end=\"1376\">Maisst\u00e4rke<\/strong> - bindet Schlacke und Fl\u00fcssigkeiten.<\/p>\n<\/li>\n<li data-start=\"1404\" data-end=\"1464\">\n<p data-start=\"1406\" data-end=\"1464\"><strong data-start=\"1406\" data-end=\"1439\">Maitake-Pulver (Agaricus)<\/strong> - \u00f6ffnet die Hautporen.<\/p>\n<\/li>\n<li data-start=\"1465\" data-end=\"1566\">\n<p data-start=\"1467\" data-end=\"1566\"><strong data-start=\"1467\" data-end=\"1494\">Chito-Oligosaccharide<\/strong> - binden Schwermetalle und toxische Substanzen, ents\u00e4uernde Wirkung.<\/p>\n<\/li>\n<li data-start=\"1567\" data-end=\"1641\">\n<p data-start=\"1569\" data-end=\"1641\"><strong data-start=\"1569\" data-end=\"1589\">Knoblauchextrakt<\/strong> - f\u00f6rdert die periphere Durchblutung.<\/p>\n<\/li>\n<li data-start=\"1642\" data-end=\"1738\">\n<p data-start=\"1644\" data-end=\"1738\"><strong data-start=\"1644\" data-end=\"1667\">Ingwerextrakt<\/strong> - entz\u00fcndungshemmende Wirkung, n\u00fctzlich bei Gelenk- und Muskelschmerzen.<\/p>\n<\/li>\n<li data-start=\"1739\" data-end=\"1805\">\n<p data-start=\"1741\" data-end=\"1805\"><strong data-start=\"1741\" data-end=\"1761\">Mineralische Pulver<\/strong> - f\u00f6rdern die Stabilit\u00e4t der Mischung.<\/p>\n<\/li>\n<\/ul>\n<p data-start=\"1807\" data-end=\"1828\"><strong data-start=\"1807\" data-end=\"1826\">Methode der Anwendung:<\/strong><\/p>\n<ul data-start=\"1829\" data-end=\"2219\">\n<li data-start=\"1829\" data-end=\"1881\">\n<p data-start=\"1831\" data-end=\"1881\">Nachts f\u00fcr bis zu <strong data-start=\"1868\" data-end=\"1878\">12 Stunden<\/strong> auftragen <strong data-start=\"1868\" data-end=\"1878\">.<\/strong><\/p>\n<\/li>\n<li data-start=\"1882\" data-end=\"1992\">\n<p data-start=\"1884\" data-end=\"1992\">Empfohlene Bereiche: Fu\u00dfsohlen (Leber, Nieren, Gallenblase), Wirbels\u00e4ule, Schultern, Gelenke.<\/p>\n<\/li>\n<li data-start=\"1993\" data-end=\"2052\">\n<p data-start=\"1995\" data-end=\"2052\">F\u00fcr die allgemeine Entgiftung: <strong data-start=\"2036\" data-end=\"2049\">15-Tage-Zyklus<\/strong>.<\/p>\n<\/li>\n<li data-start=\"2053\" data-end=\"2124\">\n<p data-start=\"2055\" data-end=\"2124\">Bei Muskel-\/Gelenkschmerzen: <strong data-start=\"2097\" data-end=\"2109\">7-t\u00e4gige<\/strong> Zyklen, wiederholbar.<\/p>\n<\/li>\n<li data-start=\"2125\" data-end=\"2219\">\n<p data-start=\"2127\" data-end=\"2219\">Sie kann als Erg\u00e4nzung zur <strong data-start=\"2163\" data-end=\"2216\">Akupunktur, Akupressur und Reflexzonenmassage<\/strong> verwendet werden.<\/p>\n<\/li>\n<\/ul>\n<p data-start=\"2221\" data-end=\"2370\">\ud83d\udc49 W\u00e4rmepflaster sind eine nat\u00fcrliche und praktische L\u00f6sung zur Verbesserung der <strong data-start=\"2293\" data-end=\"2357\">Durchblutung, zur Linderung von Schmerzen und zur F\u00f6rderung der Entgiftung<\/strong> des K\u00f6rpers.<\/p>\n<\/div>\n","protected":false},"excerpt":{"rendered":"<ul>\n<li data-start=\"2423\" data-end=\"2507\">\n<p data-start=\"2425\" data-end=\"2507\">Basierend auf der <strong data-start=\"2438\" data-end=\"2470\">Traditionellen Chinesischen Medizin<\/strong>: Sie stimulieren Reflexzonen und Organe.<\/p>\n<\/li>\n<li data-start=\"2508\" data-end=\"2576\">\n<p data-start=\"2510\" data-end=\"2576\"><strong data-start=\"2518\" data-end=\"2537\">Entgiftende<\/strong> Wirkung (beseitigt Giftstoffe und Schwermetalle).<\/p>\n<\/li>\n<li data-start=\"2577\" data-end=\"2652\">\n<p data-start=\"2579\" data-end=\"2652\"><strong data-start=\"2587\" data-end=\"2605\">Schmerzlindernde<\/strong> Wirkung auf Muskeln, Gelenke, R\u00fccken und Schultern.<\/p>\n<\/li>\n<li data-start=\"2653\" data-end=\"2732\">\n<p data-start=\"2655\" data-end=\"2732\">Mit nat\u00fcrlichen Zutaten: Eichenessig, Ingwer, Knoblauch, Maitake, Chito.<\/p>\n<\/li>\n<li data-start=\"2733\" data-end=\"2810\">\n<p data-start=\"2735\" data-end=\"2810\">Packung mit <strong data-start=\"2749\" data-end=\"2771\">10 Pflastern<\/strong>, die nachts aufgetragen werden (max. 12 Stunden).<\/p>\n<\/li>\n<\/ul>\n","protected":false},"featured_media":5029,"template":"","meta":{"_joinchat":[]},"product_brand":[135],"product_cat":[219,167],"product_tag":[],"class_list":{"0":"post-431","1":"product","2":"type-product","3":"status-publish","4":"has-post-thumbnail","6":"product_brand-cosmolife-de","7":"product_cat-sparpakete","8":"product_cat-warm-patch-pflaster-zur-entgif","10":"first","11":"instock","12":"sale","13":"taxable","14":"shipping-taxable","15":"purchasable","16":"product-type-simple"},"_links":{"self":[{"href":"https:\/\/www.cosmolife.it\/de\/wp-json\/wp\/v2\/product\/431","targetHints":{"allow":["GET"]}}],"collection":[{"href":"https:\/\/www.cosmolife.it\/de\/wp-json\/wp\/v2\/product"}],"about":[{"href":"https:\/\/www.cosmolife.it\/de\/wp-json\/wp\/v2\/types\/product"}],"wp:featuredmedia":[{"embeddable":true,"href":"https:\/\/www.cosmolife.it\/de\/wp-json\/wp\/v2\/media\/5029"}],"wp:attachment":[{"href":"https:\/\/www.cosmolife.it\/de\/wp-json\/wp\/v2\/media?parent=431"}],"wp:term":[{"taxonomy":"product_brand","embeddable":true,"href":"https:\/\/www.cosmolife.it\/de\/wp-json\/wp\/v2\/product_brand?post=431"},{"taxonomy":"product_cat","embeddable":true,"href":"https:\/\/www.cosmolife.it\/de\/wp-json\/wp\/v2\/product_cat?post=431"},{"taxonomy":"product_tag","embeddable":true,"href":"https:\/\/www.cosmolife.it\/de\/wp-json\/wp\/v2\/product_tag?post=431"}],"curies":[{"name":"wp","href":"https:\/\/api.w.org\/{rel}","templated":true}]}}