{"id":439,"date":"2016-06-16T13:22:26","date_gmt":"2016-06-16T13:22:26","guid":{"rendered":"https:\/\/cosmolife.it\/?product=bio-chip"},"modified":"2026-02-13T16:24:07","modified_gmt":"2026-02-13T14:24:07","slug":"biochip-1","status":"publish","type":"product","link":"https:\/\/www.cosmolife.it\/de\/prodotto\/biochip-1\/","title":{"rendered":"Biochip"},"content":{"rendered":"<div>\n<p data-start=\"346\" data-end=\"725\">Der Biochip ist ein innovatives Wellness-Zubeh\u00f6r, das ein ausgeglicheneres Energieumfeld bei der Benutzung eines Mobiltelefons f\u00f6rdern soll.<br data-start=\"487\" data-end=\"490\">Der Biochip wird nach den Prinzipien der Bioenergetik direkt am Telefon angebracht und hilft nach Angaben seiner Benutzer, eine Art harmonisierendes Feld in einem Radius von etwa 2 Metern um das Ger\u00e4t herum zu schaffen.<\/p>\n<p data-start=\"727\" data-end=\"1253\">Viele Benutzer berichten von einem Gef\u00fchl gr\u00f6\u00dferer Ruhe und geringerer M\u00fcdigkeit w\u00e4hrend und nach Telefonaten. Ziel des Biochips ist es, <strong data-start=\"874\" data-end=\"907\">die<\/strong> als potenziell belastend empfundenen <strong data-start=\"874\" data-end=\"907\">3G- und 4G-Signale zu harmonisieren<\/strong>, indem er sie auf einer subtilen Ebene in Frequenzen umwandelt, die als vertr\u00e4glicher mit dem bioenergetischen Gleichgewicht des K\u00f6rpers angesehen werden.<br data-start=\"1085\" data-end=\"1088\">Dieser Prozess eliminiert die elektromagnetischen Wellen nicht, sondern zielt darauf ab, <strong data-start=\"1153\" data-end=\"1195\">ihre wahrgenommenen energetischen Auswirkungen zu reduzieren<\/strong> und so ein angenehmeres und entspannteres Nutzererlebnis zu f\u00f6rdern. <\/p>\n<p data-start=\"1255\" data-end=\"1437\">Die st\u00e4ndige Verwendung des Biochips kann dazu beitragen, das subjektive Stressgef\u00fchl, das mit h\u00e4ufigen und langen Telefonaten verbunden ist, zu verringern und das t\u00e4gliche Wohlbefinden zu steigern.<\/p>\n<\/div>\n","protected":false},"excerpt":{"rendered":"<div>\n<h3 data-start=\"611\" data-end=\"636\">Die wichtigsten Vorteile:<\/h3>\n<ul data-start=\"637\" data-end=\"823\">\n<li data-start=\"637\" data-end=\"671\">\n<p data-start=\"639\" data-end=\"671\">Harmonisierung der 3G- und 4G-Frequenzen<\/p>\n<\/li>\n<li data-start=\"637\" data-end=\"671\">\n<p data-start=\"639\" data-end=\"671\">Erzeugt ein Energiefeld von 2 m<\/p>\n<\/li>\n<li data-start=\"708\" data-end=\"748\">\n<p data-start=\"710\" data-end=\"748\">Reduziert Stress bei Anrufen<\/p>\n<\/li>\n<li data-start=\"749\" data-end=\"780\">\n<p data-start=\"751\" data-end=\"780\">F\u00f6rdert Ruhe und Wohlbefinden<\/p>\n<\/li>\n<li data-start=\"781\" data-end=\"823\">\n<p data-start=\"783\" data-end=\"823\">Es wird einfach und diskret angewendet<\/p>\n<\/li>\n<\/ul>\n<\/div>\n","protected":false},"featured_media":9284,"template":"","meta":{"_joinchat":[]},"product_brand":[135],"product_cat":[181],"product_tag":[],"class_list":{"0":"post-439","1":"product","2":"type-product","3":"status-publish","4":"has-post-thumbnail","6":"product_brand-cosmolife-de","7":"product_cat-biochip-elektrosmogschutz","9":"first","10":"instock","11":"taxable","12":"shipping-taxable","13":"purchasable","14":"product-type-simple"},"_links":{"self":[{"href":"https:\/\/www.cosmolife.it\/de\/wp-json\/wp\/v2\/product\/439","targetHints":{"allow":["GET"]}}],"collection":[{"href":"https:\/\/www.cosmolife.it\/de\/wp-json\/wp\/v2\/product"}],"about":[{"href":"https:\/\/www.cosmolife.it\/de\/wp-json\/wp\/v2\/types\/product"}],"wp:featuredmedia":[{"embeddable":true,"href":"https:\/\/www.cosmolife.it\/de\/wp-json\/wp\/v2\/media\/9284"}],"wp:attachment":[{"href":"https:\/\/www.cosmolife.it\/de\/wp-json\/wp\/v2\/media?parent=439"}],"wp:term":[{"taxonomy":"product_brand","embeddable":true,"href":"https:\/\/www.cosmolife.it\/de\/wp-json\/wp\/v2\/product_brand?post=439"},{"taxonomy":"product_cat","embeddable":true,"href":"https:\/\/www.cosmolife.it\/de\/wp-json\/wp\/v2\/product_cat?post=439"},{"taxonomy":"product_tag","embeddable":true,"href":"https:\/\/www.cosmolife.it\/de\/wp-json\/wp\/v2\/product_tag?post=439"}],"curies":[{"name":"wp","href":"https:\/\/api.w.org\/{rel}","templated":true}]}}