{"id":443,"date":"2016-06-16T13:22:26","date_gmt":"2016-06-16T13:22:26","guid":{"rendered":"https:\/\/cosmolife.it\/?product=bio-chip-10-3-gratis"},"modified":"2025-08-22T23:54:20","modified_gmt":"2025-08-22T23:54:20","slug":"bio-chip-103-gratis-1","status":"publish","type":"product","link":"https:\/\/www.cosmolife.it\/de\/prodotto\/bio-chip-103-gratis-1\/","title":{"rendered":"Bio Chip 10+3 gratis"},"content":{"rendered":"<div>\n<p>Der BIOchip von NG-Naturtechnologie ist eine quantenphysikalische Neuentwicklung zur feinstofflichen Harmonisierung von Mobiltelefonen, Schnurlostelefonen und deren unmittelbare Umgebung. In einer langen Versuchsreihe ist es gelungen Handys und Schnurlostelefone feinstofflich so zu informieren, dass die zur Harmonisierung notwendigen feinstofflichen Informationen \u00fcber ein Handy oder Schnurlostelefon \u00fcbertragen werden k\u00f6nnen. Damit besteht erstmals die M\u00f6glichkeit dort wo sich das Handy mit dem BIOchip befindet in einem Umkreis von bis zu 2 Meter um das Handy oder Schnurlostelefon einen bioenergetischen Schutz gegen die Auswirkungen von Elektrosmog und Erdstrahlung zu erm\u00f6glichen. Der BIOchip bewirkt, dass die feinstofflichen belastenden Energiemuster von Elektrosmog und Erdstrahlung bioenergetisch so ver\u00e4ndert werden, dass sie mit den K\u00f6rperzellen von Lebewesen keine Resonanzen bilden und sich in diesen nicht manifestieren oder speichern. Einsatzgebiete:<\/p>\n<ul>\n<li>Im B\u00fcro zur bioenergetischen Harmonisierung eines Arbeitsplatzes.<\/li>\n<li>Im Freien zu bioenergetischen Schutz gegen Elektrosmog.<\/li>\n<li>Im Freien zum bioenergetischen Schutz gegen Erdstrahlung.<\/li>\n<li>In Schulen zum bioenergetischen Schutz von Elektrosmog und Erdstrahlung.<\/li>\n<\/ul>\n<p><em><strong>Anwendung:<\/strong><\/em>Der BIOchip wird einfach am oder im Handy oder Schnurlostelefon angebracht.<br \/><em><strong>Wirkbereich:<\/strong><\/em>2 Meter nach allen Richtungen (Kugelform) um das Handy oder Schnurlostelefon in dem der BIOchip angebracht ist.<br \/><em><strong>Ma\u00dfe:<\/strong><\/em>30 mal 20 mm F\u00fcr weitere Informationen stehen wir gerne zur Verf\u00fcgung.<\/p>\n<\/div>\n","protected":false},"excerpt":{"rendered":"<p>Der BIOchip von NG-Naturtechnologie ist eine quantenphysikalische Neuentwicklung zur feinstofflichen Harmonisierung von Mobiltelefonen, Schnurlostelefonen und deren unmittelbare Umgebung. In einer<\/p>\n","protected":false},"featured_media":4808,"template":"","meta":{"_joinchat":[]},"product_brand":[135],"product_cat":[181,219],"product_tag":[],"class_list":{"0":"post-443","1":"product","2":"type-product","3":"status-publish","4":"has-post-thumbnail","6":"product_brand-cosmolife-de","7":"product_cat-biochip-elektrosmogschutz","8":"product_cat-sparpakete","10":"first","11":"instock","12":"taxable","13":"shipping-taxable","14":"purchasable","15":"product-type-simple"},"_links":{"self":[{"href":"https:\/\/www.cosmolife.it\/de\/wp-json\/wp\/v2\/product\/443","targetHints":{"allow":["GET"]}}],"collection":[{"href":"https:\/\/www.cosmolife.it\/de\/wp-json\/wp\/v2\/product"}],"about":[{"href":"https:\/\/www.cosmolife.it\/de\/wp-json\/wp\/v2\/types\/product"}],"wp:featuredmedia":[{"embeddable":true,"href":"https:\/\/www.cosmolife.it\/de\/wp-json\/wp\/v2\/media\/4808"}],"wp:attachment":[{"href":"https:\/\/www.cosmolife.it\/de\/wp-json\/wp\/v2\/media?parent=443"}],"wp:term":[{"taxonomy":"product_brand","embeddable":true,"href":"https:\/\/www.cosmolife.it\/de\/wp-json\/wp\/v2\/product_brand?post=443"},{"taxonomy":"product_cat","embeddable":true,"href":"https:\/\/www.cosmolife.it\/de\/wp-json\/wp\/v2\/product_cat?post=443"},{"taxonomy":"product_tag","embeddable":true,"href":"https:\/\/www.cosmolife.it\/de\/wp-json\/wp\/v2\/product_tag?post=443"}],"curies":[{"name":"wp","href":"https:\/\/api.w.org\/{rel}","templated":true}]}}