{"id":449,"date":"2016-06-16T13:22:26","date_gmt":"2016-06-16T13:22:26","guid":{"rendered":"https:\/\/cosmolife.it\/?product=bio-chip-5-1-gratis"},"modified":"2026-01-20T01:35:57","modified_gmt":"2026-01-19T23:35:57","slug":"bio-chip-51-gratis-1","status":"publish","type":"product","link":"https:\/\/www.cosmolife.it\/de\/prodotto\/bio-chip-51-gratis-1\/","title":{"rendered":"Bio Chip 5+1 kostenlos"},"content":{"rendered":"<div>\n<h4>Sparpaket! 6 Chips f\u00fcr den Preis von 5! <\/h4>\n<h4>Harmonisiert die Strahlung<\/h4>\n<p><strong>Telefonieren, ohne Ihre Gesundheit zu riskieren<\/strong><\/p>\n<ul>\n<li>sch\u00fctzt vor gef\u00e4hrlicher Strahlung von Mobiltelefonen<\/li>\n<li>schafft einen Schutzradius von 2&#215;2 Metern (8 m3)<\/li>\n<li>sch\u00fctzt vor allen Quellen von Elektrosmog<\/li>\n<\/ul>\n<p>Dort, wo sich das Mobiltelefon mit dem <strong>BIOchip<\/strong> befindet, wird ein bioenergetischer Schutz gegen die Auswirkungen von elektromagnetischer Verschmutzung und Erdstrahlen in einem Radius von 2 m um das Mobiltelefon herum geschaffen.<br \/>\nDer <strong>BIOchip<\/strong> modifiziert bioenergetisch die subtilen Muster elektromagnetischer Energie und belastender Erdstrahlen, so dass sie nicht mehr mit den organischen Zellen von Lebewesen in Resonanz treten. Infolgedessen manifestieren und speichern sie sich nicht mehr in ihnen. <\/p>\n<p><strong>VORTEILE<\/strong><\/p>\n<ul>\n<li>die Bildung von Stresshormonen durch Telefonate minimiert<\/li>\n<li>digitale Mikrowellen und Analoga werden nicht mehr im Blutkreislauf gespeichert<\/li>\n<li>die Verschmutzung durch Mobiltelefone auf ein Minimum reduziert wird<\/li>\n<li>das Chip-Handy kann auf allen elektronischen Ger\u00e4ten verwendet werden<\/li>\n<li>das Chip-Handy kann auch mit dem drahtlosen Netzwerk verwendet werden<\/li>\n<li>der Zellchip harmonisiert auch die Frequenzen von Computerprozessoren und Notebooks<\/li>\n<\/ul>\n<\/div>\n","protected":false},"excerpt":{"rendered":"<p>Sparpaket! 6 Chips f\u00fcr den Preis von 5! Harmonisiert die Strahlung Telefonieren, ohne Ihre Gesundheit zu riskieren sch\u00fctzt vor gef\u00e4hrlicher<\/p>\n","protected":false},"featured_media":9280,"template":"","meta":{"_joinchat":[]},"product_brand":[135],"product_cat":[181,219],"product_tag":[],"class_list":{"0":"post-449","1":"product","2":"type-product","3":"status-publish","4":"has-post-thumbnail","6":"product_brand-cosmolife-de","7":"product_cat-biochip-elektrosmogschutz","8":"product_cat-sparpakete","10":"first","11":"instock","12":"taxable","13":"shipping-taxable","14":"purchasable","15":"product-type-simple"},"_links":{"self":[{"href":"https:\/\/www.cosmolife.it\/de\/wp-json\/wp\/v2\/product\/449","targetHints":{"allow":["GET"]}}],"collection":[{"href":"https:\/\/www.cosmolife.it\/de\/wp-json\/wp\/v2\/product"}],"about":[{"href":"https:\/\/www.cosmolife.it\/de\/wp-json\/wp\/v2\/types\/product"}],"wp:featuredmedia":[{"embeddable":true,"href":"https:\/\/www.cosmolife.it\/de\/wp-json\/wp\/v2\/media\/9280"}],"wp:attachment":[{"href":"https:\/\/www.cosmolife.it\/de\/wp-json\/wp\/v2\/media?parent=449"}],"wp:term":[{"taxonomy":"product_brand","embeddable":true,"href":"https:\/\/www.cosmolife.it\/de\/wp-json\/wp\/v2\/product_brand?post=449"},{"taxonomy":"product_cat","embeddable":true,"href":"https:\/\/www.cosmolife.it\/de\/wp-json\/wp\/v2\/product_cat?post=449"},{"taxonomy":"product_tag","embeddable":true,"href":"https:\/\/www.cosmolife.it\/de\/wp-json\/wp\/v2\/product_tag?post=449"}],"curies":[{"name":"wp","href":"https:\/\/api.w.org\/{rel}","templated":true}]}}