{"id":453,"date":"2016-06-16T13:22:27","date_gmt":"2016-06-16T13:22:27","guid":{"rendered":"https:\/\/cosmolife.it\/?product=e-smog-chip"},"modified":"2026-02-13T16:24:07","modified_gmt":"2026-02-13T14:24:07","slug":"e-smog-chip-1","status":"publish","type":"product","link":"https:\/\/www.cosmolife.it\/de\/prodotto\/e-smog-chip-1\/","title":{"rendered":"E-Smog Chip"},"content":{"rendered":"<h2><strong>T\u00e4glicher Schutz vor unsichtbarem Stress - mit dem E-Smog-Chip<\/strong><\/h2>\n<p>Wir leben inmitten von Technologie: drahtlose Netzwerke, Router, Bluetooth, schnurlose Telefone, Bildschirme, Computer, Fernseher, Soundsysteme&#8230;<br \/>\nDiese Ger\u00e4te senden st\u00e4ndig elektromagnetische Signale aus, die nicht wahrnehmbar, aber \u00fcberall pr\u00e4sent sind.<\/p>\n<p>Der menschliche K\u00f6rper <strong>nimmt sie wahr<\/strong> - und reagiert mit Stress, M\u00fcdigkeit, Konzentrationsschwierigkeiten, Schlafst\u00f6rungen oder einem allgemeinen Gef\u00fchl der Ersch\u00f6pfung.<br \/>\nEs ist eine moderne Realit\u00e4t, aber nicht unvermeidlich.<\/p>\n<p>Mit dem<strong>E-Smog-Chip<\/strong> k\u00f6nnen Sie sich sch\u00fctzen: ein subtiles Ger\u00e4t, das auf der Quantenphysik basiert und st\u00f6rende Frequenzen in <strong>neutrale, harmonische Schwingungen<\/strong> umwandelt.<\/p>\n<h2>Ein unsichtbares Gleichgewicht - ein greifbares Wohlbefinden<\/h2>\n<p>Der E-Smog-Chip ver\u00e4ndert nicht die Ger\u00e4te, sondern die <strong>Feinstruktur der emittierten Strahlung<\/strong>.<br \/>\nSo <strong>geht<\/strong> der K\u00f6rper nicht mehr mit st\u00f6renden Frequenzen <strong>in Resonanz<\/strong> - und l\u00e4sst sich nicht mehr destabilisieren.<\/p>\n<p>Die Vorteile sind sp\u00fcrbar:<\/p>\n<ul>\n<li>mehr geistige Klarheit<\/li>\n<li>mehr Entspannung<\/li>\n<li>weniger Erm\u00fcdung mit der Zeit<\/li>\n<li>mehr Wohlbefinden im t\u00e4glichen Leben<\/li>\n<\/ul>\n<p>Wo immer Sie sind - zu Hause, bei der Arbeit, unterwegs -<br \/>\n<strong>Der E-Smog-Chip sch\u00fctzt Sie im Stillen<\/strong>, jeden Tag.<\/p>\n<p>???? Bringen Sie es einfach direkt auf dem Ger\u00e4t an: Router, Bildschirm, Computer, schnurlose Basisstation usw.<\/p>\n","protected":false},"excerpt":{"rendered":"<h3><strong>Die 5 wichtigsten Vorteile des E-Smog-Chips:<\/strong><\/h3>\n<ol>\n<li>Reduziert die Produktion von Stresshormonen in Gegenwart von Strahlung<\/li>\n<li>Mikrowellen haften nicht mehr im Blut<\/li>\n<li>Die Exposition gegen\u00fcber Elektrosmog wird deutlich verringert<\/li>\n<li>Kompatibel mit Ger\u00e4ten wie Routern, Computern, Fernsehern, Soundsystemen<\/li>\n<li>Auch perfekt f\u00fcr drahtlose Netzwerke und schnurlose Telefone<\/li>\n<\/ol>\n","protected":false},"featured_media":775,"template":"","meta":{"_joinchat":[]},"product_brand":[135],"product_cat":[183],"product_tag":[],"class_list":{"0":"post-453","1":"product","2":"type-product","3":"status-publish","4":"has-post-thumbnail","6":"product_brand-cosmolife-de","7":"product_cat-e-smog-chip-1","9":"first","10":"instock","11":"taxable","12":"shipping-taxable","13":"purchasable","14":"product-type-simple"},"_links":{"self":[{"href":"https:\/\/www.cosmolife.it\/de\/wp-json\/wp\/v2\/product\/453","targetHints":{"allow":["GET"]}}],"collection":[{"href":"https:\/\/www.cosmolife.it\/de\/wp-json\/wp\/v2\/product"}],"about":[{"href":"https:\/\/www.cosmolife.it\/de\/wp-json\/wp\/v2\/types\/product"}],"wp:featuredmedia":[{"embeddable":true,"href":"https:\/\/www.cosmolife.it\/de\/wp-json\/wp\/v2\/media\/775"}],"wp:attachment":[{"href":"https:\/\/www.cosmolife.it\/de\/wp-json\/wp\/v2\/media?parent=453"}],"wp:term":[{"taxonomy":"product_brand","embeddable":true,"href":"https:\/\/www.cosmolife.it\/de\/wp-json\/wp\/v2\/product_brand?post=453"},{"taxonomy":"product_cat","embeddable":true,"href":"https:\/\/www.cosmolife.it\/de\/wp-json\/wp\/v2\/product_cat?post=453"},{"taxonomy":"product_tag","embeddable":true,"href":"https:\/\/www.cosmolife.it\/de\/wp-json\/wp\/v2\/product_tag?post=453"}],"curies":[{"name":"wp","href":"https:\/\/api.w.org\/{rel}","templated":true}]}}