{"id":501,"date":"2016-06-16T13:22:28","date_gmt":"2016-06-16T13:22:28","guid":{"rendered":"https:\/\/cosmolife.it\/?product=terrabiosa-aktiv-x3"},"modified":"2026-04-20T17:54:02","modified_gmt":"2026-04-20T15:54:02","slug":"terrabiosaaktivx3-1","status":"publish","type":"product","link":"https:\/\/www.cosmolife.it\/de\/prodotto\/terrabiosaaktivx3-1\/","title":{"rendered":"Terra Biosa Aktiv x3"},"content":{"rendered":"<div>\n<p>Terra Biosa Aktiv wird aus dem Terra Biosa Konzentrat gewonnen und hat die gleichen Eigenschaften, allerdings zu einem niedrigeren Preis. Wer seine Pflanzen und den ganzen Garten sorgf\u00e4ltig w\u00e4ssert, kann sich \u00fcber gesunde Pflanzen, schmackhaftes Gem\u00fcse, saftiges Obst, aroma- und farbintensive Blumen, einen gr\u00fcnen und lebendigen Rasen sowie einen Kompost freuen, der nicht schlecht riecht. Mit Terra Biosa Aktiv h\u00e4lt der Boden das Wasser besser zur\u00fcck und die Pflanzen werden weniger anf\u00e4llig f\u00fcr Trockenheit, wodurch sie ges\u00fcnder und widerstandsf\u00e4higer gegen Sch\u00e4dlinge werden.  <\/p>\n<p>&nbsp;<\/p>\n<p><strong>Die wichtigsten Funktionen:<\/strong><\/p>\n<ul>\n<li>k\u00f6nnen sich an gesunden Pflanzen und schmackhaftem Gem\u00fcse erfreuen<\/li>\n<li>Intensive Blumen mit Aroma und Farbe<\/li>\n<li>eine lebendige gr\u00fcne Wiese<\/li>\n<li>nicht fluchende Verbindung<\/li>\n<li>macht Pflanzen widerstandsf\u00e4higer gegen Sch\u00e4dlinge<\/li>\n<\/ul>\n<p>&nbsp;<\/p>\n<p><strong>Weitere Informationen:<\/strong><\/p>\n<p>Terra Biosa Aktiv wird aus dem Terra Biosa Konzentrat gewonnen und hat die gleichen Eigenschaften, allerdings zu einem niedrigeren Preis. Wer seine Pflanzen und den ganzen Garten sorgf\u00e4ltig w\u00e4ssert, kann sich \u00fcber gesunde Pflanzen, schmackhaftes Gem\u00fcse, saftiges Obst, aroma- und farbintensive Blumen, einen gr\u00fcnen und lebendigen Rasen sowie einen Kompost freuen, der nicht schlecht riecht. Mit Terra Biosa Aktiv h\u00e4lt der Boden das Wasser besser zur\u00fcck und die Pflanzen werden weniger anf\u00e4llig f\u00fcr Trockenheit, wodurch sie ges\u00fcnder und widerstandsf\u00e4higer gegen Sch\u00e4dlinge werden.  <\/p>\n<p>Mikroorganismen stellen den Boden und die Pflanzen wieder her.Terra Biosa ist ein reines Naturprodukt.<\/p>\n<p>&nbsp;<\/p>\n<p><strong>Verschiedene Typen:<\/strong><\/p>\n<p>Terra Biosa Aktiv, Terra Biosa Aktiv x3<\/p>\n<\/div>\n","protected":false},"excerpt":{"rendered":"<p>6 EURO SPAREN!!!<\/p>\n","protected":false},"featured_media":503,"template":"","meta":{"_joinchat":[]},"product_brand":[],"product_cat":[141,219,189],"product_tag":[],"class_list":{"0":"post-501","1":"product","2":"type-product","3":"status-publish","4":"has-post-thumbnail","6":"product_cat-haushalt","7":"product_cat-sparpakete","8":"product_cat-terra-biosa-1","10":"first","11":"instock","12":"taxable","13":"shipping-taxable","14":"purchasable","15":"product-type-simple"},"_links":{"self":[{"href":"https:\/\/www.cosmolife.it\/de\/wp-json\/wp\/v2\/product\/501","targetHints":{"allow":["GET"]}}],"collection":[{"href":"https:\/\/www.cosmolife.it\/de\/wp-json\/wp\/v2\/product"}],"about":[{"href":"https:\/\/www.cosmolife.it\/de\/wp-json\/wp\/v2\/types\/product"}],"wp:featuredmedia":[{"embeddable":true,"href":"https:\/\/www.cosmolife.it\/de\/wp-json\/wp\/v2\/media\/503"}],"wp:attachment":[{"href":"https:\/\/www.cosmolife.it\/de\/wp-json\/wp\/v2\/media?parent=501"}],"wp:term":[{"taxonomy":"product_brand","embeddable":true,"href":"https:\/\/www.cosmolife.it\/de\/wp-json\/wp\/v2\/product_brand?post=501"},{"taxonomy":"product_cat","embeddable":true,"href":"https:\/\/www.cosmolife.it\/de\/wp-json\/wp\/v2\/product_cat?post=501"},{"taxonomy":"product_tag","embeddable":true,"href":"https:\/\/www.cosmolife.it\/de\/wp-json\/wp\/v2\/product_tag?post=501"}],"curies":[{"name":"wp","href":"https:\/\/api.w.org\/{rel}","templated":true}]}}