{"id":509,"date":"2016-06-16T13:22:29","date_gmt":"2016-06-16T13:22:29","guid":{"rendered":"https:\/\/cosmolife.it\/?product=bio-reco-300"},"modified":"2026-01-20T01:35:41","modified_gmt":"2026-01-19T23:35:41","slug":"bioreco300-1","status":"publish","type":"product","link":"https:\/\/www.cosmolife.it\/de\/prodotto\/bioreco300-1\/","title":{"rendered":"Bio Reco 300"},"content":{"rendered":"<div>\n<p>Bio Reco ist ein Sauerstoffstimulator, der das Wasser durch die Erzeugung von Mikrobl\u00e4schen effektiv mit Sauerstoff anreichert. Die Prinzipien von Bio Reco beruhen auf der Theorie der nat\u00fcrlichen Bewegungen, wie sie von Viktor Schauberger beschrieben wurde. <\/p>\n<p>Nach Schauberger bewegen sich die Wassermolek\u00fcle in frei beweglichem Wasser in unendlichen Spiralen.<\/p>\n<\/div>\n","protected":false},"excerpt":{"rendered":"<p>Seen und Teiche k\u00f6nnen sich von idyllischen Biotopen in stinkende Schlamml\u00f6cher verwandeln. Es handelt sich um komplexe \u00d6kosysteme, wo viele Faktoren zusammenspielen.Das Prinzip des\u00a0<span>Bio Reco<\/span>\u00a0basiert auf der Theorie der nat\u00fcrlichen Bewegungen des Wassers. Danach bewegen sich die Wassermolek\u00fcle in sauberem Wasser in ihrer nat\u00fcrlichen Form in endlosen Spiralen.<\/p>\n","protected":false},"featured_media":511,"template":"","meta":{"_joinchat":[]},"product_brand":[135],"product_cat":[179],"product_tag":[],"class_list":{"0":"post-509","1":"product","2":"type-product","3":"status-publish","4":"has-post-thumbnail","6":"product_brand-cosmolife-de","7":"product_cat-bioreco-1","9":"first","10":"outofstock","11":"taxable","12":"shipping-taxable","13":"purchasable","14":"product-type-simple"},"_links":{"self":[{"href":"https:\/\/www.cosmolife.it\/de\/wp-json\/wp\/v2\/product\/509","targetHints":{"allow":["GET"]}}],"collection":[{"href":"https:\/\/www.cosmolife.it\/de\/wp-json\/wp\/v2\/product"}],"about":[{"href":"https:\/\/www.cosmolife.it\/de\/wp-json\/wp\/v2\/types\/product"}],"wp:featuredmedia":[{"embeddable":true,"href":"https:\/\/www.cosmolife.it\/de\/wp-json\/wp\/v2\/media\/511"}],"wp:attachment":[{"href":"https:\/\/www.cosmolife.it\/de\/wp-json\/wp\/v2\/media?parent=509"}],"wp:term":[{"taxonomy":"product_brand","embeddable":true,"href":"https:\/\/www.cosmolife.it\/de\/wp-json\/wp\/v2\/product_brand?post=509"},{"taxonomy":"product_cat","embeddable":true,"href":"https:\/\/www.cosmolife.it\/de\/wp-json\/wp\/v2\/product_cat?post=509"},{"taxonomy":"product_tag","embeddable":true,"href":"https:\/\/www.cosmolife.it\/de\/wp-json\/wp\/v2\/product_tag?post=509"}],"curies":[{"name":"wp","href":"https:\/\/api.w.org\/{rel}","templated":true}]}}