{"id":513,"date":"2016-06-16T13:22:29","date_gmt":"2016-06-16T13:22:29","guid":{"rendered":"https:\/\/cosmolife.it\/?product=bio-reco-800"},"modified":"2026-01-20T01:35:39","modified_gmt":"2026-01-19T23:35:39","slug":"bioreco800-1","status":"publish","type":"product","link":"https:\/\/www.cosmolife.it\/de\/prodotto\/bioreco800-1\/","title":{"rendered":"Bio Reco 800"},"content":{"rendered":"<div>\n<p>Seen und Teiche k\u00f6nnen sich von idyllischen Biotopen in \u00fcbelriechende Schlammpf\u00fctzen verwandeln. Es handelt sich um komplexe \u00d6kosysteme, bei denen viele Faktoren eine Rolle spielen. Durch die Zugabe von Terra Biosa zu dem Wasser ver\u00e4ndert sich die Zusammensetzung der Mikroorganismen im Wasser. Anaerobe Mikroorganismen, die giftige Stoffe wie Schwefelwasserstoff und Methan produzieren, finden schlechte Lebensbedingungen vor. Dadurch wird ein Prozess in Gang gesetzt, der n\u00fctzliche Bakterien und Pilze beg\u00fcnstigt und somit eine wichtige Rolle bei der Wiederherstellung des nat\u00fcrlichen Gleichgewichts spielt, in dem Fische und Pflanzen wachsen k\u00f6nnen.    <\/p>\n<p><\/p>\n<p><b>Weitere Informationen:<\/b><\/p>\n<p>Seen und Teiche k\u00f6nnen sich von idyllischen Biotopen in \u00fcbelriechende Schlammpf\u00fctzen verwandeln. Dies ist oft auf die \u00fcberm\u00e4\u00dfige Zufuhr von N\u00e4hrstoffen zur\u00fcckzuf\u00fchren, die \u00fcber den Bedarf der Pflanzen hinausgehen und die Grundlage f\u00fcr ein abnormales Algenwachstum bilden. Seen und Teiche sind komplexe \u00d6kosysteme, bei denen viele Faktoren eine Rolle spielen. Aus diesem Grund ist es wichtig, vor der Reinigung zu entscheiden, wie die verschiedenen Faktoren kombiniert werden sollen, und das Reinigungsverfahren selbst zu planen. Umst\u00e4nde, die eine Rolle spielen, sind zum Beispiel:    <\/p>\n<ul>\n<li>\n<ul>\n<li><span style=\"text-decoration:underline;\">N\u00e4hrstoffversorgung<\/span><br \/> Die erste Frage, die sich stellt, ist: Woher kommen die N\u00e4hrstoffe? <br \/> N\u00e4hrstoffe k\u00f6nnen aus Entw\u00e4sserungskan\u00e4len, Oberfl\u00e4chenwasser von landwirtschaftlichen Fl\u00e4chen oder im schlimmsten Fall aus dem Zufluss von verschmutztem oder ungereinigtem Wasser stammen. Der Zufluss von N\u00e4hrstoffen muss begrenzt oder, wenn m\u00f6glich, gestoppt werden. Das Mindeste, was man tun kann, ist zu pr\u00fcfen, ob es eine M\u00f6glichkeit gibt, ein einfaches Kl\u00e4rsystem zu implementieren, um den Zufluss einzud\u00e4mmen. Dies kann zum Beispiel mit einem einfachen biologischen Filter oder mit einem Filter, der aus einer gro\u00dfen Wurzelzone besteht, geschehen;   <\/li>\n<\/ul>\n<\/li>\n<\/ul>\n<p><\/p>\n<ul>\n<li>\n<ul>\n<li><span style=\"text-decoration:underline;\">Sonnenlicht<\/span><br \/> Sonnenlicht stimuliert das Algenwachstum. Viel Sonnenlicht f\u00fchrt zu starkem Algenwachstum. Umgekehrt k\u00f6nnen Wasserpflanzen nicht wachsen, wenn zu wenig Licht vorhanden ist. Am besten schirmen Sie den See auf der S\u00fcdseite vor Sonnenlicht ab und lassen von der Nordseite her viel Licht einfallen;   <\/li>\n<\/ul>\n<\/li>\n<\/ul>\n<p><\/p>\n<ul>\n<li>\n<ul>\n<li><span style=\"text-decoration:underline;\">Vegetation <\/span><br \/> Rund um den See und am Seeufer: Das Wurzelsystem der Vegetation rund um den See und das Sumpfschilf am Seeufer k\u00f6nnen dazu beitragen, N\u00e4hrstoffe aus den umliegenden Gebieten aufzufangen und zu verhindern, dass sie in den See flie\u00dfen. Einige Sumpfpflanzen, wie z.B. das Sumpfrohr, transportieren mit ihren Wurzeln auch Sauerstoff zum Boden des Sees. Eine starke Vegetation rund um den See erfordert Pflege in Form von Laubentfernung; der starke Laubfall von B\u00e4umen und B\u00fcschen tr\u00e4gt N\u00e4hrstoffe ins Wasser. Dieser Eintrag von organischem Material, das kompostiert werden muss, f\u00fchrt zu einem Sauerstoffmangel, da die biologische Zersetzung Sauerstoff verbraucht;   <\/li>\n<\/ul>\n<\/li>\n<\/ul>\n<p><\/p>\n<ul>\n<li>\n<ul>\n<li><span style=\"text-decoration:underline;\">Fische <\/span><br \/> Es ist gut, dass es Fische im See gibt, aber es ist wichtig zu wissen, dass einige Fischarten Daphnien (Wasserfl\u00f6he) fressen. Manchmal werden auch Pflanzen gefressen, die N\u00e4hrstoffe aufnehmen und Sauerstoff freisetzen. Andere Fischarten graben sich in den Boden des Sees ein und besch\u00e4digen die Vegetation. Es ist nicht ratsam, Fische wie den roten Leuciscus und die gemeine Brasse in gro\u00dfer Zahl zu halten. Um die Zahl dieser Fische gering zu halten, ist es notwendig, Raubfische wie Hechte und Barsche zu besetzen. Eine Alternative w\u00e4re, die Zahl der Fische durch Fangen gering zu halten. Wenn Sie Raubfische einsetzen wollen, m\u00fcssen Sie darauf achten, dass viele dieser Arten mit Hilfe ihrer Sehkraft jagen und schlechte Umweltbedingungen vorfinden, wenn das Grundwasser durch Algen oder Schwebeteilchen getr\u00fcbt ist. Es sollten nicht so viele Fische im See sein, dass Sie sie f\u00fcttern m\u00fcssen, es sei denn, es handelt sich um einen Teich, in dem Sie Fische z\u00fcchten wollen;       <\/li>\n<\/ul>\n<\/li>\n<\/ul>\n<p><\/p>\n<ul>\n<li>\n<ul>\n<li><span style=\"text-decoration:underline;\">der Boden des Teiches <\/span><br \/> sollte kompakt sein, da Bodenpflanzen auf dem wackeligen, sauerstoffarmen Boden keine Wurzeln bilden k\u00f6nnen;<\/li>\n<\/ul>\n<\/li>\n<\/ul>\n<p><\/p>\n<ul>\n<li>\n<ul>\n<li><span style=\"text-decoration:underline;\">Bodenschlamm <\/span><br \/> entsteht, wenn es am Boden zu wenig Sauerstoff gibt, um organisches Material zu zersetzen. Die Mikroorganismen, die vorhanden sein sollten, um die Kompostierung zu erm\u00f6glichen, sind in der Regel aerob, d.h. sie verwenden Sauerstoff, um zu leben und sich zu vermehren. Fehlt der Sauerstoff, herrschen anaerobe Mikroorganismen vor, d.h. Mikroorganismen, die keinen Sauerstoff verbrauchen oder ihn sogar tolerieren. Einige dieser anaeroben Mikroorganismen produzieren eine Reihe von giftigen Substanzen, z.B. Methan, Schwefelwasserstoff und Ammoniak;   <\/li>\n<\/ul>\n<\/li>\n<\/ul>\n<p><\/p>\n<ul>\n<li>\n<ul>\n<li><span style=\"text-decoration:underline;\">Bodenpflanzen<\/span><br \/> aus verschiedenen Gr\u00fcnden sollten mehrere Pflanzen auf dem Boden wachsen. Die Pflanzen, die auf dem Boden wachsen, sammeln Sauerstoff, geben Sauerstoff ab und ihre Wurzeln helfen, den Boden fest zusammenzuhalten, damit keine Partikel aufgewirbelt werden und das Wasser tr\u00fcben. <\/li>\n<\/ul>\n<\/li>\n<\/ul>\n<p><\/p>\n<p>  Bio Reco ist in zwei Versionen erh\u00e4ltlich: Bio Reco 300 und Bio Reco 800, f\u00fcr kleine oder gro\u00dfe Seen, Teiche, Kl\u00e4ranlagen, usw.  <br \/><span style=\"text-decoration:underline;\">Was macht Terra Biosa?<\/span><br \/>  Durch die Zugabe von Terra Biosa zum Wasser kann die Zusammensetzung der Mikroorganismen im Wasser variiert werden. Anaerobe Mikroorganismen, die giftige Stoffe wie Schwefelwasserstoff und Methan produzieren, finden schlechte Lebensbedingungen vor. Dadurch wird ein Prozess in Gang gesetzt, der n\u00fctzliche Bakterien und Pilze beg\u00fcnstigt und somit eine wichtige Rolle bei der Wiederherstellung des nat\u00fcrlichen Gleichgewichts spielt, in dem Fische und Pflanzen wachsen k\u00f6nnen. Mikroorganismen haben sich bei der Entfernung von Nitrat als wirksam erwiesen. Mikroorganismen sind in der Lage, Nitrat in freien Stickstoff und Sauerstoff umzuwandeln, die dann an die Luft abgegeben werden. Durch die Reduzierung des Stickstoffgehalts im Wasser wird das Algenwachstum verhindert. Dadurch verringert sich der Gehalt an organischen Partikeln im Wasser, was zu einer besseren Sicht auf dem Grund f\u00fchrt.      <br \/>  Bakterien, die Schwefelwasserstoff, Methan und Ammoniak produzieren, wachsen im Bodenschlamm unter schlechten Sauerstoffverh\u00e4ltnissen. Um sie zu eliminieren, muss man Bedingungen schaffen, unter denen sie nicht wachsen k\u00f6nnen. Dies kann durch die Schaffung guter Sauerstoffverh\u00e4ltnisse oder durch die Zugabe anderer anaerober Bakterien geschehen, die sich wehren k\u00f6nnen und keine unerw\u00fcnschten toxischen Substanzen produzieren. Solche Bakterien sind z.B. Milchs\u00e4urebakterien und bestimmte Arten von Photosynthesebakterien. Diese Bakterien produzieren organische S\u00e4uren, Aminos\u00e4uren, Vitamine sowie Zucker, Kohlendioxid und Sauerstoff. Dies sind alles n\u00fctzliche Bestandteile, um den Teich sauber und gesund zu halten. Wenn die Mikroorganismen beginnen, den Bodenschlamm umzuwandeln, beginnt er sich langsam zu entleeren und zu verfestigen. Sobald der Boden gut verdichtet ist, schl\u00e4gt die Bodenvegetation Wurzeln und erm\u00f6glicht es der sauerstoffproduzierenden Vegetation, sich zu stabilisieren, vorausgesetzt, andere notwendige Bedingungen, wie z.B. Licht, sind vorhanden. Im Zuge der Umwandlung des Bodenschlamms werden N\u00e4hrstoffe freigesetzt, weshalb es zu Zeiten kommen kann, in denen sich Algen pl\u00f6tzlich vermehren. Dies ist oft nur von kurzer Dauer, f\u00fchrt aber zu einer br\u00e4unlichen F\u00e4rbung des Wassers.           <\/p>\n<p><span style=\"text-decoration:underline;\">Wie viel Biosa-Erde sollte hinzugef\u00fcgt werden?<\/span><br \/>  Normalerweise liegt die Dosierung zwischen 1 dl und 1 Liter Terra Biosa pro 1000 Liter Wasser. Es ist nicht m\u00f6glich, die genaue Menge f\u00fcr den Einzelfall zu bestimmen, da sie, wie oben erl\u00e4utert, von verschiedenen Faktoren abh\u00e4ngt. Es ist daher notwendig, zu versuchen. Terra Biosa kann auf unterschiedliche Weise zugegeben werden: eine gro\u00dfe Portion auf einmal oder kleinere Mengen \u00fcber mehrere Male verteilt. In der Regel empfiehlt es sich, mehrmals kleine Mengen hinzuzuf\u00fcgen und dabei die Ver\u00e4nderungen im Teich sorgf\u00e4ltig zu beobachten. Diese Methode ist zwar zeitaufw\u00e4ndig, erm\u00f6glicht es aber, den Prozess zumindest ein wenig zu steuern. Die Zugabe einer gro\u00dfen Menge Terra Biosa auf einmal (1 Liter pro 1000 Liter Wasser) hat in der Regel eine schnelle Wirkung, ist aber schwierig zu handhaben. Starke Reaktionen treten oft in Form einer gro\u00dfen Sichtbarkeit am Boden auf, gefolgt von einer &#8218;Schokoladen&#8216;-F\u00e4rbung des Wassers. Diese F\u00e4rbung verblasst und ist keineswegs ein Zeichen daf\u00fcr, dass etwas nicht in Ordnung ist. Im Gegenteil, die Reaktion ist erw\u00fcnscht und ein Zeichen daf\u00fcr, dass alles richtig funktioniert. Man muss sich nur mit Geduld wappnen und warten, bis das Wasser wieder klar wird.         <\/p>\n<p><span style=\"text-decoration:underline;\">Oxidation - Bio Reco (Biologische Wiederherstellung \/ biologische Regeneration)<\/span><br \/> Um eine wirksame Wassersanierung zu erreichen, empfiehlt es sich, die Zugabe von Terra Biosa mit einer Form der Oxidation zu kombinieren. Bio Reco ist ein Oxidationsmittel, das durch die Bildung von Mikrobl\u00e4schen das Wasser mit Sauerstoff anreichert. Die Prinzipien von Bio Reco beruhen auf der Theorie der nat\u00fcrlichen Bewegungen, wie sie von Viktor Schauberger beschrieben wurde. Nach Schauberger bewegen sich Wassermolek\u00fcle in unendlichen Spiralen durch das Wasser. Sauberes Wasser hat ein hohes Energieniveau und ist in der Lage, eine hohe Sauerstoffkonzentration zu halten. Wenn Wasser verschmutzt ist, werden die nat\u00fcrlichen Bewegungen des Wassers reduziert, das Wasser verliert seine Lebensenergie und seine F\u00e4higkeit, die Sauerstoffkonzentration aufrechtzuerhalten, was wiederum abnimmt. Bio Reco ist so konzipiert, dass es die nat\u00fcrlichen Bewegungen mechanisch reproduziert. Es ist wesentlich effektiver als die Verwendung herk\u00f6mmlicher Sauerstoffzufuhrsysteme (Kompressoren usw.).      <\/p>\n<p>  Bio Reco verleiht dem Wasser eine nat\u00fcrliche Spiralbewegung, ein Prozess, der nur mit geringen Energiemengen aufrechterhalten werden kann. Die Spiralen, die durch die dem Wasser aufgepr\u00e4gte Bewegung entstehen, saugen atmosph\u00e4rische Luft in das Wasser ein. Bio Reco verwandelt diesen Luftzustrom in Millionen von Mikrobl\u00e4schen. Die Oberfl\u00e4chenentwicklung dieser Millionen von Luftblasen ist enorm und die Oberfl\u00e4che von Wassermolek\u00fclen und Sauerstoffmolek\u00fclen ist maximal. Bio Reco ist im Vergleich zu anderen Sauerstoffanreicherungsmethoden besonders effektiv und das Preis-\/Leistungsverh\u00e4ltnis ist optimal.    <\/p>\n<\/div>\n","protected":false},"excerpt":{"rendered":"<\/p>\n<p><b>Die wichtigsten Funktionen:<\/b><\/p>\n<ul>\n<li>kann die Sauerstoffdosis schnell auf ein notwendiges Niveau anheben<\/li>\n<li>f\u00f6rdert die Sichtbarkeit am Boden<\/li>\n<li>reduziert Schlamm<\/li>\n<li>k\u00f6nnen die Lebensbedingungen f\u00fcr Fische und andere Tiere verbessern oder wiederherstellen<\/li>\n<li>einfache Installation ohne L\u00e4rm<\/li>\n<\/ul>\n","protected":false},"featured_media":515,"template":"","meta":{"_joinchat":[]},"product_brand":[135],"product_cat":[179],"product_tag":[],"class_list":{"0":"post-513","1":"product","2":"type-product","3":"status-publish","4":"has-post-thumbnail","6":"product_brand-cosmolife-de","7":"product_cat-bioreco-1","9":"first","10":"outofstock","11":"taxable","12":"shipping-taxable","13":"purchasable","14":"product-type-simple"},"_links":{"self":[{"href":"https:\/\/www.cosmolife.it\/de\/wp-json\/wp\/v2\/product\/513","targetHints":{"allow":["GET"]}}],"collection":[{"href":"https:\/\/www.cosmolife.it\/de\/wp-json\/wp\/v2\/product"}],"about":[{"href":"https:\/\/www.cosmolife.it\/de\/wp-json\/wp\/v2\/types\/product"}],"wp:featuredmedia":[{"embeddable":true,"href":"https:\/\/www.cosmolife.it\/de\/wp-json\/wp\/v2\/media\/515"}],"wp:attachment":[{"href":"https:\/\/www.cosmolife.it\/de\/wp-json\/wp\/v2\/media?parent=513"}],"wp:term":[{"taxonomy":"product_brand","embeddable":true,"href":"https:\/\/www.cosmolife.it\/de\/wp-json\/wp\/v2\/product_brand?post=513"},{"taxonomy":"product_cat","embeddable":true,"href":"https:\/\/www.cosmolife.it\/de\/wp-json\/wp\/v2\/product_cat?post=513"},{"taxonomy":"product_tag","embeddable":true,"href":"https:\/\/www.cosmolife.it\/de\/wp-json\/wp\/v2\/product_tag?post=513"}],"curies":[{"name":"wp","href":"https:\/\/api.w.org\/{rel}","templated":true}]}}