{"id":543,"date":"2016-06-22T11:40:56","date_gmt":"2016-06-22T11:40:56","guid":{"rendered":"https:\/\/cosmolife.it\/?product=50ml-pipette-%e2%80%93-auremo-super-kolloidales-gold"},"modified":"2026-01-20T01:35:29","modified_gmt":"2026-01-19T23:35:29","slug":"50mlpipetteauremosupercolloidalgold-1","status":"publish","type":"product","link":"https:\/\/www.cosmolife.it\/de\/prodotto\/50mlpipetteauremosupercolloidalgold-1\/","title":{"rendered":"50ml mit Pipette - Auremo superkolloidales Gold"},"content":{"rendered":"<div>\n<p>Auremo kolloidales Gold und kolloidales Silber sind spezielle superkolloidale L\u00f6sungen von h\u00f6chster Qualit\u00e4t. Ihre Entwicklung wurde durch jahrelange Experimente mit kontinuierlicher wissenschaftlicher Weiterentwicklung der Produktionsverfahren und Prozesse erm\u00f6glicht. Jeder lebende Organismus kann von den positiven Wirkungen dieser Produkte profitieren. <\/p>\n<p>Das Bergquellwasser wird an der Quelle entnommen und von allen Verunreinigungen befreit, deionisiert und mit Hilfe einer speziellen Technologie wieder in den Zustand h\u00f6chster nat\u00fcrlicher Qualit\u00e4t versetzt. Durch die anschlie\u00dfende Anreicherung mit reinem Gold oder feinem, reinem Silber entsteht ein Produkt von einzigartiger und hervorragender Qualit\u00e4t, in reiner, elementarer Form (keine Ionenmischung), das dem Verbraucher maximalen Nutzen bringt. <\/p>\n<p><strong>Weitere Informationen:<\/strong><\/p>\n<p>Auremo kolloidales Gold und kolloidales Silber sind spezielle superkolloidale L\u00f6sungen von h\u00f6chster Qualit\u00e4t. Ihre Entwicklung wurde durch jahrelange Experimente mit kontinuierlicher wissenschaftlicher Weiterentwicklung der Produktionsverfahren und Prozesse erm\u00f6glicht. Jeder lebende Organismus kann von den positiven Wirkungen dieser Produkte profitieren. <\/p>\n<p>Die Entwicklung einer neuen und besonderen Art der Produktion er\u00f6ffnet neue Horizonte im Bereich der kolloidalen Edelmetalle (Gold, Silber) in Bezug auf Produktstabilit\u00e4t und Qualit\u00e4t. Aus qualitativer Sicht handelt es sich bei den Produkten um wirklich hervorragende &#8218;Supercolloide&#8216;. <\/p>\n<p>Nur dank konstanter Parameter wie der Temperatur, der Reinheit aller Materialien, hochprofessioneller und hygienischer Arbeitsprozesse, technologischer Ausr\u00fcstung der neuesten Generation sowie profunder technischer Kenntnisse der Verfahren (z.B. spezifische Energiedosierungen) war es m\u00f6glich, diesen neuen Kolloidtyp herzustellen: das &#8218;Auremo Supercolloid&#8216;.<\/p>\n<p>Das Bergquellwasser wird an der Quelle entnommen und von allen Verunreinigungen befreit, deionisiert und mit Hilfe einer speziellen Technologie wieder in den Zustand h\u00f6chster nat\u00fcrlicher Qualit\u00e4t versetzt. Durch die anschlie\u00dfende Anreicherung mit reinem Gold oder feinem, reinem Silber entsteht ein Produkt von einzigartiger und hervorragender Qualit\u00e4t, in reiner, elementarer Form (keine Ionenmischung), das dem Verbraucher maximalen Nutzen bringt. <\/p>\n<\/div>\n","protected":false},"excerpt":{"rendered":"<p><strong>Die wichtigsten Funktionen:<\/strong><\/p>\n<ul>\n<li>ein reines und elementares Produkt<\/li>\n<li>supercolloids`excellent<\/li>\n<li>ein hochwertiges Produkt<\/li>\n<li>von allen Verunreinigungen befreites und deionisiertes Wasser<\/li>\n<li>bringt dem Verbraucher maximalen Nutzen<\/li>\n<\/ul>\n","protected":false},"featured_media":545,"template":"","meta":{"_joinchat":[]},"product_brand":[135],"product_cat":[211],"product_tag":[],"class_list":{"0":"post-543","1":"product","2":"type-product","3":"status-publish","4":"has-post-thumbnail","6":"product_brand-cosmolife-de","7":"product_cat-super-kolloidales-gold","9":"first","10":"instock","11":"taxable","12":"shipping-taxable","13":"purchasable","14":"product-type-simple"},"_links":{"self":[{"href":"https:\/\/www.cosmolife.it\/de\/wp-json\/wp\/v2\/product\/543","targetHints":{"allow":["GET"]}}],"collection":[{"href":"https:\/\/www.cosmolife.it\/de\/wp-json\/wp\/v2\/product"}],"about":[{"href":"https:\/\/www.cosmolife.it\/de\/wp-json\/wp\/v2\/types\/product"}],"wp:featuredmedia":[{"embeddable":true,"href":"https:\/\/www.cosmolife.it\/de\/wp-json\/wp\/v2\/media\/545"}],"wp:attachment":[{"href":"https:\/\/www.cosmolife.it\/de\/wp-json\/wp\/v2\/media?parent=543"}],"wp:term":[{"taxonomy":"product_brand","embeddable":true,"href":"https:\/\/www.cosmolife.it\/de\/wp-json\/wp\/v2\/product_brand?post=543"},{"taxonomy":"product_cat","embeddable":true,"href":"https:\/\/www.cosmolife.it\/de\/wp-json\/wp\/v2\/product_cat?post=543"},{"taxonomy":"product_tag","embeddable":true,"href":"https:\/\/www.cosmolife.it\/de\/wp-json\/wp\/v2\/product_tag?post=543"}],"curies":[{"name":"wp","href":"https:\/\/api.w.org\/{rel}","templated":true}]}}