{"id":557,"date":"2016-06-22T11:40:57","date_gmt":"2016-06-22T11:40:57","guid":{"rendered":"https:\/\/cosmolife.it\/?product=novacare-gold-und-bambuskohle-zahnburste"},"modified":"2026-01-20T01:35:32","modified_gmt":"2026-01-19T23:35:32","slug":"novacare-gold-und-bambuskohle-zahnbuerste","status":"publish","type":"product","link":"https:\/\/www.cosmolife.it\/de\/prodotto\/novacare-gold-und-bambuskohle-zahnbuerste\/","title":{"rendered":"Novacare Zahnb\u00fcrste Gold &amp; Bambus Holzkohle"},"content":{"rendered":"<h4>Novacare Zahnb\u00fcrsten in Gold und Bambusholzkohle<\/h4>\n<p>Novacare Zahnb\u00fcrsten entsprechen dem h\u00f6chsten Qualit\u00e4tsstandard und sind erstklassige Produkte mit einem funktionellen und hochwertigen Design. Die Produktion entspricht den Qualit\u00e4tsstandards ISO 14001 und 9001. Ein Meilenstein in der Mundhygiene. 1600 feine, abgerundete Mikroborsten erm\u00f6glichen eine perfekte Reinigung der Z\u00e4hne bei maximaler Schonung des Zahnfleischs (keine Mikrorisse im Zahnfleisch wie bei herk\u00f6mmlichen Zahnb\u00fcrsten). 800 k\u00fcrzere Borsten und 800 l\u00e4ngere Borsten sorgen f\u00fcr den sogenannten &#8218;Flossing-Effekt&#8216;. Wenn die Borsten mit Bambuskohle und Gold impr\u00e4gniert sind, werden feine Partikel direkt in das Fasermaterial gemischt. Dadurch garantieren sie eine dauerhafte Sauberkeit der Zahnb\u00fcrste. Dank des speziellen Herstellungsverfahrens bleibt der Selbstreinigungseffekt w\u00e4hrend der gesamten Lebensdauer der nano-b Zahnb\u00fcrste erhalten. Die Bambuskohle gl\u00e4nzt auch mit ihrem sogenannten &#8218;Whitening&#8216;-Effekt. Im Gegensatz zu vielen anderen Herstellern verwenden wir kein Nylon, sondern hochwertiges PBT als Basismaterial f\u00fcr unsere Borsten. Dieses ist 98% st\u00e4rker als herk\u00f6mmliche Nylonborsten und hat eine h\u00f6here Grundfestigkeit.      <\/p>\n<p>Zahnb\u00fcrste Novacare Gold &amp; Bamboo Charcoal: weich<\/p>\n<p>Novacare Zahnb\u00fcrsten erm\u00f6glichen eine v\u00f6llig nat\u00fcrliche, gesunde und neue Mundpflege!<\/p>\n","protected":false},"excerpt":{"rendered":"<p><b>Die wichtigsten Eigenschaften:<\/b><\/p>\n<p>-ultrafeine Borsten<br \/>\n-besonders abgerundete Borsten -zwei-lagige Borstenstruktur<br \/>\n-1600 langlebige Borsten, veredelt mit reinem Gold und Karbonstaub<\/p>\n","protected":false},"featured_media":559,"template":"","meta":{"_joinchat":[]},"product_brand":[135],"product_cat":[215,229],"product_tag":[],"class_list":{"0":"post-557","1":"product","2":"type-product","3":"status-publish","4":"has-post-thumbnail","6":"product_brand-cosmolife-de","7":"product_cat-zahnbuerste-antibakteriell","8":"product_cat-zahnbuerste-novacare-natuerliche-sauberkeit","10":"first","11":"instock","12":"taxable","13":"shipping-taxable","14":"purchasable","15":"product-type-variable"},"_links":{"self":[{"href":"https:\/\/www.cosmolife.it\/de\/wp-json\/wp\/v2\/product\/557","targetHints":{"allow":["GET"]}}],"collection":[{"href":"https:\/\/www.cosmolife.it\/de\/wp-json\/wp\/v2\/product"}],"about":[{"href":"https:\/\/www.cosmolife.it\/de\/wp-json\/wp\/v2\/types\/product"}],"wp:featuredmedia":[{"embeddable":true,"href":"https:\/\/www.cosmolife.it\/de\/wp-json\/wp\/v2\/media\/559"}],"wp:attachment":[{"href":"https:\/\/www.cosmolife.it\/de\/wp-json\/wp\/v2\/media?parent=557"}],"wp:term":[{"taxonomy":"product_brand","embeddable":true,"href":"https:\/\/www.cosmolife.it\/de\/wp-json\/wp\/v2\/product_brand?post=557"},{"taxonomy":"product_cat","embeddable":true,"href":"https:\/\/www.cosmolife.it\/de\/wp-json\/wp\/v2\/product_cat?post=557"},{"taxonomy":"product_tag","embeddable":true,"href":"https:\/\/www.cosmolife.it\/de\/wp-json\/wp\/v2\/product_tag?post=557"}],"curies":[{"name":"wp","href":"https:\/\/api.w.org\/{rel}","templated":true}]}}