{"id":575,"date":"2016-06-22T11:40:58","date_gmt":"2016-06-22T11:40:58","guid":{"rendered":"https:\/\/cosmolife.it\/?product=novacare-zahncreme-mit-mikrosilber-und-zeolith"},"modified":"2026-01-27T10:25:31","modified_gmt":"2026-01-27T08:25:31","slug":"novacare-zahncreme-mit-mikrosilber-und-zeolith","status":"publish","type":"product","link":"https:\/\/www.cosmolife.it\/de\/prodotto\/novacare-zahncreme-mit-mikrosilber-und-zeolith\/","title":{"rendered":"Novacare - Zahncreme mit Mikrosilber und Zeolith"},"content":{"rendered":"<p data-start=\"1858\" data-end=\"2152\">Die <strong data-start=\"1862\" data-end=\"1939\">Novacare \u2013 Zahnpasta mit Mikrosilber, Zeolith, Hydroxylapatit und Kalzium<\/strong> ist ein innovatives Produkt f\u00fcr die t\u00e4gliche Mundhygiene. Ihre nat\u00fcrliche Formel wurde entwickelt, um die <strong data-start=\"2046\" data-end=\"2101\">Remineralisierung des Zahnschmelzes zu unterst\u00fctzen<\/strong> und einen wirksamen Schutz vor Karies zu bieten.<\/p>\n<p data-start=\"2154\" data-end=\"2382\">Dank des mineralischen Komplexes mit <strong data-start=\"2191\" data-end=\"2221\">Hydroxylapatit und Kalzium<\/strong> wird der Zahnschmelz gest\u00e4rkt und regeneriert. Die karieshemmende Wirkung wird durch <strong data-start=\"2307\" data-end=\"2316\">Xylit<\/strong> verst\u00e4rkt, das einen nat\u00fcrlichen cariostatischen Effekt bietet.<\/p>\n<p data-start=\"2384\" data-end=\"2589\"><strong data-start=\"2384\" data-end=\"2409\">Aloe Vera und Kurkuma<\/strong> wirken beruhigend und entz\u00fcndungshemmend auf das Zahnfleisch, w\u00e4hrend das <strong data-start=\"2484\" data-end=\"2499\">Mikrosilber<\/strong> direkt auf den Zahnbelag einwirkt und sch\u00e4dliche Keime bis zu <strong data-start=\"2562\" data-end=\"2576\">14 Stunden<\/strong> reduziert.<\/p>\n<p data-start=\"2591\" data-end=\"2829\">Die Zahnpasta ist <strong data-start=\"2609\" data-end=\"2660\">fluoridfrei, zuckerfrei, frei von Nanopartikeln<\/strong> und wird in <strong data-start=\"2673\" data-end=\"2687\">\u00d6sterreich<\/strong> nach h\u00f6chsten Qualit\u00e4tsstandards hergestellt. Zudem besteht die <strong data-start=\"2752\" data-end=\"2792\">Tube zu 60 % aus recyceltem Material<\/strong> \u2013 umweltfreundlich und nachhaltig.<\/p>\n<p data-start=\"2831\" data-end=\"2995\">Mit dem <strong data-start=\"2839\" data-end=\"2860\">NATRUE-Zertifikat<\/strong> garantiert diese Zahnpasta den Einsatz von <strong data-start=\"2904\" data-end=\"2934\">nat\u00fcrlichen Inhaltsstoffen<\/strong> f\u00fcr eine sichere, wirksame und umweltschonende Zahnpflege.<\/p>\n","protected":false},"excerpt":{"rendered":"<ul>\n<li data-start=\"3058\" data-end=\"3149\">\n<p data-start=\"3060\" data-end=\"3149\">Unterst\u00fctzt die <strong data-start=\"3076\" data-end=\"3115\">Remineralisierung des Zahnschmelzes<\/strong> mit Hydroxylapatit und Kalzium.<\/p>\n<\/li>\n<li data-start=\"3150\" data-end=\"3222\">\n<p data-start=\"3152\" data-end=\"3222\"><strong data-start=\"3152\" data-end=\"3161\">Xylit<\/strong> mit cariostatischer Wirkung f\u00fcr nat\u00fcrlichen Karies-Schutz.<\/p>\n<\/li>\n<li data-start=\"3223\" data-end=\"3309\">\n<p data-start=\"3225\" data-end=\"3309\"><strong data-start=\"3225\" data-end=\"3250\">Aloe Vera und Kurkuma<\/strong> beruhigen das Zahnfleisch und wirken entz\u00fcndungshemmend.<\/p>\n<\/li>\n<li data-start=\"3310\" data-end=\"3380\">\n<p data-start=\"3312\" data-end=\"3380\">Mit <strong data-start=\"3316\" data-end=\"3331\">Mikrosilber<\/strong>, reduziert sch\u00e4dliche Keime bis zu 14 Stunden.<\/p>\n<\/li>\n<li data-start=\"3381\" data-end=\"3485\">\n<p data-start=\"3383\" data-end=\"3485\">Fluoridfrei, zuckerfrei, <strong data-start=\"3408\" data-end=\"3461\">umweltfreundliche Tube (60 % recyceltes Material)<\/strong>, NATRUE-zertifiziert.<\/p>\n<\/li>\n<\/ul>\n","protected":false},"featured_media":9070,"template":"","meta":{"_joinchat":[]},"product_brand":[135],"product_cat":[217,215,147],"product_tag":[],"class_list":{"0":"post-575","1":"product","2":"type-product","3":"status-publish","4":"has-post-thumbnail","6":"product_brand-cosmolife-de","7":"product_cat-novacare-natuerliche-microzahncreme","8":"product_cat-zahnbuerste-antibakteriell","9":"product_cat-zeolith","11":"first","12":"instock","13":"taxable","14":"shipping-taxable","15":"purchasable","16":"product-type-simple"},"_links":{"self":[{"href":"https:\/\/www.cosmolife.it\/de\/wp-json\/wp\/v2\/product\/575","targetHints":{"allow":["GET"]}}],"collection":[{"href":"https:\/\/www.cosmolife.it\/de\/wp-json\/wp\/v2\/product"}],"about":[{"href":"https:\/\/www.cosmolife.it\/de\/wp-json\/wp\/v2\/types\/product"}],"wp:featuredmedia":[{"embeddable":true,"href":"https:\/\/www.cosmolife.it\/de\/wp-json\/wp\/v2\/media\/9070"}],"wp:attachment":[{"href":"https:\/\/www.cosmolife.it\/de\/wp-json\/wp\/v2\/media?parent=575"}],"wp:term":[{"taxonomy":"product_brand","embeddable":true,"href":"https:\/\/www.cosmolife.it\/de\/wp-json\/wp\/v2\/product_brand?post=575"},{"taxonomy":"product_cat","embeddable":true,"href":"https:\/\/www.cosmolife.it\/de\/wp-json\/wp\/v2\/product_cat?post=575"},{"taxonomy":"product_tag","embeddable":true,"href":"https:\/\/www.cosmolife.it\/de\/wp-json\/wp\/v2\/product_tag?post=575"}],"curies":[{"name":"wp","href":"https:\/\/api.w.org\/{rel}","templated":true}]}}