{"id":635,"date":"2016-06-22T11:41:01","date_gmt":"2016-06-22T11:41:01","guid":{"rendered":"https:\/\/cosmolife.it\/?product=family-dentalcare-3-novacare"},"modified":"2026-01-20T01:37:47","modified_gmt":"2026-01-19T23:37:47","slug":"family-dentalcare-3-novacare","status":"publish","type":"product","link":"https:\/\/www.cosmolife.it\/de\/prodotto\/family-dentalcare-3-novacare\/","title":{"rendered":"Familienkombination 3- Ein strahlendes L\u00e4cheln f\u00fcr die ganze Familie"},"content":{"rendered":"<p data-start=\"161\" data-end=\"553\">Unsere exklusive <strong data-start=\"181\" data-end=\"206\">Familienkombination<\/strong> bietet die ideale L\u00f6sung f\u00fcr die Zahnpflege von Jung und Alt - in einem praktischen Set zum Sonderpreis. Die Kombination enth\u00e4lt <strong data-start=\"342\" data-end=\"383\">2 hochwertige Diamond<\/strong> <strong data-start=\"385\" data-end=\"414\">Zahnb\u00fcrsten, 1 Zahnpasta mit Zeolith<\/strong> und <strong data-start=\"417\" data-end=\"459\">1 extraweiche Kinderzahnb\u00fcrste<\/strong>. Auf diese Weise erh\u00e4lt die ganze Familie eine umfassende Pflege f\u00fcr gesunde Z\u00e4hne und starkes Zahnfleisch.  <\/p>\n<p data-start=\"555\" data-end=\"1348\">Diamant-Zahnb\u00fcrsten bestechen durch ihre feinen Filamente, Bambuskohleborsten und ihr edles Gold- oder Silberfinish. Sie garantieren eine besonders gr\u00fcndliche Reinigung, f\u00f6rdern einen nat\u00fcrlichen Whitening-Effekt und massieren sanft das Zahnfleisch.<br data-start=\"818\" data-end=\"821\">Zahnpasta mit Zeolith st\u00e4rkt den Zahnschmelz, f\u00f6rdert die Remineralisierung und sch\u00fctzt effektiv vor Karies - alles ohne Fluorid und Zucker. Aloe und Kurkuma wirken zudem beruhigend und entz\u00fcndungshemmend.<br data-start=\"1041\" data-end=\"1044\">F\u00fcr die Kleinen enth\u00e4lt das Set zwei Kinderzahnb\u00fcrsten mit superweichen Borsten, die empfindliche Z\u00e4hne und Zahnfleisch sch\u00fctzen und Mikroverletzungen durch \u00fcberm\u00e4\u00dfigen Druck verhindern. Die mit Silber angereicherten Borsten haben eine antibakterielle Wirkung und halten die Zahnb\u00fcrste hygienisch sauber.   <\/p>\n<p data-start=\"1350\" data-end=\"1488\">Mit diesem Familienpaket erhalten Sie hochwertige Produkte f\u00fcr die t\u00e4gliche Zahnpflege - und sparen Geld im Vergleich zum Einzelkauf.<\/p>\n","protected":false},"excerpt":{"rendered":"<ul>\n<li>\n<h2 data-start=\"1495\" data-end=\"1536\">Vorteile der Familienkombination<\/h2>\n<ul data-start=\"1537\" data-end=\"2059\">\n<li data-start=\"1537\" data-end=\"1644\">\n<p data-start=\"1539\" data-end=\"1644\"><strong data-start=\"1539\" data-end=\"1564\">2 Diamant-Zahnb\u00fcrsten<\/strong> mit Bambuskohleborsten und Gold\/Silber-Finish f\u00fcr gl\u00e4nzende Z\u00e4hne<\/p>\n<\/li>\n<li data-start=\"1645\" data-end=\"1749\">\n<p data-start=\"1647\" data-end=\"1749\"><strong data-start=\"1647\" data-end=\"1676\">1 Zahnpasta mit Zeolith<\/strong>, Aloe und Kurkuma - remineralisierend, karieshemmend und sanft zum Zahnfleisch<\/p>\n<\/li>\n<li data-start=\"1750\" data-end=\"1852\">\n<p data-start=\"1752\" data-end=\"1852\"><strong data-start=\"1752\" data-end=\"1780\">1 Kinderzahnb\u00fcrste<\/strong> mit supersoften Borsten f\u00fcr maximalen Schutz der Milchz\u00e4hne<\/p>\n<\/li>\n<li data-start=\"1853\" data-end=\"1960\">\n<p data-start=\"1855\" data-end=\"1960\"><strong data-start=\"1855\" data-end=\"1875\">Hygienische Reinigung<\/strong> dank Mikrosilber und Silbertechnologie, die keinen Platz f\u00fcr Bakterien l\u00e4sst<\/p>\n<\/li>\n<li data-start=\"1961\" data-end=\"2059\">\n<p data-start=\"1963\" data-end=\"2059\"><strong data-start=\"1963\" data-end=\"1996\">Sparen Sie mit der Kombination<\/strong> - g\u00fcnstiger als der Einzelkauf von Produkten<\/p>\n<\/li>\n<\/ul>\n<\/li>\n<\/ul>\n","protected":false},"featured_media":9009,"template":"","meta":{"_joinchat":[]},"product_brand":[135],"product_cat":[217,219],"product_tag":[],"class_list":{"0":"post-635","1":"product","2":"type-product","3":"status-publish","4":"has-post-thumbnail","6":"product_brand-cosmolife-de","7":"product_cat-novacare-natuerliche-microzahncreme","8":"product_cat-sparpakete","10":"first","11":"instock","12":"taxable","13":"shipping-taxable","14":"purchasable","15":"product-type-simple"},"_links":{"self":[{"href":"https:\/\/www.cosmolife.it\/de\/wp-json\/wp\/v2\/product\/635","targetHints":{"allow":["GET"]}}],"collection":[{"href":"https:\/\/www.cosmolife.it\/de\/wp-json\/wp\/v2\/product"}],"about":[{"href":"https:\/\/www.cosmolife.it\/de\/wp-json\/wp\/v2\/types\/product"}],"wp:featuredmedia":[{"embeddable":true,"href":"https:\/\/www.cosmolife.it\/de\/wp-json\/wp\/v2\/media\/9009"}],"wp:attachment":[{"href":"https:\/\/www.cosmolife.it\/de\/wp-json\/wp\/v2\/media?parent=635"}],"wp:term":[{"taxonomy":"product_brand","embeddable":true,"href":"https:\/\/www.cosmolife.it\/de\/wp-json\/wp\/v2\/product_brand?post=635"},{"taxonomy":"product_cat","embeddable":true,"href":"https:\/\/www.cosmolife.it\/de\/wp-json\/wp\/v2\/product_cat?post=635"},{"taxonomy":"product_tag","embeddable":true,"href":"https:\/\/www.cosmolife.it\/de\/wp-json\/wp\/v2\/product_tag?post=635"}],"curies":[{"name":"wp","href":"https:\/\/api.w.org\/{rel}","templated":true}]}}