{"id":673,"date":"2017-01-20T17:17:44","date_gmt":"2017-01-20T17:17:44","guid":{"rendered":"https:\/\/cosmolife.it\/?product=darmreinigungspulver-formula-pulver"},"modified":"2025-09-24T10:38:54","modified_gmt":"2025-09-24T08:38:54","slug":"darmreinigungspulver-formula-pulver","status":"publish","type":"product","link":"https:\/\/www.cosmolife.it\/de\/prodotto\/darmreinigungspulver-formula-pulver\/","title":{"rendered":"Darmreinigungspulver- Formula 350gr"},"content":{"rendered":"<p data-start=\"140\" data-end=\"602\">Unser <strong data-start=\"146\" data-end=\"170\">Darmreinigungspulver<\/strong> ist eine umfassende und nat\u00fcrliche Unterst\u00fctzung f\u00fcr Ihr Verdauungswohlbefinden. Dank seines einzigartigen Komplexes aus hochkonzentrierten, nat\u00fcrlichen Enzymen wirkt es als Katalysator f\u00fcr grundlegende Stoffwechselprozesse. Die Enzyme verwandeln und erneuern, wodurch eine bessere Aufnahme der Makron\u00e4hrstoffe \u2013 Proteine, Kohlenhydrate und Fette \u2013 gew\u00e4hrleistet wird. So kann der K\u00f6rper die zugef\u00fchrte Nahrung optimal verwerten.<\/p>\n<p data-start=\"604\" data-end=\"1092\">Neben den Enzymen ist die Formel mit <strong data-start=\"641\" data-end=\"685\">Flohsamenschalen und Inulin aus Chicor\u00e9e<\/strong> angereichert, die die Darmt\u00e4tigkeit f\u00f6rdern und die Darmflora n\u00e4hren, sowie mit <strong data-start=\"766\" data-end=\"797\">probiotischen Laktobazillen<\/strong>, die zur St\u00e4rkung des Mikrobioms beitragen. Pflanzliche Inhaltsstoffe wie <strong data-start=\"872\" data-end=\"927\">Rote-Bete-Saftpulver, Aloe Vera und Fenchel-Extrakt<\/strong> liefern zus\u00e4tzliche verdauungsf\u00f6rdernde und reinigende Vorteile, w\u00e4hrend <strong data-start=\"1001\" data-end=\"1014\">Vitamin C<\/strong> das Immunsystem unterst\u00fctzt und die Aufnahme von Mineralstoffen verbessert.<\/p>\n<p data-start=\"1094\" data-end=\"1382\">Diese synergetische Kombination ist besonders geeignet f\u00fcr Menschen, die eine protein- und kohlenhydratreiche Ern\u00e4hrung verfolgen, unter Verdauungsst\u00f6rungen, Nahrungsmittelintoleranzen oder Resorptionsproblemen leiden oder einfach ihre t\u00e4gliche Energie und Vitalit\u00e4t verbessern m\u00f6chten.<\/p>\n<hr data-start=\"1384\" data-end=\"1387\" \/>\n<h2 data-start=\"1389\" data-end=\"1421\"><strong data-start=\"1392\" data-end=\"1419\">Zusammensetzung pro 4 g<\/strong><\/h2>\n<ul data-start=\"1422\" data-end=\"1761\">\n<li data-start=\"1422\" data-end=\"1443\">\n<p data-start=\"1424\" data-end=\"1443\">Vitamin C \u2013 40 mg<\/p>\n<\/li>\n<li data-start=\"1444\" data-end=\"1474\">\n<p data-start=\"1446\" data-end=\"1474\">Flohsamenschalen \u2013 1840 mg<\/p>\n<\/li>\n<li data-start=\"1475\" data-end=\"1497\">\n<p data-start=\"1477\" data-end=\"1497\">Flohsamen \u2013 800 mg<\/p>\n<\/li>\n<li data-start=\"1498\" data-end=\"1549\">\n<p data-start=\"1500\" data-end=\"1549\">Chicor\u00e9e-Extrakt \u2013 600 mg (davon Inulin 540 mg)<\/p>\n<\/li>\n<li data-start=\"1550\" data-end=\"1583\">\n<p data-start=\"1552\" data-end=\"1583\">Rote-Bete-Saftpulver \u2013 400 mg<\/p>\n<\/li>\n<li data-start=\"1584\" data-end=\"1621\">\n<p data-start=\"1586\" data-end=\"1621\">Laktobazillen \u2013 200 Millionen KBE<\/p>\n<\/li>\n<li data-start=\"1622\" data-end=\"1651\">\n<p data-start=\"1624\" data-end=\"1651\">Aloe-Vera-Extrakt \u2013 40 mg<\/p>\n<\/li>\n<li data-start=\"1652\" data-end=\"1679\">\n<p data-start=\"1654\" data-end=\"1679\">Fenchel-Extrakt \u2013 40 mg<\/p>\n<\/li>\n<li data-start=\"1680\" data-end=\"1713\">\n<p data-start=\"1682\" data-end=\"1713\">Alpha-Amylase (Weizen) \u2013 40 U<\/p>\n<\/li>\n<li data-start=\"1714\" data-end=\"1736\">\n<p data-start=\"1716\" data-end=\"1736\">Bromelain \u2013 40 FIP<\/p>\n<\/li>\n<li data-start=\"1737\" data-end=\"1761\">\n<p data-start=\"1739\" data-end=\"1761\">Papaya \u2013 240.000 USP<\/p>\n<\/li>\n<\/ul>\n<hr data-start=\"1763\" data-end=\"1766\" \/>\n<p data-start=\"1768\" data-end=\"1868\">Mit unserem Enzymkomplex in Pulverform schenken Sie Ihrem K\u00f6rper einen wertvollen Verb\u00fcndeten, um:<\/p>\n<ul data-start=\"1869\" data-end=\"2124\">\n<li data-start=\"1869\" data-end=\"1932\">\n<p data-start=\"1871\" data-end=\"1932\">die Verdauung zu unterst\u00fctzen und V\u00f6llegef\u00fchl zu reduzieren<\/p>\n<\/li>\n<li data-start=\"1933\" data-end=\"1990\">\n<p data-start=\"1935\" data-end=\"1990\">die Aufnahme lebenswichtiger N\u00e4hrstoffe zu verbessern<\/p>\n<\/li>\n<li data-start=\"1991\" data-end=\"2061\">\n<p data-start=\"1993\" data-end=\"2061\">das Darmgleichgewicht und die Gesundheit des Mikrobioms zu f\u00f6rdern<\/p>\n<\/li>\n<li data-start=\"2062\" data-end=\"2124\">\n<p data-start=\"2064\" data-end=\"2124\">das Immunsystem und das allgemeine Wohlbefinden zu st\u00e4rken<\/p>\n<\/li>\n<\/ul>\n<p data-start=\"2126\" data-end=\"2292\">Geben Sie Ihrem Organismus die Unterst\u00fctzung, die er verdient: Probieren Sie jetzt unser Darmreinigungspulver und entdecken Sie die regenerierende Kraft der Enzyme!<\/p>\n","protected":false},"excerpt":{"rendered":"<ul>\n<li data-start=\"2356\" data-end=\"2425\">\n<p data-start=\"2358\" data-end=\"2425\">Darmreinigungspulver mit hochkonzentrierten, nat\u00fcrlichen Enzymen.<\/p>\n<\/li>\n<li data-start=\"2426\" data-end=\"2510\">\n<p data-start=\"2428\" data-end=\"2510\">F\u00f6rdert die Verdauung und die Aufnahme von Proteinen, Kohlenhydraten und Fetten.<\/p>\n<\/li>\n<li data-start=\"2511\" data-end=\"2611\">\n<p data-start=\"2513\" data-end=\"2611\">Angereichert mit Flohsamen, Inulin, Probiotika und pflanzlichen Inhaltsstoffen f\u00fcr das Darmwohl.<\/p>\n<\/li>\n<li data-start=\"2612\" data-end=\"2683\">\n<p data-start=\"2614\" data-end=\"2683\">Hilft gegen Bl\u00e4hungen, Unvertr\u00e4glichkeiten und Resorptionsprobleme.<\/p>\n<\/li>\n<li data-start=\"2684\" data-end=\"2735\">\n<p data-start=\"2686\" data-end=\"2735\">Unterst\u00fctzt Energie, Vitalit\u00e4t und Immunsystem.<\/p>\n<\/li>\n<\/ul>\n","protected":false},"featured_media":8891,"template":"","meta":{"_joinchat":[]},"product_brand":[135],"product_cat":[139,175,197],"product_tag":[],"class_list":{"0":"post-673","1":"product","2":"type-product","3":"status-publish","4":"has-post-thumbnail","6":"product_brand-cosmolife-de","7":"product_cat-ernaehrung","8":"product_cat-vitabiosa-1","9":"product_cat-vitamine-1","11":"first","12":"instock","13":"taxable","14":"shipping-taxable","15":"purchasable","16":"product-type-simple"},"_links":{"self":[{"href":"https:\/\/www.cosmolife.it\/de\/wp-json\/wp\/v2\/product\/673","targetHints":{"allow":["GET"]}}],"collection":[{"href":"https:\/\/www.cosmolife.it\/de\/wp-json\/wp\/v2\/product"}],"about":[{"href":"https:\/\/www.cosmolife.it\/de\/wp-json\/wp\/v2\/types\/product"}],"wp:featuredmedia":[{"embeddable":true,"href":"https:\/\/www.cosmolife.it\/de\/wp-json\/wp\/v2\/media\/8891"}],"wp:attachment":[{"href":"https:\/\/www.cosmolife.it\/de\/wp-json\/wp\/v2\/media?parent=673"}],"wp:term":[{"taxonomy":"product_brand","embeddable":true,"href":"https:\/\/www.cosmolife.it\/de\/wp-json\/wp\/v2\/product_brand?post=673"},{"taxonomy":"product_cat","embeddable":true,"href":"https:\/\/www.cosmolife.it\/de\/wp-json\/wp\/v2\/product_cat?post=673"},{"taxonomy":"product_tag","embeddable":true,"href":"https:\/\/www.cosmolife.it\/de\/wp-json\/wp\/v2\/product_tag?post=673"}],"curies":[{"name":"wp","href":"https:\/\/api.w.org\/{rel}","templated":true}]}}