{"id":677,"date":"2017-01-20T17:38:57","date_gmt":"2017-01-20T17:38:57","guid":{"rendered":"https:\/\/cosmolife.it\/?product=vitamin-k2-tropfen-fur-gesunde-knochen"},"modified":"2026-01-20T01:37:38","modified_gmt":"2026-01-19T23:37:38","slug":"vitamin-k2-tropfen-fuer-gesunde-knochen","status":"publish","type":"product","link":"https:\/\/www.cosmolife.it\/de\/prodotto\/vitamin-k2-tropfen-fuer-gesunde-knochen\/","title":{"rendered":"Vitamin K2 Tropfen - f\u00fcr gesunde Knochen"},"content":{"rendered":"<p>Vitamin K2 - MK7 Tropfen<\/p>\n<p>Inhalt: 15 ml<\/p>\n<\/p>\n<p>Vitamin K2 ist nicht nur wichtig f\u00fcr die Blutgerinnung, sondern auch f\u00fcr Knochen und Z\u00e4hne. Das Vitamin sorgt f\u00fcr eine gr\u00f6\u00dfere Knochendichte und eine bessere Knochenqualit\u00e4t. Vor allem \u00e4ltere Menschen, Kinder und Menschen mit Zahn- und Halsproblemen sollten h\u00e4ufiger auf das Vitamin zur\u00fcckgreifen.  <\/p>\n<p>Die Einnahme des Vitamins kann auch dazu beitragen, Gef\u00e4\u00dfverkalkung zu verhindern. So kann das Herz gesch\u00fctzt und das Risiko eines Herzinfarkts deutlich reduziert werden. Nat\u00fcrlich ist es wichtig, dass Sie das Vitamin regelm\u00e4\u00dfig einnehmen. Vitamin K kann heute nicht nur mit der Nahrung, sondern auch mit Nahrungserg\u00e4nzungsmitteln eingenommen werden. Eine \u00dcberdosierung ist praktisch unm\u00f6glich.    <\/p>\n<p><strong>Nahrungserg\u00e4nzungsmittel sind kein Ersatz f\u00fcr eine ausgewogene und abwechslungsreiche Ern\u00e4hrung und eine gesunde Lebensweise.<\/strong><\/p>\n<\/p>\n<p><strong>Warum sollte hochdosiertes Vitamin D immer zusammen mit Vitamin K2 eingenommen werden?<\/strong><br \/><strong>Vitamin D3 und K2 - eine gute Kombination<\/strong><\/p>\n<p>Vorsicht ist geboten, wenn Sie hohe Dosen von Vitamin D allein einnehmen, da dies zu gesundheitlichen Risiken f\u00fchren kann.<\/p>\n<p>Zusammen mit Parathormon erh\u00f6ht Vitamin D die Aufnahme von Kalzium aus dem Darm. Dadurch erh\u00f6ht sich auch die Konzentration von Kalzium im Blut. <\/p>\n<p>Der K\u00f6rper muss in der Lage sein, dieses Kalzium im Blut zu verwerten, sonst wird es als nutzloses und sch\u00e4dliches Abfallprodukt im K\u00f6rper abgelagert. Langfristig f\u00fchrt dies zu einer gef\u00e4hrlichen Verkalkung von Gef\u00e4\u00dfen und Organen. <\/p>\n<p><strong>Dies ist wichtig zu wissen:<\/strong><\/p>\n<p>Die eigentliche Ursache f\u00fcr Kalziumablagerungen in den Blutgef\u00e4\u00dfen ist nicht ein erh\u00f6hter Kalziumspiegel, sondern die Tatsache, dass es an Vitamin K2 fehlt, um dieses Kalzium zu verwerten.<br \/>Und genau hier kommt Vitamin K2 ins Spiel:<\/p>\n<p>Vitamin K2 aktiviert die beiden Proteine Osteocalcin und MGP (Matrix Gla Protein). Diese sind in erster Linie f\u00fcr die Verwertung von Kalzium im Blut verantwortlich. Wenn sie aktiviert (carboxyliert) sind, k\u00f6nnen diese carboxylierten Formen Kalzium binden und transportieren. Osteocalcin und MGP sorgen so f\u00fcr den Transport und die Einlagerung von Kalzium aus dem Blut in die harte Substanz der Knochen und Z\u00e4hne. Wenn diese Proteine nicht aktiviert sind, k\u00f6nnen sie diese Aufgabe nicht erf\u00fcllen.    <\/p>\n<p>Mit Hilfe von Vitamin K2 gelangt das Kalzium also auch dorthin, wo es hingeh\u00f6rt und wo es gebraucht wird. Vitamin K2 verhindert somit, dass sich Kalzium im Blut als Plaque in den Arterienw\u00e4nden ablagert und h\u00e4lt so unsere Blutgef\u00e4\u00dfe sauber.<br \/>MK-7 (all-trans) - bessere Aufnahme, l\u00e4nger aktiv <\/p>\n<p><strong>Aber auch bei Vitamin K2 gibt es gro\u00dfe Unterschiede.<\/strong><\/p>\n<p>Ein sorgf\u00e4ltig hergestellter MK7 all-trans Wirkstoff ist derzeit noch sehr teuer. In vielen vermeintlich billigen Produkten, vor allem aus dem Ausland, werden importierte Wirkstoffe mit einem niedrigen all-trans-Gehalt verwendet und sind daher weitgehend unwirksam.   <\/p>\n<p>Vitamin D und Vitamin K geh\u00f6ren zu den fettl\u00f6slichen Vitaminen. Fettl\u00f6slich bedeutet, dass sie Fett\/\u00d6l als Transportmittel ben\u00f6tigen. Nur dann kann der K\u00f6rper sie verwerten.  <\/p>\n<p>Wenn Sie Vitamin D3 und\/oder K2 als Nahrungserg\u00e4nzungsmittel einnehmen, achten Sie auf die Darreichungsform. Vitamin D oder K2 in Form von Tabletten oder Dragees enthalten keine nat\u00fcrlichen \u00d6le. Au\u00dferdem enthalten sie oft unn\u00f6tige Zusatzstoffe.  <br \/><strong><\/strong><\/p>\n<p><strong>Fazit:<\/strong><\/p>\n<p>Hohe Dosen von Vitamin D erfordern Vitamin K2 f\u00fcr die Kalziumverwertung. Als Nahrungserg\u00e4nzungsmittel muss Vitamin D3 daher immer zusammen mit Vitamin K2 eingenommen werden. <\/p>\n<p>In Kombination mit Vitamin D3 sorgt die langwirksame Form von Vitamin K2 (MK-7) am besten f\u00fcr eine ausreichende Versorgung aller Organe und Gewebe<\/p>\n<p><\/p>\n","protected":false},"excerpt":{"rendered":"<p>Gesunde Knochen brauchen Vitamin K. <br \/>Nach neuesten Forschungsergebnissen spielt Vitamin K2 eine wirksame Rolle bei der Unterst\u00fctzung des Knochenumbaus. <br \/>-Vitamin K2 ist wichtig f\u00fcr das Skelett <br \/>-unterst\u00fctzt die Knochendichte und den Knochenumbau<br \/>-verringert das Risiko von H\u00fcftfrakturen.<\/p>\n<p>-Kombiniert mit <a href=\"https:\/\/www.cosmolife.it\/it\/vitamine\/444-vitamina-d3-forte-gocce-la-vitamina-della-luce-solare.html\">Vitamin D3<\/a><\/p>\n","protected":false},"featured_media":679,"template":"","meta":{"_joinchat":[]},"product_brand":[135],"product_cat":[197],"product_tag":[],"class_list":{"0":"post-677","1":"product","2":"type-product","3":"status-publish","4":"has-post-thumbnail","6":"product_brand-cosmolife-de","7":"product_cat-vitamine-1","9":"first","10":"instock","11":"taxable","12":"shipping-taxable","13":"purchasable","14":"product-type-simple"},"_links":{"self":[{"href":"https:\/\/www.cosmolife.it\/de\/wp-json\/wp\/v2\/product\/677","targetHints":{"allow":["GET"]}}],"collection":[{"href":"https:\/\/www.cosmolife.it\/de\/wp-json\/wp\/v2\/product"}],"about":[{"href":"https:\/\/www.cosmolife.it\/de\/wp-json\/wp\/v2\/types\/product"}],"wp:featuredmedia":[{"embeddable":true,"href":"https:\/\/www.cosmolife.it\/de\/wp-json\/wp\/v2\/media\/679"}],"wp:attachment":[{"href":"https:\/\/www.cosmolife.it\/de\/wp-json\/wp\/v2\/media?parent=677"}],"wp:term":[{"taxonomy":"product_brand","embeddable":true,"href":"https:\/\/www.cosmolife.it\/de\/wp-json\/wp\/v2\/product_brand?post=677"},{"taxonomy":"product_cat","embeddable":true,"href":"https:\/\/www.cosmolife.it\/de\/wp-json\/wp\/v2\/product_cat?post=677"},{"taxonomy":"product_tag","embeddable":true,"href":"https:\/\/www.cosmolife.it\/de\/wp-json\/wp\/v2\/product_tag?post=677"}],"curies":[{"name":"wp","href":"https:\/\/api.w.org\/{rel}","templated":true}]}}