{"id":681,"date":"2017-01-20T17:40:55","date_gmt":"2017-01-20T17:40:55","guid":{"rendered":"https:\/\/cosmolife.it\/?product=vitamin-d3-forte-tropfen-das-sonnenvitamin"},"modified":"2026-01-27T10:25:31","modified_gmt":"2026-01-27T08:25:31","slug":"vitamin-d3-forte-tropfen-das-sonnenvitamin","status":"publish","type":"product","link":"https:\/\/www.cosmolife.it\/de\/prodotto\/vitamin-d3-forte-tropfen-das-sonnenvitamin\/","title":{"rendered":"Vitamin D3 forte Tropfen - Das Sonnenvitamin &#8222;"},"content":{"rendered":"<p data-start=\"2765\" data-end=\"3082\"><strong data-start=\"2765\" data-end=\"2779\">Vitamin D3<\/strong>, auch bekannt als die <strong data-start=\"2802\" data-end=\"2821\">\u201eSonnenvitamin\u201c<\/strong>, ist f\u00fcr unser Wohlbefinden unverzichtbar. Zwar kann der K\u00f6rper Vitamin D selbst durch UV-Strahlung produzieren, doch durch unseren modernen Lebensstil, Sonnenschutzmittel und die geringe Sonneneinstrahlung im Winter reicht die Eigenproduktion oft nicht aus.<\/p>\n<p data-start=\"3084\" data-end=\"3272\">Die <strong data-start=\"3088\" data-end=\"3116\">Vitamin D3 forte Tropfen<\/strong> liefern eine gezielte Dosierung von <strong data-start=\"3153\" data-end=\"3164\">2500 IE<\/strong>, um einen optimalen Vitamin-D-Spiegel zu unterst\u00fctzen. Vitamin D3 ist an zahlreichen Prozessen beteiligt:<\/p>\n<ul data-start=\"3273\" data-end=\"3507\">\n<li data-start=\"3273\" data-end=\"3338\">\n<p data-start=\"3275\" data-end=\"3338\">tr\u00e4gt zum Erhalt gesunder <strong data-start=\"3301\" data-end=\"3331\">Knochen, Z\u00e4hne und Muskeln<\/strong> bei;<\/p>\n<\/li>\n<li data-start=\"3339\" data-end=\"3375\">\n<p data-start=\"3341\" data-end=\"3375\">unterst\u00fctzt das <strong data-start=\"3357\" data-end=\"3372\">Immunsystem<\/strong>;<\/p>\n<\/li>\n<li data-start=\"3376\" data-end=\"3433\">\n<p data-start=\"3378\" data-end=\"3433\">verbessert die Aufnahme von <strong data-start=\"3406\" data-end=\"3430\">Kalzium und Phosphor<\/strong>;<\/p>\n<\/li>\n<li data-start=\"3434\" data-end=\"3507\">\n<p data-start=\"3436\" data-end=\"3507\">wirkt sich positiv auf <strong data-start=\"3459\" data-end=\"3500\">Stimmung, Konzentration und Vitalit\u00e4t<\/strong> aus.<\/p>\n<\/li>\n<\/ul>\n<p data-start=\"3509\" data-end=\"3946\">Bei hochdosierter Einnahme ist es wichtig, Vitamin D3 immer mit <strong data-start=\"3573\" data-end=\"3587\">Vitamin K2<\/strong> zu kombinieren. Denn Vitamin K2 sorgt daf\u00fcr, dass das aufgenommene Kalzium dorthin gelangt, wo es gebraucht wird \u2013 in Knochen und Z\u00e4hne \u2013 und sich nicht in den Blutgef\u00e4\u00dfen ablagert. In seiner wirksamsten Form, <strong data-start=\"3798\" data-end=\"3818\">MK-7 (all-trans)<\/strong>, aktiviert Vitamin K2 die Proteine Osteocalcin und MGP, die Kalzium im Knochen binden und das Herz-Kreislauf-System sch\u00fctzen.<\/p>\n<p data-start=\"3948\" data-end=\"4105\">Durch die fl\u00fcssige <strong data-start=\"3967\" data-end=\"3978\">\u00d6l-Form<\/strong> ist die Bioverf\u00fcgbarkeit besonders hoch, da Vitamin D3 (wie auch K2) fettl\u00f6slich ist und Fette als Transportmedium ben\u00f6tigt.<\/p>\n<p data-start=\"4107\" data-end=\"4380\">\ud83d\udc49 <strong data-start=\"4110\" data-end=\"4119\">Fazit<\/strong>: Die <strong data-start=\"4125\" data-end=\"4161\">Vitamin D3 forte Tropfen 2500 IE<\/strong> sind die ideale Unterst\u00fctzung f\u00fcr starke Knochen, Z\u00e4hne, Muskeln und ein gesundes Immunsystem. In Kombination mit Vitamin K2 (MK-7) wird eine optimale Kalzium-Verwertung sowie ein Schutz der Blutgef\u00e4\u00dfe gew\u00e4hrleistet.<\/p>\n<p data-start=\"4382\" data-end=\"4582\">\ud83d\udce6 <strong data-start=\"4385\" data-end=\"4395\">Inhalt<\/strong>: 15 ml<br data-start=\"4402\" data-end=\"4405\" \/>\ud83d\udca7 <strong data-start=\"4408\" data-end=\"4432\">Empfohlene Dosierung<\/strong>: gem\u00e4\u00df individueller Ern\u00e4hrungsempfehlungen.<br data-start=\"4477\" data-end=\"4480\" \/>\u26a0\ufe0f Nahrungserg\u00e4nzungsmittel sind kein Ersatz f\u00fcr eine ausgewogene Ern\u00e4hrung und gesunde Lebensweise<\/p>\n","protected":false},"excerpt":{"rendered":"<ul>\n<li data-start=\"4651\" data-end=\"4715\">\n<p data-start=\"4653\" data-end=\"4715\"><strong data-start=\"4653\" data-end=\"4687\">2500 IE Vitamin D3 pro Tropfen<\/strong>, hoch bioverf\u00fcgbar in \u00d6l.<\/p>\n<\/li>\n<li data-start=\"4716\" data-end=\"4780\">\n<p data-start=\"4718\" data-end=\"4780\">Unterst\u00fctzt <strong data-start=\"4730\" data-end=\"4757\">Knochen, Z\u00e4hne, Muskeln<\/strong> und das Immunsystem.<\/p>\n<\/li>\n<li data-start=\"4781\" data-end=\"4838\">\n<p data-start=\"4783\" data-end=\"4838\">Verbessert die Aufnahme von <strong data-start=\"4811\" data-end=\"4835\">Kalzium und Phosphor<\/strong>.<\/p>\n<\/li>\n<li data-start=\"4839\" data-end=\"4925\">\n<p data-start=\"4841\" data-end=\"4925\">Kombination mit <strong data-start=\"4857\" data-end=\"4878\">Vitamin K2 (MK-7)<\/strong> entscheidend f\u00fcr richtige Kalziumverwertung.<\/p>\n<\/li>\n<li data-start=\"4926\" data-end=\"4981\">\n<p data-start=\"4928\" data-end=\"4981\">Praktische Tropfenform (15 ml), leicht zu dosieren.<\/p>\n<\/li>\n<\/ul>\n<p>&nbsp;<\/p>\n","protected":false},"featured_media":8945,"template":"","meta":{"_joinchat":[]},"product_brand":[135],"product_cat":[197],"product_tag":[],"class_list":{"0":"post-681","1":"product","2":"type-product","3":"status-publish","4":"has-post-thumbnail","6":"product_brand-cosmolife-de","7":"product_cat-vitamine-1","9":"first","10":"instock","11":"taxable","12":"shipping-taxable","13":"purchasable","14":"product-type-simple"},"_links":{"self":[{"href":"https:\/\/www.cosmolife.it\/de\/wp-json\/wp\/v2\/product\/681","targetHints":{"allow":["GET"]}}],"collection":[{"href":"https:\/\/www.cosmolife.it\/de\/wp-json\/wp\/v2\/product"}],"about":[{"href":"https:\/\/www.cosmolife.it\/de\/wp-json\/wp\/v2\/types\/product"}],"wp:featuredmedia":[{"embeddable":true,"href":"https:\/\/www.cosmolife.it\/de\/wp-json\/wp\/v2\/media\/8945"}],"wp:attachment":[{"href":"https:\/\/www.cosmolife.it\/de\/wp-json\/wp\/v2\/media?parent=681"}],"wp:term":[{"taxonomy":"product_brand","embeddable":true,"href":"https:\/\/www.cosmolife.it\/de\/wp-json\/wp\/v2\/product_brand?post=681"},{"taxonomy":"product_cat","embeddable":true,"href":"https:\/\/www.cosmolife.it\/de\/wp-json\/wp\/v2\/product_cat?post=681"},{"taxonomy":"product_tag","embeddable":true,"href":"https:\/\/www.cosmolife.it\/de\/wp-json\/wp\/v2\/product_tag?post=681"}],"curies":[{"name":"wp","href":"https:\/\/api.w.org\/{rel}","templated":true}]}}