{"id":685,"date":"2017-01-20T17:43:04","date_gmt":"2017-01-20T17:43:04","guid":{"rendered":"https:\/\/cosmolife.it\/?product=preventis-vitamin-d-test"},"modified":"2026-01-20T01:37:29","modified_gmt":"2026-01-19T23:37:29","slug":"preventis-vitamin-d-test","status":"publish","type":"product","link":"https:\/\/www.cosmolife.it\/de\/prodotto\/preventis-vitamin-d-test\/","title":{"rendered":"Vollst\u00e4ndige Entgiftung von K\u00f6rper und Zellen"},"content":{"rendered":"<p data-start=\"397\" data-end=\"729\">Dieses ganzheitliche Entgiftungsprogramm wurde entwickelt, um den K\u00f6rper auf nat\u00fcrliche Weise zu reinigen, die Darmflora wieder ins Gleichgewicht zu bringen und das k\u00f6rpereigene Entgiftungssystem zu stimulieren.<br data-start=\"582\" data-end=\"585\">Vier perfekt aufeinander abgestimmte Produkte wirken in Synergie, um den K\u00f6rper auf allen Ebenen zu unterst\u00fctzen - sanft, effektiv und nachhaltig.<\/p>\n<hr data-start=\"731\" data-end=\"734\">\n<h3 data-start=\"736\" data-end=\"775\"><strong data-start=\"740\" data-end=\"775\">Die vier Hauptkomponenten<\/strong><\/h3>\n<h4 data-start=\"777\" data-end=\"831\"><strong data-start=\"782\" data-end=\"831\">Vitabiosa (Probiotische Mikroorganismen mit Kr\u00e4utern)<\/strong><\/h4>\n<p data-start=\"832\" data-end=\"1134\">Vitabiosa liefert lebende Milchs\u00e4urebakterien und fermentierte Kr\u00e4uterextrakte, die das Gleichgewicht der Darmflora f\u00f6rdern, die Verdauung verbessern und das Immunsystem st\u00e4rken.<br data-start=\"1017\" data-end=\"1020\">Die enthaltenen Kr\u00e4uter haben eine wohltuende Wirkung auf Leber, Galle und Verdauung und tragen so zur inneren Harmonie bei.<\/p>\n<hr data-start=\"1136\" data-end=\"1139\">\n<h4 data-start=\"1141\" data-end=\"1197\"><strong data-start=\"1146\" data-end=\"1197\">Darmreinigungspulver (Pr\u00e4biotika)<\/strong><\/h4>\n<p data-start=\"1198\" data-end=\"1429\">Eine Mischung aus l\u00f6slichen Ballaststoffen, die als Nahrung f\u00fcr n\u00fctzliche Bakterien dient.<br data-start=\"1275\" data-end=\"1278\">F\u00f6rdert das Wachstum einer gesunden Darmflora, unterst\u00fctzt die nat\u00fcrliche Ausscheidung von Stoffwechselendprodukten und f\u00f6rdert die richtige Darmfunktion.<\/p>\n<hr data-start=\"1431\" data-end=\"1434\">\n<h4 data-start=\"1436\" data-end=\"1463\"><strong data-start=\"1441\" data-end=\"1463\">Zeolith-Pulver<\/strong><\/h4>\n<p data-start=\"1464\" data-end=\"1746\">Zeolith ist ein nat\u00fcrlich vorkommendes vulkanisches Mineral mit der au\u00dfergew\u00f6hnlichen F\u00e4higkeit, Giftstoffe und Schwermetalle zu binden.<br data-start=\"1575\" data-end=\"1578\">Es wirkt wie ein nat\u00fcrlicher &#8222;Schwamm&#8220;, der sch\u00e4dliche Substanzen wie Ammonium, Pestizide und Umweltschadstoffe auff\u00e4ngt und entfernt und so zur Reinigung des Verdauungstrakts beitr\u00e4gt.<\/p>\n<hr data-start=\"1748\" data-end=\"1751\">\n<h4 data-start=\"1753\" data-end=\"1784\"><strong data-start=\"1758\" data-end=\"1784\">Liposomales Glutathion<\/strong><\/h4>\n<p data-start=\"1785\" data-end=\"2118\">Glutathion ist eines der st\u00e4rksten nat\u00fcrlichen Antioxidantien, die der K\u00f6rper produziert.<br data-start=\"1868\" data-end=\"1871\">In liposomaler Form wird es optimal aufgenommen und unterst\u00fctzt die Leber bei Entgiftungsprozessen, sch\u00fctzt die Zellen vor oxidativem Stress und st\u00e4rkt das Immunsystem.<br data-start=\"2059\" data-end=\"2062\">Perfekt zur F\u00f6rderung von Energie, Regeneration und Vitalit\u00e4t.<\/p>\n<hr data-start=\"2120\" data-end=\"2123\">\n<h3 data-start=\"2125\" data-end=\"2152\"><strong data-start=\"2129\" data-end=\"2152\">Synergie und Vorteile<\/strong><\/h3>\n<ul data-start=\"2153\" data-end=\"2426\">\n<li data-start=\"2153\" data-end=\"2221\">\n<p data-start=\"2155\" data-end=\"2221\"><strong data-start=\"2155\" data-end=\"2168\">Vitabiosa<\/strong> stellt das Gleichgewicht der Darmflora wieder her.<\/p>\n<\/li>\n<li data-start=\"2222\" data-end=\"2295\">\n<p data-start=\"2224\" data-end=\"2295\"><strong data-start=\"2224\" data-end=\"2250\">Darmpulver<\/strong> n\u00e4hrt und unterst\u00fctzt die n\u00fctzlichen Mikroorganismen.<\/p>\n<\/li>\n<li data-start=\"2296\" data-end=\"2356\">\n<p data-start=\"2298\" data-end=\"2356\"><strong data-start=\"2298\" data-end=\"2312\">Zeolith<\/strong> bindet und beseitigt Giftstoffe und Schwermetalle.<\/p>\n<\/li>\n<li data-start=\"2357\" data-end=\"2426\">\n<p data-start=\"2359\" data-end=\"2426\"><strong data-start=\"2359\" data-end=\"2376\">Glutathion<\/strong> aktiviert die tiefgreifende zellul\u00e4re Entgiftung.<\/p>\n<\/li>\n<\/ul>\n<p data-start=\"2428\" data-end=\"2526\">Das Ergebnis: ein gereinigter K\u00f6rper, ein klarerer Geist, mehr Energie und dauerhaftes Wohlbefinden.<\/p>\n<h3 data-start=\"586\" data-end=\"617\"><strong data-start=\"590\" data-end=\"617\">Inhalt des Programms<\/strong><\/h3>\n<p data-start=\"618\" data-end=\"647\">Das Entgiftungsprogramm umfasst:<\/p>\n<ul data-start=\"649\" data-end=\"818\">\n<li data-start=\"649\" data-end=\"679\">\n<p data-start=\"651\" data-end=\"679\"><strong data-start=\"651\" data-end=\"677\">3,5 Liter Vitabiosa<\/strong><\/p>\n<\/li>\n<li data-start=\"680\" data-end=\"733\">\n<p data-start=\"682\" data-end=\"733\"><strong data-start=\"682\" data-end=\"731\">1\u00d7 Darmreinigungspulver (350 g)<\/strong><\/p>\n<\/li>\n<li data-start=\"734\" data-end=\"771\">\n<p data-start=\"736\" data-end=\"771\"><strong data-start=\"736\" data-end=\"769\">1\u00d7 Zeolith Pulver (100 g)<\/strong><\/p>\n<\/li>\n<li data-start=\"772\" data-end=\"818\">\n<p data-start=\"774\" data-end=\"818\"><strong data-start=\"774\" data-end=\"816\">1\u00d7 Liposomales Glutathion (60 Kapseln)<\/strong><\/p>\n<\/li>\n<\/ul>\n<p data-start=\"820\" data-end=\"940\">Diese Kombination bietet eine ausgewogene Basis f\u00fcr eine vollst\u00e4ndige, ganzheitliche Reinigung und tiefe Regeneration.<\/p>\n<p>&nbsp;<\/p>\n","protected":false},"excerpt":{"rendered":"<ol data-start=\"3317\" data-end=\"3746\">\n<li data-start=\"3317\" data-end=\"3388\">\n<p data-start=\"3320\" data-end=\"3388\"><strong data-start=\"3320\" data-end=\"3345\">Vollst\u00e4ndige Entschlackung:<\/strong> Unterst\u00fctzung von Darm, Leber und Zellen.<\/p>\n<\/li>\n<li data-start=\"3389\" data-end=\"3485\">\n<p data-start=\"3392\" data-end=\"3485\"><strong data-start=\"3392\" data-end=\"3413\">Synergistische Wirkung:<\/strong> Probiotika, Pr\u00e4biotika, Zeolith und Glutathion perfekt kombiniert.<\/p>\n<\/li>\n<li data-start=\"3486\" data-end=\"3555\">\n<p data-start=\"3489\" data-end=\"3555\"><strong data-start=\"3489\" data-end=\"3510\">Nat\u00fcrliche Reinigung:<\/strong> Ausscheidung von Giftstoffen und Schwermetallen.<\/p>\n<\/li>\n<li data-start=\"3556\" data-end=\"3664\">\n<p data-start=\"3559\" data-end=\"3664\"><strong data-start=\"3559\" data-end=\"3595\">Zellschutz und Energie:<\/strong> Liposomales Glutathion st\u00e4rkt die Vitalit\u00e4t und das Immunsystem.<\/p>\n<\/li>\n<li data-start=\"3665\" data-end=\"3746\">\n<p data-start=\"3668\" data-end=\"3746\"><strong data-start=\"3668\" data-end=\"3693\">Sanft, aber effektiv:<\/strong> nachhaltige Regeneration f\u00fcr dauerhaftes Wohlbefinden.<\/p>\n<\/li>\n<\/ol>\n","protected":false},"featured_media":9247,"template":"","meta":{"_joinchat":[]},"product_brand":[135],"product_cat":[157,153,139,219,197],"product_tag":[],"class_list":{"0":"post-685","1":"product","2":"type-product","3":"status-publish","4":"has-post-thumbnail","6":"product_brand-cosmolife-de","7":"product_cat-schoenheit","8":"product_cat-behandlung","9":"product_cat-ernaehrung","10":"product_cat-sparpakete","11":"product_cat-vitamine-1","13":"first","14":"instock","15":"sale","16":"taxable","17":"shipping-taxable","18":"purchasable","19":"product-type-simple"},"_links":{"self":[{"href":"https:\/\/www.cosmolife.it\/de\/wp-json\/wp\/v2\/product\/685","targetHints":{"allow":["GET"]}}],"collection":[{"href":"https:\/\/www.cosmolife.it\/de\/wp-json\/wp\/v2\/product"}],"about":[{"href":"https:\/\/www.cosmolife.it\/de\/wp-json\/wp\/v2\/types\/product"}],"wp:featuredmedia":[{"embeddable":true,"href":"https:\/\/www.cosmolife.it\/de\/wp-json\/wp\/v2\/media\/9247"}],"wp:attachment":[{"href":"https:\/\/www.cosmolife.it\/de\/wp-json\/wp\/v2\/media?parent=685"}],"wp:term":[{"taxonomy":"product_brand","embeddable":true,"href":"https:\/\/www.cosmolife.it\/de\/wp-json\/wp\/v2\/product_brand?post=685"},{"taxonomy":"product_cat","embeddable":true,"href":"https:\/\/www.cosmolife.it\/de\/wp-json\/wp\/v2\/product_cat?post=685"},{"taxonomy":"product_tag","embeddable":true,"href":"https:\/\/www.cosmolife.it\/de\/wp-json\/wp\/v2\/product_tag?post=685"}],"curies":[{"name":"wp","href":"https:\/\/api.w.org\/{rel}","templated":true}]}}