{"id":687,"date":"2017-02-20T14:10:41","date_gmt":"2017-02-20T14:10:41","guid":{"rendered":"https:\/\/cosmolife.it\/?product=braune-wildhirse-bio-750gr-12-1-gratis"},"modified":"2025-09-24T11:48:43","modified_gmt":"2025-09-24T09:48:43","slug":"braune-wildhirse-bio-750gr-121-gratis","status":"publish","type":"product","link":"https:\/\/www.cosmolife.it\/de\/prodotto\/braune-wildhirse-bio-750gr-121-gratis\/","title":{"rendered":"Braune Wildhirse Bio 750gr 12+1 gratis"},"content":{"rendered":"<div>\n<p data-start=\"1998\" data-end=\"2382\">Die <strong data-start=\"2002\" data-end=\"2027\">braune Wild-Hirse BIO<\/strong> ist ein uraltes und wertvolles Getreide, das urspr\u00fcnglich aus Ostindien stammt und in Europa bereits in vorchristlicher Zeit angebaut wurde. Als eine der n\u00e4hrstoffreichsten Pflanzen aus der Familie der S\u00fc\u00dfgr\u00e4ser galt Hirse \u00fcber Jahrhunderte als Grundnahrungsmittel \u2013 heute wird sie neu entdeckt als au\u00dfergew\u00f6hnliche Quelle f\u00fcr Gesundheit und Vitalit\u00e4t.<\/p>\n<p data-start=\"2384\" data-end=\"2833\">Sie ist das <strong data-start=\"2396\" data-end=\"2429\">mineralstoffreichste Getreide<\/strong> der Welt, von Natur aus glutenfrei und somit auch f\u00fcr Menschen mit Unvertr\u00e4glichkeiten geeignet. Besonders hervorzuheben ist ihr hoher Gehalt an <strong data-start=\"2575\" data-end=\"2590\">Kiesels\u00e4ure<\/strong>, die f\u00fcr starke Knochen, Knorpel und Bindegewebe unerl\u00e4sslich ist. Dar\u00fcber hinaus liefert Hirse Fluor, Schwefel, Phosphor, Eisen, Magnesium, Kalium und Zink sowie zahlreiche B-Vitamine (B1, B2, B6, B17), Pantothens\u00e4ure und Nikotins\u00e4ureamid.<\/p>\n<p data-start=\"2835\" data-end=\"3113\">Dieses vielseitige Lebensmittel kann sogar <strong data-start=\"2878\" data-end=\"2894\">roh verzehrt<\/strong> werden, wodurch alle wertvollen Inhaltsstoffe vollst\u00e4ndig erhalten bleiben. Dank seiner F\u00fclle an N\u00e4hrstoffen unterst\u00fctzt Hirse den Stoffwechsel, die Zellregeneration sowie die Gesundheit von Knochen, Haut und Haaren.<\/p>\n<p data-start=\"3115\" data-end=\"3244\">Dar\u00fcber hinaus ist dieses Produkt mit <strong data-start=\"3153\" data-end=\"3185\">Natural Frequency informiert<\/strong>, was seine nat\u00fcrliche Harmonie mit dem K\u00f6rper verst\u00e4rkt.<\/p>\n<\/div>\n","protected":false},"excerpt":{"rendered":"<div>\n<ul>\n<li data-start=\"3310\" data-end=\"3403\">\n<p data-start=\"3312\" data-end=\"3403\"><strong data-start=\"3312\" data-end=\"3349\">Ausgezeichnete Mineralstoffquelle<\/strong>, u. a. Eisen, Magnesium, Kalium, Zink und Phosphor.<\/p>\n<\/li>\n<li data-start=\"3404\" data-end=\"3464\">\n<p data-start=\"3406\" data-end=\"3464\"><strong data-start=\"3406\" data-end=\"3421\">Kiesels\u00e4ure<\/strong> st\u00e4rkt Bindegewebe, Knochen und Knorpel.<\/p>\n<\/li>\n<li data-start=\"3465\" data-end=\"3549\">\n<p data-start=\"3467\" data-end=\"3549\">Reich an <strong data-start=\"3476\" data-end=\"3491\">B-Vitaminen<\/strong> und essenziellen N\u00e4hrstoffen f\u00fcr Energie und Vitalit\u00e4t.<\/p>\n<\/li>\n<li data-start=\"3550\" data-end=\"3608\">\n<p data-start=\"3552\" data-end=\"3608\"><strong data-start=\"3552\" data-end=\"3566\">Glutenfrei<\/strong>, geeignet auch bei Unvertr\u00e4glichkeiten.<\/p>\n<\/li>\n<li data-start=\"3609\" data-end=\"3692\">\n<p data-start=\"3611\" data-end=\"3692\">Kann auch <strong data-start=\"3621\" data-end=\"3637\">roh verzehrt<\/strong> werden und ist mit <strong data-start=\"3657\" data-end=\"3689\">Natural Frequency informiert<\/strong>.<\/p>\n<\/li>\n<\/ul>\n<\/div>\n","protected":false},"featured_media":8979,"template":"","meta":{"_joinchat":[]},"product_brand":[135],"product_cat":[219,165],"product_tag":[],"class_list":{"0":"post-687","1":"product","2":"type-product","3":"status-publish","4":"has-post-thumbnail","6":"product_brand-cosmolife-de","7":"product_cat-sparpakete","8":"product_cat-wildhirse-bio","10":"first","11":"instock","12":"sale","13":"taxable","14":"shipping-taxable","15":"purchasable","16":"product-type-simple"},"_links":{"self":[{"href":"https:\/\/www.cosmolife.it\/de\/wp-json\/wp\/v2\/product\/687","targetHints":{"allow":["GET"]}}],"collection":[{"href":"https:\/\/www.cosmolife.it\/de\/wp-json\/wp\/v2\/product"}],"about":[{"href":"https:\/\/www.cosmolife.it\/de\/wp-json\/wp\/v2\/types\/product"}],"wp:featuredmedia":[{"embeddable":true,"href":"https:\/\/www.cosmolife.it\/de\/wp-json\/wp\/v2\/media\/8979"}],"wp:attachment":[{"href":"https:\/\/www.cosmolife.it\/de\/wp-json\/wp\/v2\/media?parent=687"}],"wp:term":[{"taxonomy":"product_brand","embeddable":true,"href":"https:\/\/www.cosmolife.it\/de\/wp-json\/wp\/v2\/product_brand?post=687"},{"taxonomy":"product_cat","embeddable":true,"href":"https:\/\/www.cosmolife.it\/de\/wp-json\/wp\/v2\/product_cat?post=687"},{"taxonomy":"product_tag","embeddable":true,"href":"https:\/\/www.cosmolife.it\/de\/wp-json\/wp\/v2\/product_tag?post=687"}],"curies":[{"name":"wp","href":"https:\/\/api.w.org\/{rel}","templated":true}]}}