{"id":691,"date":"2017-03-06T09:26:06","date_gmt":"2017-03-06T09:26:06","guid":{"rendered":"https:\/\/cosmolife.it\/?product=drinkpure-entharterkartusche-%e2%80%93"},"modified":"2026-03-26T17:17:58","modified_gmt":"2026-03-26T15:17:58","slug":"drinkpure-enthaerterkartusche","status":"publish","type":"product","link":"https:\/\/www.cosmolife.it\/de\/prodotto\/drinkpure-enthaerterkartusche\/","title":{"rendered":"drinkpure Fresh Ultra - Ersatzfilterpatrone f\u00fcr den Untertischbereich"},"content":{"rendered":"<h1 data-start=\"638\" data-end=\"683\">Was ist die Fresh Ultra Ersatzkartusche?<\/h1>\n<p data-start=\"685\" data-end=\"832\">Die Ersatzkartusche f\u00fcr Ihren <strong data-start=\"721\" data-end=\"746\">Fresh Ultra drinkpure<\/strong> sorgt daf\u00fcr, dass Ihr Wasser auf Dauer sauber, frisch und frei von Verunreinigungen bleibt.<\/p>\n<p data-start=\"834\" data-end=\"1035\">Jede Kartusche hat eine Lebensdauer von bis zu <strong data-start=\"870\" data-end=\"903\">6 Monaten oder 5.000 Litern Wasser<\/strong>.<br data-start=\"904\" data-end=\"907\">Das Auswechseln erfolgt \u00fcber das praktische <strong data-start=\"958\" data-end=\"971\">EasyTwist-System<\/strong> - ohne Werkzeug, in Sekundenschnelle und ohne Wasser zu versch\u00fctten.<\/p>\n<p data-start=\"1037\" data-end=\"1265\">Dank ihrer dreischichtigen Technologie (Vorfilter, 0,3 \u00b5m Mikrofiltrationsmembran und Aktivkohle) sorgt die Kartusche f\u00fcr eine zuverl\u00e4ssige Reduzierung von Mikroplastik, Bakterien, Chlor, Pestiziden und zahlreichen anderen Schadstoffen.<\/p>\n<hr data-start=\"1267\" data-end=\"1270\">\n<h1 data-start=\"1272\" data-end=\"1291\">F\u00fcr wen ist es geeignet?<\/h1>\n<p data-start=\"1293\" data-end=\"1422\">Die Fresh Ultra Ersatzkartusche ist f\u00fcr alle gedacht, die das <strong data-start=\"1383\" data-end=\"1421\">Fresh Ultra Untertisch-Reinigungssystem<\/strong> verwenden.<\/p>\n<p data-start=\"1424\" data-end=\"1658\">Das System wird zun\u00e4chst von einem spezialisierten Techniker installiert, da es direkt in die Kaltwasserleitung integriert wird. Anschlie\u00dfend kann der Kartuschenwechsel selbst\u00e4ndig und ohne Werkzeug durchgef\u00fchrt werden. <\/p>\n<p data-start=\"1660\" data-end=\"1804\">Es eignet sich besonders f\u00fcr Familien, die eine elegante und dauerhafte L\u00f6sung suchen - ob im eigenen Haus oder in einer Mietwohnung.<\/p>\n<p data-start=\"1806\" data-end=\"2089\">Das System wurde f\u00fcr Regionen mit allgemein guten Trinkwasserstandards entwickelt, in denen es darum geht, Mikroplastik, Bakterien, Chlor, Hormone oder Arzneimittelr\u00fcckst\u00e4nde zu reduzieren. In Gebieten mit stark verunreinigtem Wasser sind m\u00f6glicherweise fortschrittlichere Filtersysteme erforderlich. <\/p>\n<hr data-start=\"2091\" data-end=\"2094\">\n<h1 data-start=\"2096\" data-end=\"2122\">Ist es getestet und zertifiziert?<\/h1>\n<p data-start=\"2124\" data-end=\"2232\">Ja. Jeder Bestandteil von Drinkpure Fresh Ultra wird gr\u00fcndlichen Kontrollen und unabh\u00e4ngigen Tests unterzogen. <\/p>\n<p data-start=\"2234\" data-end=\"2320\">Totale Transparenz: alle Laborergebnisse stehen zum Download bereit.<\/p>\n<p data-start=\"2322\" data-end=\"2352\">Die Filter werden nach folgenden Kriterien getestet:<\/p>\n<ul data-start=\"2354\" data-end=\"2431\">\n<li data-start=\"2354\" data-end=\"2369\">\n<p data-start=\"2356\" data-end=\"2369\">NSF\/ANSI 42<\/p>\n<\/li>\n<li data-start=\"2370\" data-end=\"2385\">\n<p data-start=\"2372\" data-end=\"2385\">NSF\/ANSI 53<\/p>\n<\/li>\n<li data-start=\"2386\" data-end=\"2402\">\n<p data-start=\"2388\" data-end=\"2402\">NSF\/ANSI 401<\/p>\n<\/li>\n<li data-start=\"2403\" data-end=\"2416\">\n<p data-start=\"2405\" data-end=\"2416\">ISO 22196<\/p>\n<\/li>\n<li data-start=\"2417\" data-end=\"2431\">\n<p data-start=\"2419\" data-end=\"2431\">EN 13443-1<\/p>\n<\/li>\n<\/ul>\n<p data-start=\"2433\" data-end=\"2551\">Die Materialien werden vom <strong data-start=\"2464\" data-end=\"2481\">T\u00dcV Rheinland<\/strong> und <strong data-start=\"2484\" data-end=\"2491\">SGS<\/strong> gepr\u00fcft.<br data-start=\"2492\" data-end=\"2495\">Die Wirksamkeit wird von der <strong data-start=\"2541\" data-end=\"2550\">Eawag<\/strong> unabh\u00e4ngig best\u00e4tigt.<\/p>\n<p data-start=\"2553\" data-end=\"2740\">Das technologische Herzst\u00fcck ist unsere selbst entwickelte Membran. Sie wurde in der Schweiz an der<strong data-start=\"2660\" data-end=\"2674\">ETH Z\u00fcrich<\/strong> entwickelt, wird kontinuierlich weiterentwickelt und immer noch in der Schweiz produziert. <\/p>\n<hr data-start=\"2742\" data-end=\"2745\">\n<h1 data-start=\"2747\" data-end=\"2806\">Filterwechsel im Handumdrehen - dank EasyTwist<\/h1>\n<p data-start=\"2808\" data-end=\"2958\">Auch der drinkpure Fresh Ultra ben\u00f6tigt in regelm\u00e4\u00dfigen Abst\u00e4nden eine neue Kartusche, um zuverl\u00e4ssig frisches und gefiltertes Wasser zu gew\u00e4hrleisten.<\/p>\n<p data-start=\"2960\" data-end=\"3011\">Eine Kartusche reicht f\u00fcr bis zu <strong data-start=\"2986\" data-end=\"3010\">6 Monate oder 5.000 Liter<\/strong>.<\/p>\n<p data-start=\"3013\" data-end=\"3177\">Dank des <strong data-start=\"3031\" data-end=\"3044\">EasyTwist-Systems<\/strong> ist das Auswechseln extrem einfach:<br data-start=\"3086\" data-end=\"3089\">schrauben Sie die Patrone ab, setzen Sie die neue ein, fertig.<br data-start=\"3140\" data-end=\"3143\">Ohne Werkzeug und in Sekundenschnelle.<\/p>\n<h1 data-start=\"3367\" data-end=\"3396\">Was ist das EasyTwist-System?<\/h1>\n<p data-start=\"3398\" data-end=\"3474\">EasyTwist ist das praktische Schnellverschlusssystem des Fresh Ultra drinkpure.<\/p>\n<p data-start=\"3476\" data-end=\"3705\">Sie erm\u00f6glicht das Einsetzen oder Herausnehmen der Kartusche mit einer einfachen Drehbewegung - ohne Werkzeug.<br data-start=\"3575\" data-end=\"3578\">Dank des integrierten Ventils schlie\u00dft sich die Wasserleitung beim Auswechseln automatisch und verhindert so Tropfen oder Lecks.<\/p>\n<p data-start=\"3707\" data-end=\"3765\">Das Ergebnis: eine saubere, sichere und unkomplizierte Umstellung.<\/p>\n<p>&nbsp;<\/p>\n<hr data-start=\"3767\" data-end=\"3770\">\n<h1 data-start=\"3772\" data-end=\"3797\">Abmessungen &amp; Spezifikationen<\/h1>\n<p data-start=\"3799\" data-end=\"3852\">H\u00f6he: 29 cm<br data-start=\"3813\" data-end=\"3816\">Breite: 7 cm<br data-start=\"3831\" data-end=\"3834\">Tiefe: 7 cm<\/p>\n<p data-start=\"3854\" data-end=\"3875\">Leeres Gewicht: 700 g<\/p>\n","protected":false},"excerpt":{"rendered":"<p>Die praktische L\u00f6sung f\u00fcr Ihr Untertischsystem.<br data-start=\"190\" data-end=\"193\">Ausgestattet mit dem bew\u00e4hrten Drei-Schicht-Prinzip, filtert er bis zu <strong data-start=\"253\" data-end=\"268\">5.000 Liter<\/strong> und h\u00e4lt ca. <strong data-start=\"282\" data-end=\"292\">6 Monate.<\/strong><\/p>\n<ul>\n<li data-start=\"334\" data-end=\"383\">Ersatzkartusche f\u00fcr drinkpure Fresh Ultra<\/li>\n<li data-start=\"334\" data-end=\"383\">Kapazit\u00e4t bis zu 5.000 Liter \/ ca. 6 Monate<\/li>\n<li data-start=\"334\" data-end=\"383\">Patentierte dreischichtige Filtertechnologie<\/li>\n<li data-start=\"334\" data-end=\"383\">Sekundenschnelles Auswechseln dank des EasyTwist-Systems<\/li>\n<li data-start=\"334\" data-end=\"383\">Werkzeuglose und leckagefreie Umstellung<\/li>\n<li data-start=\"334\" data-end=\"383\">Swiss made - entwickelt an der ETH Z\u00fcrich<\/li>\n<\/ul>\n","protected":false},"featured_media":38006,"template":"","meta":{"_joinchat":[]},"product_brand":[],"product_cat":[173],"product_tag":[],"class_list":{"0":"post-691","1":"product","2":"type-product","3":"status-publish","4":"has-post-thumbnail","6":"product_cat-gesundes-wasser","8":"first","9":"instock","10":"taxable","11":"shipping-taxable","12":"purchasable","13":"product-type-simple"},"_links":{"self":[{"href":"https:\/\/www.cosmolife.it\/de\/wp-json\/wp\/v2\/product\/691","targetHints":{"allow":["GET"]}}],"collection":[{"href":"https:\/\/www.cosmolife.it\/de\/wp-json\/wp\/v2\/product"}],"about":[{"href":"https:\/\/www.cosmolife.it\/de\/wp-json\/wp\/v2\/types\/product"}],"wp:featuredmedia":[{"embeddable":true,"href":"https:\/\/www.cosmolife.it\/de\/wp-json\/wp\/v2\/media\/38006"}],"wp:attachment":[{"href":"https:\/\/www.cosmolife.it\/de\/wp-json\/wp\/v2\/media?parent=691"}],"wp:term":[{"taxonomy":"product_brand","embeddable":true,"href":"https:\/\/www.cosmolife.it\/de\/wp-json\/wp\/v2\/product_brand?post=691"},{"taxonomy":"product_cat","embeddable":true,"href":"https:\/\/www.cosmolife.it\/de\/wp-json\/wp\/v2\/product_cat?post=691"},{"taxonomy":"product_tag","embeddable":true,"href":"https:\/\/www.cosmolife.it\/de\/wp-json\/wp\/v2\/product_tag?post=691"}],"curies":[{"name":"wp","href":"https:\/\/api.w.org\/{rel}","templated":true}]}}