{"id":697,"date":"2017-03-06T10:57:51","date_gmt":"2017-03-06T10:57:51","guid":{"rendered":"https:\/\/cosmolife.it\/?product=vitamin-d3-k2-paket"},"modified":"2026-01-20T01:37:26","modified_gmt":"2026-01-19T23:37:26","slug":"vitamin-d3k2-paket","status":"publish","type":"product","link":"https:\/\/www.cosmolife.it\/de\/prodotto\/vitamin-d3k2-paket\/","title":{"rendered":"Vitamin D3+K2 Paket &#8222;"},"content":{"rendered":"<ol>\n<li><strong>Gewinnende Synergie<\/strong>: Vitamin D3 und K2 sorgen gemeinsam daf\u00fcr, dass Kalzium im K\u00f6rper richtig verwertet wird und verhindern so die gef\u00e4hrliche Verkalkung von Gef\u00e4\u00dfen und Organen.<\/li>\n<li><strong>Optimale Absorption:<\/strong> Die MK-7 (all-trans)-Form von Vitamin K2, die pflanzlichen Ursprungs ist, wird vom K\u00f6rper effizienter absorbiert und bleibt l\u00e4nger aktiv als andere Formen.<\/li>\n<li><strong>Garantierte Reinheit:<\/strong> Der Verzicht auf weniger wirksame Formen von Vitamin K2, wie MK4, MK7-cis und MK9, gew\u00e4hrleistet ein hochwertiges Produkt mit einem hohen Trans-Gehalt.<\/li>\n<li><strong>Ideale Darreichungsform:<\/strong> Die fettl\u00f6slichen Vitamine D3 und K2 liegen in \u00d6l vor, so dass der K\u00f6rper sie optimal verwerten kann, ohne unn\u00f6tige Zusatzstoffe, wie sie f\u00fcr Tabletten oder Dragees typisch sind.<\/li>\n<\/ol>\n<p><strong>Warum Vitamin D3 in hoher Dosierung mit Vitamin K2 kombinieren?<\/strong><\/p>\n<p>Vitamin D3 und K2: das unerwartete dynamische Duo<br \/>\nAufgrund der geringeren Sonneneinstrahlung in unseren Breitengraden (vor allem im Winter) wird eine Erg\u00e4nzung durch Nahrungserg\u00e4nzungsmittel dringend empfohlen, da eine ausreichende Zufuhr \u00fcber die Nahrung auf Dauer oft nicht tragbar ist. Bei der alleinigen Einnahme hoher Dosen von Vitamin D ist jedoch Vorsicht geboten, da dies gesundheitliche Risiken mit sich bringen kann. <\/p>\n<p>Vitamin D erh\u00f6ht in Synergie mit dem Parathormon die Aufnahme von Kalzium aus dem Darm, wodurch sich auch die Konzentration von Kalzium im Blut erh\u00f6ht. Unser K\u00f6rper muss in der Lage sein, dieses Kalzium zu verwerten, sonst reichert es sich als sch\u00e4dlicher Abfall an. Infolgedessen kommt es langfristig zu einer gef\u00e4hrlichen Verkalkung von Blutgef\u00e4\u00dfen und Organen.  <\/p>\n<p>Wichtig zu wissen:<br \/>\nTats\u00e4chlich ist die Hauptursache f\u00fcr Kalziumablagerungen in den Blutgef\u00e4\u00dfen nicht ein hoher Kalziumspiegel, sondern ein Mangel an Vitamin K2, das f\u00fcr die Verwertung dieses Minerals unerl\u00e4sslich ist.<\/p>\n<p><strong>Hier kommt das Vitamin K2 ins Spiel:<\/strong><\/p>\n<p>Vitamin K2 aktiviert zwei Schl\u00fcsselproteine, Osteocalcin und MGP (Matrix Gla Protein), die f\u00fcr die Verwertung von Kalzium im Blut verantwortlich sind. Einmal aktiviert (carboxyliert), k\u00f6nnen diese Proteine Kalzium binden und transportieren. Osteocalcin und MGP sorgen f\u00fcr den Transport und die Speicherung von Kalzium aus dem Blut in die Knochen und Z\u00e4hne. Wenn diese Proteine nicht aktiviert sind, k\u00f6nnen sie diese wichtige Funktion nicht erf\u00fcllen. Mit Hilfe von Vitamin K2 wird das Kalzium daher dorthin geleitet, wo es ben\u00f6tigt wird. So wird verhindert, dass sich Kalzium in den Arterienw\u00e4nden ablagert und unsere Blutgef\u00e4\u00dfe bleiben sauber.    <\/p>\n<p>MK-7 (all-trans): optimierte Absorption und verl\u00e4ngerte Wirkungsdauer<br \/>\nAuch innerhalb von Vitamin K2 gibt es erhebliche Unterschiede. Die in Vitamin D3+K2 (MK-7) verwendete Form MK-7 (all-trans) wird aus nat\u00fcrlichen pflanzlichen Quellen gewonnen und hat einen trans-Gehalt von \u00fcber 98%. Die \u00dcberlegenheit von MK-7 all-trans liegt in seiner gr\u00f6\u00dferen Absorptionskapazit\u00e4t und seiner deutlich l\u00e4ngeren Wirkungsdauer im Vergleich zu anderen Formen von Vitamin K2. Diese Formen von Vitamin K2 sollten Sie meiden: MK4 (sehr geringe Bioverf\u00fcgbarkeit, so dass sehr hohe Dosen erforderlich sind), MK7-cis (praktisch unwirksam), MK9 (schlecht erforscht, haupts\u00e4chlich synthetisch, in Deutschland nicht zugelassen) und billige MK7-Produkte mit einem geringen trans-Gehalt.   <\/p>\n<p>Vitamine in \u00d6l: die ideale Verabreichungsform<br \/>\nDie Vitamine D und K sind fettl\u00f6slich, das hei\u00dft, sie ben\u00f6tigen Fette\/\u00d6le als Transportmittel. Nur auf diese Weise kann der K\u00f6rper sie verwerten. Wenn Sie die Vitamine D3 und\/oder K2 als Nahrungserg\u00e4nzungsmittel einnehmen, m\u00fcssen Sie unbedingt auf die Form achten, in der sie verabreicht werden. Vitamine D oder K2 in Tabletten- oder Pillenform enthalten keine nat\u00fcrlichen \u00d6le und enthalten oft unn\u00f6tige Zusatzstoffe.   <\/p>\n<p><strong>Fazit:<\/strong><br \/>\nVitamin-D-Pr\u00e4parate ben\u00f6tigen Vitamin K2, um Kalzium effektiv zu verwerten. Daher sollte Vitamin D3 immer in Kombination mit Vitamin K2 eingenommen werden. Zusammen mit Vitamin D3 sorgt die lang wirksame Form von Vitamin K2 (MK-7) f\u00fcr eine optimale Versorgung aller Organe und Gewebe.  <\/p>\n","protected":false},"excerpt":{"rendered":"<div>\n<p><strong>Enth\u00e4lt:<\/strong><\/p>\n<p>-2 x Vitamin D3 Tropfen<br \/>\n-1 x Vitamin K2 Tropfen<br \/>\n-1 x Smarttest Vitamin D<\/p>\n<p>Sparen Sie 6 Euro!!!<\/p>\n<\/div>\n","protected":false},"featured_media":4772,"template":"","meta":{"_joinchat":[]},"product_brand":[135],"product_cat":[219,197],"product_tag":[],"class_list":{"0":"post-697","1":"product","2":"type-product","3":"status-publish","4":"has-post-thumbnail","6":"product_brand-cosmolife-de","7":"product_cat-sparpakete","8":"product_cat-vitamine-1","10":"first","11":"instock","12":"taxable","13":"shipping-taxable","14":"purchasable","15":"product-type-simple"},"_links":{"self":[{"href":"https:\/\/www.cosmolife.it\/de\/wp-json\/wp\/v2\/product\/697","targetHints":{"allow":["GET"]}}],"collection":[{"href":"https:\/\/www.cosmolife.it\/de\/wp-json\/wp\/v2\/product"}],"about":[{"href":"https:\/\/www.cosmolife.it\/de\/wp-json\/wp\/v2\/types\/product"}],"wp:featuredmedia":[{"embeddable":true,"href":"https:\/\/www.cosmolife.it\/de\/wp-json\/wp\/v2\/media\/4772"}],"wp:attachment":[{"href":"https:\/\/www.cosmolife.it\/de\/wp-json\/wp\/v2\/media?parent=697"}],"wp:term":[{"taxonomy":"product_brand","embeddable":true,"href":"https:\/\/www.cosmolife.it\/de\/wp-json\/wp\/v2\/product_brand?post=697"},{"taxonomy":"product_cat","embeddable":true,"href":"https:\/\/www.cosmolife.it\/de\/wp-json\/wp\/v2\/product_cat?post=697"},{"taxonomy":"product_tag","embeddable":true,"href":"https:\/\/www.cosmolife.it\/de\/wp-json\/wp\/v2\/product_tag?post=697"}],"curies":[{"name":"wp","href":"https:\/\/api.w.org\/{rel}","templated":true}]}}