{"id":707,"date":"2017-06-07T18:02:13","date_gmt":"2017-06-07T18:02:13","guid":{"rendered":"https:\/\/cosmolife.it\/?product=vitabiosa-ingwer-500ml"},"modified":"2026-01-20T01:37:22","modified_gmt":"2026-01-19T23:37:22","slug":"vitabiosa-ingwer-500ml","status":"publish","type":"product","link":"https:\/\/www.cosmolife.it\/de\/prodotto\/vitabiosa-ingwer-500ml\/","title":{"rendered":"VitaBiosa Ingwer 500ml"},"content":{"rendered":"<div>\n<p data-start=\"338\" data-end=\"422\"><strong data-start=\"338\" data-end=\"420\">Vita Biosa Ingwer - Der nat\u00fcrliche Schl\u00fcssel zu einem gesunden Darm und neuer Energie.<\/strong><\/p>\n<p data-start=\"424\" data-end=\"692\">Ein gesunder Darm ist die Grundlage f\u00fcr Vitalit\u00e4t, Immunkraft und inneres Gleichgewicht. Mit <strong data-start=\"525\" data-end=\"547\">Vita Biosa Ingwer<\/strong> bringen Sie Ihre Darmflora wieder ins Gleichgewicht - nat\u00fcrlich, ohne Chemie und mit der ganzen Kraft der biologischen Fermentation. <\/p>\n<p data-start=\"694\" data-end=\"851\">Dieses fermentierte Bio-Tonikum enth\u00e4lt <strong data-start=\"738\" data-end=\"763\">lebende Milchs\u00e4urekulturen<\/strong>, <strong data-start=\"765\" data-end=\"797\">traditionelle Heilkr\u00e4uter<\/strong> und <strong data-start=\"800\" data-end=\"818\">frischen Ingwer<\/strong>, die in Synergie wirken:<\/p>\n<ul data-start=\"852\" data-end=\"1399\">\n<li data-start=\"852\" data-end=\"948\">\n<p data-start=\"854\" data-end=\"948\"><strong data-start=\"854\" data-end=\"889\">Sanfte Darmreinigung<\/strong>: hilft, Abfallstoffe aufzul\u00f6sen und Giftstoffe auszuscheiden.<\/p>\n<\/li>\n<li data-start=\"949\" data-end=\"1059\">\n<p data-start=\"951\" data-end=\"1059\"><strong data-start=\"951\" data-end=\"992\">Wiederaufbau der Darmflora<\/strong>: Milchs\u00e4urekulturen regenerieren das nat\u00fcrliche Darmmilieu.<\/p>\n<\/li>\n<li data-start=\"1060\" data-end=\"1163\">\n<p data-start=\"1062\" data-end=\"1163\"><strong data-start=\"1062\" data-end=\"1088\">Stoffwechsel und Energie<\/strong>: Ingwer regt die Verdauung an, reaktiviert den K\u00f6rper und verleiht Vitalit\u00e4t.<\/p>\n<\/li>\n<li data-start=\"1164\" data-end=\"1287\">\n<p data-start=\"1166\" data-end=\"1287\"><strong data-start=\"1166\" data-end=\"1196\">Entz\u00fcndungshemmende Eigenschaften<\/strong>: Ingwer unterst\u00fctzt zusammen mit Kr\u00e4utern das Gleichgewicht und st\u00e4rkt das Immunsystem.<\/p>\n<\/li>\n<li data-start=\"1288\" data-end=\"1399\">\n<p data-start=\"1290\" data-end=\"1399\"><strong data-start=\"1290\" data-end=\"1307\">Form und Haut<\/strong>: Die innere Reinigung spiegelt sich auch im \u00c4u\u00dferen wider und verbessert das Aussehen der Haut.<\/p>\n<\/li>\n<\/ul>\n<p data-start=\"1401\" data-end=\"1423\"><strong data-start=\"1401\" data-end=\"1421\">Empfohlen f\u00fcr:<\/strong><\/p>\n<ul data-start=\"1424\" data-end=\"1767\">\n<li data-start=\"1424\" data-end=\"1483\">\n<p data-start=\"1426\" data-end=\"1483\">Menschen, die unter Verdauungsst\u00f6rungen oder einem Gef\u00fchl der Schwere leiden.<\/p>\n<\/li>\n<li data-start=\"1484\" data-end=\"1545\">\n<p data-start=\"1486\" data-end=\"1545\">Bei Allergien, Unvertr\u00e4glichkeiten oder Reizdarm.<\/p>\n<\/li>\n<li data-start=\"1546\" data-end=\"1638\">\n<p data-start=\"1548\" data-end=\"1638\">Bei chronischer M\u00fcdigkeit, Hautproblemen oder einem schwachen Immunsystem.<\/p>\n<\/li>\n<li data-start=\"1639\" data-end=\"1692\">\n<p data-start=\"1641\" data-end=\"1692\">Nach einer Antibiotika-Behandlung oder in Zeiten von starkem Stress.<\/p>\n<\/li>\n<li data-start=\"1693\" data-end=\"1767\">\n<p data-start=\"1695\" data-end=\"1767\">F\u00fcr diejenigen, die sich auf nat\u00fcrliche Weise um ihre Gesundheit k\u00fcmmern m\u00f6chten.<\/p>\n<\/li>\n<\/ul>\n<p data-start=\"1769\" data-end=\"1806\"><strong data-start=\"1769\" data-end=\"1804\">Was Vita Biosa besonders macht:<\/strong><\/p>\n<ul data-start=\"1807\" data-end=\"2133\">\n<li data-start=\"1807\" data-end=\"1837\">\n<p data-start=\"1809\" data-end=\"1837\">100% nat\u00fcrlich und biologisch.<\/p>\n<\/li>\n<li data-start=\"1838\" data-end=\"1878\">\n<p data-start=\"1840\" data-end=\"1878\">Ohne Konservierungsstoffe, Zucker oder Alkohol.<\/p>\n<\/li>\n<li data-start=\"1879\" data-end=\"1936\">\n<p data-start=\"1881\" data-end=\"1936\">Mit <strong data-start=\"1885\" data-end=\"1896\">Ingwer<\/strong>, um die Verdauung und Energie anzuregen.<\/p>\n<\/li>\n<li data-start=\"1937\" data-end=\"1987\">\n<p data-start=\"1939\" data-end=\"1987\">Sofort trinkfertig, keine Verd\u00fcnnung erforderlich.<\/p>\n<\/li>\n<li data-start=\"1988\" data-end=\"2066\">\n<p data-start=\"1990\" data-end=\"2066\">Urspr\u00fcnglich entwickelt im Auftrag des d\u00e4nischen Umweltministeriums.<\/p>\n<\/li>\n<li data-start=\"2067\" data-end=\"2133\">\n<p data-start=\"2069\" data-end=\"2133\">Hergestellt in D\u00e4nemark nach den h\u00f6chsten Qualit\u00e4tsstandards.<\/p>\n<\/li>\n<\/ul>\n<p data-start=\"2135\" data-end=\"2195\"><strong data-start=\"2135\" data-end=\"2193\">Vita Biosa - denn Gesundheit beginnt im Darm.<\/strong><\/p>\n<p data-start=\"2197\" data-end=\"2283\">\ud83d\udce6 Inhalt: 0,5 L<br data-start=\"2216\" data-end=\"2219\">\ud83d\udca7 Empfohlene Dosierung: 20-30 ml t\u00e4glich, pur oder mit Wasser.<\/p>\n<\/div>\n","protected":false},"excerpt":{"rendered":"<ul>\n<li data-start=\"2344\" data-end=\"2423\">\n<p data-start=\"2346\" data-end=\"2423\">Fermentiertes Tonic mit <strong data-start=\"2368\" data-end=\"2393\">lebenden Milchs\u00e4urekulturen<\/strong>, Heilkr\u00e4utern und Ingwer.<\/p>\n<\/li>\n<li data-start=\"2424\" data-end=\"2498\">\n<p data-start=\"2426\" data-end=\"2498\">Es stellt das<strong data-start=\"2439\" data-end=\"2465\">Gleichgewicht des Darms<\/strong> wieder her und st\u00e4rkt die nat\u00fcrlichen Abwehrkr\u00e4fte.<\/p>\n<\/li>\n<li data-start=\"2499\" data-end=\"2578\">\n<p data-start=\"2501\" data-end=\"2578\"><strong data-start=\"2504\" data-end=\"2515\">Ingwer<\/strong> regt die Verdauung und die Energie an und hat entz\u00fcndungshemmende Eigenschaften.<\/p>\n<\/li>\n<li data-start=\"2579\" data-end=\"2635\">\n<p data-start=\"2581\" data-end=\"2635\">100% biologisch, ohne Zucker, Konservierungsstoffe oder Alkohol.<\/p>\n<\/li>\n<li data-start=\"2636\" data-end=\"2703\">\n<p data-start=\"2638\" data-end=\"2703\">Hergestellt in <strong data-start=\"2650\" data-end=\"2663\">D\u00e4nemark<\/strong> nach hohen Qualit\u00e4tsstandards.<\/p>\n<\/li>\n<\/ul>\n","protected":false},"featured_media":9092,"template":"","meta":{"_joinchat":[]},"product_brand":[135],"product_cat":[175],"product_tag":[],"class_list":{"0":"post-707","1":"product","2":"type-product","3":"status-publish","4":"has-post-thumbnail","6":"product_brand-cosmolife-de","7":"product_cat-vitabiosa-1","9":"first","10":"instock","11":"taxable","12":"shipping-taxable","13":"purchasable","14":"product-type-simple"},"_links":{"self":[{"href":"https:\/\/www.cosmolife.it\/de\/wp-json\/wp\/v2\/product\/707","targetHints":{"allow":["GET"]}}],"collection":[{"href":"https:\/\/www.cosmolife.it\/de\/wp-json\/wp\/v2\/product"}],"about":[{"href":"https:\/\/www.cosmolife.it\/de\/wp-json\/wp\/v2\/types\/product"}],"wp:featuredmedia":[{"embeddable":true,"href":"https:\/\/www.cosmolife.it\/de\/wp-json\/wp\/v2\/media\/9092"}],"wp:attachment":[{"href":"https:\/\/www.cosmolife.it\/de\/wp-json\/wp\/v2\/media?parent=707"}],"wp:term":[{"taxonomy":"product_brand","embeddable":true,"href":"https:\/\/www.cosmolife.it\/de\/wp-json\/wp\/v2\/product_brand?post=707"},{"taxonomy":"product_cat","embeddable":true,"href":"https:\/\/www.cosmolife.it\/de\/wp-json\/wp\/v2\/product_cat?post=707"},{"taxonomy":"product_tag","embeddable":true,"href":"https:\/\/www.cosmolife.it\/de\/wp-json\/wp\/v2\/product_tag?post=707"}],"curies":[{"name":"wp","href":"https:\/\/api.w.org\/{rel}","templated":true}]}}