{"id":711,"date":"2017-06-28T17:08:46","date_gmt":"2017-06-28T17:08:46","guid":{"rendered":"https:\/\/cosmolife.it\/?product=novacare-naturliche-microzahncreme"},"modified":"2026-01-20T01:37:20","modified_gmt":"2026-01-19T23:37:20","slug":"novacare-natuerliche-microzahncreme","status":"publish","type":"product","link":"https:\/\/www.cosmolife.it\/de\/prodotto\/novacare-natuerliche-microzahncreme\/","title":{"rendered":"Novacare Nat\u00fcrliche Microzahncreme"},"content":{"rendered":"<p data-start=\"1596\" data-end=\"1869\">Die <strong data-start=\"1600\" data-end=\"1652\">Novacare \u2013 Zahnpasta mit nat\u00fcrlichem Mikrosilber<\/strong> ist ein wirksamer Begleiter f\u00fcr Ihre t\u00e4gliche Mundhygiene. Dank ihrer <strong data-start=\"1723\" data-end=\"1752\">nat\u00fcrlichen Inhaltsstoffe<\/strong> sch\u00fctzt und pflegt sie das Zahnfleisch und tr\u00e4gt zu einer langfristigen Mundgesundheit und optimalen Vorsorge bei.<\/p>\n<p data-start=\"1871\" data-end=\"2265\">Die Wirkung wird durch die <strong data-start=\"1898\" data-end=\"1950\">langanhaltenden Effekte von Mikrosilberpartikeln<\/strong> verst\u00e4rkt, die direkt am Zahnbelag ansetzen und sch\u00e4dliche Keime bis zu <strong data-start=\"2023\" data-end=\"2037\">14 Stunden<\/strong> reduzieren. Durch ihre etwas fl\u00fcssigere Konsistenz gelangt die Zahnpasta auch an schwer erreichbare Stellen im Mund, die mit der Zahnb\u00fcrste oft nicht gr\u00fcndlich gereinigt werden k\u00f6nnen \u2013 f\u00fcr einen umfassenden Schutz der Z\u00e4hne.<\/p>\n<p data-start=\"2267\" data-end=\"2485\">Mit <strong data-start=\"2271\" data-end=\"2284\">Bio-Minze<\/strong> f\u00fcr frischen Atem und ein nat\u00fcrlich sauberes Mundgef\u00fchl ist die Zahnpasta <strong data-start=\"2359\" data-end=\"2410\">fluoridfrei, zuckerfrei, frei von Nanopartikeln<\/strong> und <strong data-start=\"2415\" data-end=\"2438\">NATRUE-zertifiziert<\/strong> \u2013 ein Garant f\u00fcr Nat\u00fcrlichkeit und Qualit\u00e4t.<\/p>\n","protected":false},"excerpt":{"rendered":"<ul>\n<li data-start=\"2576\" data-end=\"2650\">\n<p data-start=\"2578\" data-end=\"2650\">Sch\u00fctzt und pflegt das <strong data-start=\"2601\" data-end=\"2616\">Zahnfleisch<\/strong> mit nat\u00fcrlichen Inhaltsstoffen.<\/p>\n<\/li>\n<li data-start=\"2651\" data-end=\"2721\">\n<p data-start=\"2653\" data-end=\"2721\">Mit <strong data-start=\"2657\" data-end=\"2672\">Mikrosilber<\/strong>, reduziert sch\u00e4dliche Keime bis zu 14 Stunden.<\/p>\n<\/li>\n<li data-start=\"2722\" data-end=\"2795\">\n<p data-start=\"2724\" data-end=\"2795\">Fl\u00fcssige Konsistenz erreicht auch schwer zug\u00e4ngliche Stellen im Mund.<\/p>\n<\/li>\n<li data-start=\"2796\" data-end=\"2837\">\n<p data-start=\"2798\" data-end=\"2837\"><strong data-start=\"2798\" data-end=\"2811\">Bio-Minze<\/strong> f\u00fcr nat\u00fcrliche Frische.<\/p>\n<\/li>\n<li data-start=\"2838\" data-end=\"2910\">\n<p data-start=\"2840\" data-end=\"2910\"><strong data-start=\"2840\" data-end=\"2863\">NATRUE-zertifiziert<\/strong>, fluoridfrei, zuckerfrei, ohne Nanopartikel.<\/p>\n<\/li>\n<\/ul>\n","protected":false},"featured_media":9068,"template":"","meta":{"_joinchat":[]},"product_brand":[135],"product_cat":[209,217,215,229],"product_tag":[],"class_list":{"0":"post-711","1":"product","2":"type-product","3":"status-publish","4":"has-post-thumbnail","6":"product_brand-cosmolife-de","7":"product_cat-kolloidales-gold-silber","8":"product_cat-novacare-natuerliche-microzahncreme","9":"product_cat-zahnbuerste-antibakteriell","10":"product_cat-zahnbuerste-novacare-natuerliche-sauberkeit","12":"first","13":"instock","14":"taxable","15":"shipping-taxable","16":"purchasable","17":"product-type-simple"},"_links":{"self":[{"href":"https:\/\/www.cosmolife.it\/de\/wp-json\/wp\/v2\/product\/711","targetHints":{"allow":["GET"]}}],"collection":[{"href":"https:\/\/www.cosmolife.it\/de\/wp-json\/wp\/v2\/product"}],"about":[{"href":"https:\/\/www.cosmolife.it\/de\/wp-json\/wp\/v2\/types\/product"}],"wp:featuredmedia":[{"embeddable":true,"href":"https:\/\/www.cosmolife.it\/de\/wp-json\/wp\/v2\/media\/9068"}],"wp:attachment":[{"href":"https:\/\/www.cosmolife.it\/de\/wp-json\/wp\/v2\/media?parent=711"}],"wp:term":[{"taxonomy":"product_brand","embeddable":true,"href":"https:\/\/www.cosmolife.it\/de\/wp-json\/wp\/v2\/product_brand?post=711"},{"taxonomy":"product_cat","embeddable":true,"href":"https:\/\/www.cosmolife.it\/de\/wp-json\/wp\/v2\/product_cat?post=711"},{"taxonomy":"product_tag","embeddable":true,"href":"https:\/\/www.cosmolife.it\/de\/wp-json\/wp\/v2\/product_tag?post=711"}],"curies":[{"name":"wp","href":"https:\/\/api.w.org\/{rel}","templated":true}]}}