{"id":713,"date":"2018-03-23T15:08:34","date_gmt":"2018-03-23T15:08:34","guid":{"rendered":"https:\/\/cosmolife.it\/?product=sacha-inchi-%e2%80%93-die-perle-perus-250ml"},"modified":"2026-01-20T01:37:18","modified_gmt":"2026-01-19T23:37:18","slug":"sacha-inchi-die-perle-perus-250ml","status":"publish","type":"product","link":"https:\/\/www.cosmolife.it\/de\/prodotto\/sacha-inchi-die-perle-perus-250ml\/","title":{"rendered":"Sacha Inchi - Omega 3 (\u00d6l) 250ml"},"content":{"rendered":"<h3>Die wertvollen Bestandteile des \u00d6ls werden mit Sorgfalt behandelt.<\/h3>\n<p>W\u00e4hrend der Ernte, die von unserem Unternehmen vor Ort koordiniert wird, sorgen sorgf\u00e4ltige Kontrollen f\u00fcr die ausgezeichnete Qualit\u00e4t des Produkts. Die Schale ist der beste Schutz f\u00fcr die Walnuss und bewahrt ihre Frische, weshalb sie im Ganzen in Containern verschifft wird. Die Sch\u00e4lung erfolgt nach besonders pr\u00e4zisen und sorgf\u00e4ltigen Verarbeitungsmethoden. Auch das anschlie\u00dfende Zerkleinern der N\u00fcsse erfolgt \u00e4u\u00dferst schonend, um die wertvollen Bestandteile bestm\u00f6glich zu erhalten. Die anschlie\u00dfende Verarbeitung in Europa erm\u00f6glicht es uns, die kontinuierliche Qualit\u00e4t in der Produktionskette festzustellen und zu verbessern. Unser Ziel ist es, ein erstklassiges und wertvolles Produkt auf den Markt zu bringen, das in jeder Hinsicht den vielen Erwartungen des modernen Verbrauchers gerecht wird.     <\/p>\n","protected":false},"excerpt":{"rendered":"<p>Sacha Inchi \u00d6l ist ein wahrer Schatz der Natur. Und genau so wollen wir es auch behandeln: mit Respekt und \u00e4u\u00dferster Sorgfalt, damit nichts von seinen wertvollen Eigenschaften verloren geht, bevor es uns erreicht. <\/p>\n","protected":false},"featured_media":715,"template":"","meta":{"_joinchat":[]},"product_brand":[135],"product_cat":[153,139,233,157,197],"product_tag":[],"class_list":{"0":"post-713","1":"product","2":"type-product","3":"status-publish","4":"has-post-thumbnail","6":"product_brand-cosmolife-de","7":"product_cat-behandlung","8":"product_cat-ernaehrung","9":"product_cat-sacha-inchi-perle-perus","10":"product_cat-schoenheit","11":"product_cat-vitamine-1","13":"first","14":"instock","15":"taxable","16":"shipping-taxable","17":"purchasable","18":"product-type-simple"},"_links":{"self":[{"href":"https:\/\/www.cosmolife.it\/de\/wp-json\/wp\/v2\/product\/713","targetHints":{"allow":["GET"]}}],"collection":[{"href":"https:\/\/www.cosmolife.it\/de\/wp-json\/wp\/v2\/product"}],"about":[{"href":"https:\/\/www.cosmolife.it\/de\/wp-json\/wp\/v2\/types\/product"}],"wp:featuredmedia":[{"embeddable":true,"href":"https:\/\/www.cosmolife.it\/de\/wp-json\/wp\/v2\/media\/715"}],"wp:attachment":[{"href":"https:\/\/www.cosmolife.it\/de\/wp-json\/wp\/v2\/media?parent=713"}],"wp:term":[{"taxonomy":"product_brand","embeddable":true,"href":"https:\/\/www.cosmolife.it\/de\/wp-json\/wp\/v2\/product_brand?post=713"},{"taxonomy":"product_cat","embeddable":true,"href":"https:\/\/www.cosmolife.it\/de\/wp-json\/wp\/v2\/product_cat?post=713"},{"taxonomy":"product_tag","embeddable":true,"href":"https:\/\/www.cosmolife.it\/de\/wp-json\/wp\/v2\/product_tag?post=713"}],"curies":[{"name":"wp","href":"https:\/\/api.w.org\/{rel}","templated":true}]}}