{"id":725,"date":"2018-03-27T10:24:26","date_gmt":"2018-03-27T10:24:26","guid":{"rendered":"https:\/\/cosmolife.it\/?product=sacha-inchi-%e2%80%93-omega-3-60-kapseln"},"modified":"2026-01-20T01:35:13","modified_gmt":"2026-01-19T23:35:13","slug":"sacha-inchi-omega-3-60-kapseln","status":"publish","type":"product","link":"https:\/\/www.cosmolife.it\/de\/prodotto\/sacha-inchi-omega-3-60-kapseln\/","title":{"rendered":"Sacha Inchi - Omega 3 (60 Kapseln)"},"content":{"rendered":"<p><strong>Hochwertiges Sacha Inchi \u00d6l in veganen Kapseln - F\u00fcr Ihre Gesundheit und Ihr Wohlbefinden<\/strong><\/p>\n<p>Entdecken Sie die Kraft der Natur mit unserem <strong>Sacha Inchi-\u00d6l<\/strong> in praktischen veganen Kapseln! Dieses proteinreiche Pflanzen\u00f6l ist eine echte Bereicherung f\u00fcr Ihre Ern\u00e4hrung - reich an mehrfach unges\u00e4ttigten Fetts\u00e4uren und wertvollen Vitaminen. Ohne Zusatzstoffe, Konservierungsmittel und 100% vegan, unterst\u00fctzt es auf nat\u00fcrliche Weise Ihre Gesundheit.  <\/p>\n<p><strong>Die Vorteile auf einen Blick:<\/strong><\/p>\n<ul>\n<li><strong>Reich an essentiellen Omega-Fetts\u00e4uren:<\/strong> Mit beeindruckenden <strong>47,9% Omega-3 (ALA)<\/strong>, <strong>34,95% Omega-6 (Linols\u00e4ure)<\/strong> und <strong>9,36% Omega-9 (\u00d6ls\u00e4ure)<\/strong> hilft unser Sacha Inchi-\u00d6l, die Blutfettwerte zu verbessern und das sch\u00e4dliche LDL-Cholesterin zu reduzieren.<\/li>\n<li><strong>F\u00f6rdert eine gesunde Ern\u00e4hrung:<\/strong> Perfekt f\u00fcr alle, die ihre Ern\u00e4hrung mit mehrfach unges\u00e4ttigten Fetts\u00e4uren anreichern m\u00f6chten. Besonders geeignet f\u00fcr <strong>Kinder, Jugendliche, \u00e4ltere Menschen und Menschen mit hohen Cholesterinwerten.<\/strong> <\/li>\n<li><strong>Hoher Vitamingehalt:<\/strong> Sacha Inchi-\u00d6l enth\u00e4lt <strong>Vitamin A<\/strong> und <strong>Vitamin E<\/strong> sowie einen wertvollen <strong>Jodgehalt von 192<\/strong>, der durch wissenschaftliche Studien belegt ist.<\/li>\n<li><strong>Vielseitige Anwendung:<\/strong> Machen Sie Ihre Gerichte mit diesem \u00d6l noch schmackhafter! Ideal als <strong>W\u00fcrzmittel, Dip oder auf Pasta, Gem\u00fcse und Brot.<\/strong> <\/li>\n<li><strong>100% nat\u00fcrlich und biologisch:<\/strong> GVO-frei, glutenfrei und durch eine sorgf\u00e4ltige und saubere Verarbeitung gewonnen. Die Sacha Inchi-Samen wachsen in vollem Respekt vor der Natur im Amazonas-Regenwald - unber\u00fchrt und rein. <\/li>\n<\/ul>\n<p>Kosmetische <strong>Vorteile:<\/strong><br \/>\nDank seiner wertvollen Inhaltsstoffe wird das Sacha Inchi-\u00d6l auch in der Kosmetik verwendet. Es regt die Durchblutung an, strafft die Haut und verfeinert die Poren - f\u00fcr eine gesunde, gepflegte Haut! <\/p>\n<p><strong>Empfohlene Dosierung:<\/strong><br \/>\nNehmen Sie <strong>6 Kapseln<\/strong> pro Tag ein, um von den Omega-Fetts\u00e4uren und Vitaminen zu profitieren. \u00dcberschreiten Sie die empfohlene Dosis nicht und denken Sie daran, dass Nahrungserg\u00e4nzungsmittel kein Ersatz f\u00fcr eine ausgewogene Ern\u00e4hrung und eine gesunde Lebensweise sind. <\/p>\n<p>Vertrauen Sie Ihre Gesundheit der nat\u00fcrlichen Kraft des Sacha Inchi \u00d6ls an - f\u00fcr eine ausgewogene Ern\u00e4hrung und mehr Vitalit\u00e4t!<\/p>\n<table class=\"cms_table\">\n<thead>\n<tr>\n<th class=\"darkBrown\" scope=\"col\">Durchschnittlicher N\u00e4hrwert<\/th>\n<th class=\"darkBrown\" scope=\"col\">pro 100 g<\/th>\n<\/tr>\n<\/thead>\n<tbody>\n<tr>\n<td>Energie<\/td>\n<td>3.700 kJ<br \/>\n900 kcal<\/td>\n<\/tr>\n<tr class=\"lightBrown\">\n<td>Fette<\/td>\n<td>100 g<\/td>\n<\/tr>\n<tr>\n<td>davon ges\u00e4ttigte Fetts\u00e4uren<\/td>\n<td>7,78 g<\/td>\n<\/tr>\n<tr class=\"lightBrown\">\n<td>davon einfach unges\u00e4ttigte Fetts\u00e4uren<\/td>\n<td>9,36 g<\/td>\n<\/tr>\n<tr>\n<td>davon mehrfach unges\u00e4ttigte Fetts\u00e4uren<\/td>\n<td>82,86 g<\/td>\n<\/tr>\n<tr class=\"lightBrown\">\n<td>Kohlenhydrate<\/td>\n<td>0 g<\/td>\n<\/tr>\n<tr>\n<td>davon Zucker<\/td>\n<td>0 g<\/td>\n<\/tr>\n<tr class=\"lightBrown\">\n<td>Eiwei\u00df<\/td>\n<td>0 g<\/td>\n<\/tr>\n<tr>\n<td>Salz<\/td>\n<td>0 g<\/td>\n<\/tr>\n<\/tbody>\n<\/table>\n","protected":false},"excerpt":{"rendered":"<ul>\n<li><strong>Reich an essentiellen Fetts\u00e4uren<\/strong><\/li>\n<li><strong>100% vegan und frei von Zusatzstoffen<\/strong><\/li>\n<li><strong>Vorteile f\u00fcr die Gesundheit<\/strong><\/li>\n<li><strong>Vielseitig einsetzbar<\/strong><\/li>\n<li><strong>Kosmetische Anwendung<\/strong><\/li>\n<\/ul>\n","protected":false},"featured_media":941,"template":"","meta":{"_joinchat":[]},"product_brand":[135],"product_cat":[153,139,233,157,197],"product_tag":[],"class_list":{"0":"post-725","1":"product","2":"type-product","3":"status-publish","4":"has-post-thumbnail","6":"product_brand-cosmolife-de","7":"product_cat-behandlung","8":"product_cat-ernaehrung","9":"product_cat-sacha-inchi-perle-perus","10":"product_cat-schoenheit","11":"product_cat-vitamine-1","13":"first","14":"instock","15":"taxable","16":"shipping-taxable","17":"purchasable","18":"product-type-simple"},"_links":{"self":[{"href":"https:\/\/www.cosmolife.it\/de\/wp-json\/wp\/v2\/product\/725","targetHints":{"allow":["GET"]}}],"collection":[{"href":"https:\/\/www.cosmolife.it\/de\/wp-json\/wp\/v2\/product"}],"about":[{"href":"https:\/\/www.cosmolife.it\/de\/wp-json\/wp\/v2\/types\/product"}],"wp:featuredmedia":[{"embeddable":true,"href":"https:\/\/www.cosmolife.it\/de\/wp-json\/wp\/v2\/media\/941"}],"wp:attachment":[{"href":"https:\/\/www.cosmolife.it\/de\/wp-json\/wp\/v2\/media?parent=725"}],"wp:term":[{"taxonomy":"product_brand","embeddable":true,"href":"https:\/\/www.cosmolife.it\/de\/wp-json\/wp\/v2\/product_brand?post=725"},{"taxonomy":"product_cat","embeddable":true,"href":"https:\/\/www.cosmolife.it\/de\/wp-json\/wp\/v2\/product_cat?post=725"},{"taxonomy":"product_tag","embeddable":true,"href":"https:\/\/www.cosmolife.it\/de\/wp-json\/wp\/v2\/product_tag?post=725"}],"curies":[{"name":"wp","href":"https:\/\/api.w.org\/{rel}","templated":true}]}}