{"id":727,"date":"2018-03-27T10:32:27","date_gmt":"2018-03-27T10:32:27","guid":{"rendered":"https:\/\/cosmolife.it\/?product=lebergalle-formula-120-kapseln"},"modified":"2026-04-14T16:54:26","modified_gmt":"2026-04-14T14:54:26","slug":"lebergalle-formula-120-kapseln","status":"publish","type":"product","link":"https:\/\/www.cosmolife.it\/de\/prodotto\/lebergalle-formula-120-kapseln\/","title":{"rendered":"Leber\/Galle Formel 120 Kapseln"},"content":{"rendered":"<p>Dieses Nahrungserg\u00e4nzungsmittel bietet eine einzigartige Kombination aus Heilpflanzenextrakten, die speziell zur Unterst\u00fctzung der Lebergesundheit entwickelt wurde. Die Wirkstoffe von Artischocke, Mariendistel, Wermut und Pau Pereira k\u00f6nnen entgiftende, regenerierende und antioxidative Eigenschaften haben, die die Leberfunktion verbessern und sch\u00fctzen. <\/p>\n<p>Dank der synergistischen Wirkung dieser Pflanzenextrakte k\u00f6nnen wir wirksame L\u00f6sungen f\u00fcr Leberentz\u00fcndungen, Lebersch\u00e4den, Gallenblasenprobleme und Verdauungsst\u00f6rungen anbieten. Dieses Erg\u00e4nzungsmittel zielt darauf ab, den Gallenfluss anzuregen, die Darmperistaltik zu stimulieren und die Produktion von Magen- und Gallens\u00e4ften zu unterst\u00fctzen. <\/p>\n<p>Wenn Sie auf der Suche nach nat\u00fcrlichen und wirksamen Mitteln zur Unterst\u00fctzung Ihrer Lebergesundheit sind, ist dies die ideale Wahl. Lassen Sie sich von den Vorteilen von Artischocke, Mariendistel, Wermut und Pau Pereira \u00fcberzeugen und investieren Sie in Ihre Gesundheit. <\/p>\n<p>Vertrauen Sie auf die Kraft der Natur und geben Sie Ihrer Leber die Pflege, die sie verdient.<\/p>\n<p><strong>Verbrauchsempfehlung<\/strong><\/p>\n<p>Nehmen Sie 4 Kapseln pro Tag vor den Mahlzeiten mit reichlich Fl\u00fcssigkeit ein. \u00dcberschreiten Sie nicht die empfohlene Tagesdosis. Ersetzt nicht eine abwechslungsreiche und ausgewogene Ern\u00e4hrung und eine gesunde Lebensweise.  <\/p>\n<p>&nbsp;<\/p>\n<p>ZUSAMMENSETZUNG PRO KAPSEL<\/p>\n<p>ZUTATEN MENGE<\/p>\n<p>Artischockenextrakt 12:1 160 mg<\/p>\n<p>davon Cynarin 8 mg<\/p>\n<p>Mariendistel-Extrakt 20:1 80 mg<\/p>\n<p>davon Silymarin 64 mg<\/p>\n<p>Wermut-Extrakt 4:1 10 mg<\/p>\n<p>Pau Pereira Rindenextrakt 80 mg<\/p>\n<p>Kapselh\u00fclle: Hydroxypropylmethylcellulose<\/p>\n<p>F\u00fcllstoff: Bierhefe (inaktiv)<\/p>\n","protected":false},"excerpt":{"rendered":"<p>REICH AN UNGES\u00c4TTIGTEN FETTS\u00c4UREN, LEISTET SACHA INCHI EINEN WERTVOLLEN BEITRAG ZUR GESUNDEN ERN\u00c4HRUNG<\/p>\n","protected":false},"featured_media":8915,"template":"","meta":{"_joinchat":[]},"product_brand":[],"product_cat":[153,139,197],"product_tag":[],"class_list":{"0":"post-727","1":"product","2":"type-product","3":"status-publish","4":"has-post-thumbnail","6":"product_cat-behandlung","7":"product_cat-ernaehrung","8":"product_cat-vitamine-1","10":"first","11":"instock","12":"taxable","13":"shipping-taxable","14":"purchasable","15":"product-type-simple"},"_links":{"self":[{"href":"https:\/\/www.cosmolife.it\/de\/wp-json\/wp\/v2\/product\/727","targetHints":{"allow":["GET"]}}],"collection":[{"href":"https:\/\/www.cosmolife.it\/de\/wp-json\/wp\/v2\/product"}],"about":[{"href":"https:\/\/www.cosmolife.it\/de\/wp-json\/wp\/v2\/types\/product"}],"wp:featuredmedia":[{"embeddable":true,"href":"https:\/\/www.cosmolife.it\/de\/wp-json\/wp\/v2\/media\/8915"}],"wp:attachment":[{"href":"https:\/\/www.cosmolife.it\/de\/wp-json\/wp\/v2\/media?parent=727"}],"wp:term":[{"taxonomy":"product_brand","embeddable":true,"href":"https:\/\/www.cosmolife.it\/de\/wp-json\/wp\/v2\/product_brand?post=727"},{"taxonomy":"product_cat","embeddable":true,"href":"https:\/\/www.cosmolife.it\/de\/wp-json\/wp\/v2\/product_cat?post=727"},{"taxonomy":"product_tag","embeddable":true,"href":"https:\/\/www.cosmolife.it\/de\/wp-json\/wp\/v2\/product_tag?post=727"}],"curies":[{"name":"wp","href":"https:\/\/api.w.org\/{rel}","templated":true}]}}