{"id":751,"date":"2020-06-30T16:43:12","date_gmt":"2020-06-30T16:43:12","guid":{"rendered":"https:\/\/cosmolife.it\/?product=zeolith-918g-100-kps"},"modified":"2026-01-27T16:32:36","modified_gmt":"2026-01-27T14:32:36","slug":"zeolith-918g-100-kps","status":"publish","type":"product","link":"https:\/\/www.cosmolife.it\/de\/prodotto\/zeolith-918g-100-kps\/","title":{"rendered":"Zeolith 100 g (NF)"},"content":{"rendered":"<div>\n<div class=\"rte\">\n<h2 data-start=\"146\" data-end=\"231\">ZEOLITE - die Kraft des &#8222;brennenden Steins&#8220; f\u00fcr Reinigung, Gleichgewicht und Energie<\/h2>\n<p data-start=\"233\" data-end=\"553\">Zeolith ist ein au\u00dfergew\u00f6hnliches nat\u00fcrliches Mineral vulkanischen Ursprungs. Es entsteht durch das Zusammentreffen von gl\u00fchender Lava und mineralreichem Meerwasser: ein Prozess, der Tausende von Jahren dauert und eine einzigartige kristalline Struktur hervorbringt. Der Name selbst stammt aus dem Griechischen und bedeutet &#8218;kochender Stein&#8216; oder &#8218;brennender Stein&#8216;.<\/p>\n<p data-start=\"555\" data-end=\"944\">Unser Zeolith stammt aus <strong data-start=\"585\" data-end=\"647\">einer der hochwertigsten Zeolithlagerst\u00e4tten der Welt<\/strong>, die f\u00fcr ihre au\u00dfergew\u00f6hnliche Reinheit bekannt ist. Hier wird ein besonders stabiler <strong data-start=\"714\" data-end=\"732\">Klinoptilolith<\/strong> abgebaut, der sich durch eine \u00e4u\u00dferst effiziente Wabenstruktur und ein hohes Bindungsverm\u00f6gen auszeichnet. Diese feine Herkunft macht den wahren Unterschied in Bezug auf Qualit\u00e4t und Wirksamkeit aus.<\/p>\n<h3 data-start=\"946\" data-end=\"1010\">Nat\u00fcrliche Reinigung dank einer intelligenten Struktur<\/h3>\n<p data-start=\"1011\" data-end=\"1272\">Die besondere mikropor\u00f6se Struktur von Zeolith wirkt wie ein nat\u00fcrlicher Magnet. Sie ist in der Lage, Schwermetalle, toxische Substanzen und Umweltverunreinigungen zu binden und hilft dem K\u00f6rper, diese auf nat\u00fcrliche Weise auszuscheiden, ohne ihm wertvolle Mineralien zu entziehen.<\/p>\n<p data-start=\"1274\" data-end=\"1562\">Die wirksamste Form, <strong data-start=\"1300\" data-end=\"1318\">Klinoptilolith<\/strong>, ist von Natur aus reich an Mineralien wie Calcium, Natrium, Kalium und Magnesium. Durch die <strong data-start=\"1406\" data-end=\"1441\">Mikronisierung auf weniger als 15 \u00b5m<\/strong> wird die aktive Oberfl\u00e4che stark vergr\u00f6\u00dfert, wodurch die Absorptionskapazit\u00e4t verbessert und die Gesamtwirkung verst\u00e4rkt wird.<\/p>\n<h3 data-start=\"1564\" data-end=\"1605\">Behandelt mit NF - Natural Frequency<\/h3>\n<p data-start=\"1606\" data-end=\"1971\">Unser Zeolith wird auch mit <strong data-start=\"1651\" data-end=\"1677\">NF (Natural Frequency)<\/strong> behandelt <strong data-start=\"1651\" data-end=\"1677\">.<\/strong> Dieser Prozess informiert das Mineral auf einer Quantenebene, wodurch es harmonischer und f\u00fcr den K\u00f6rper leichter erkennbar wird. Auf diese Weise kann das Zeolith besser absorbiert werden und noch effektiver wirken. Viele Anwender nehmen eine tiefere, ausgeglichenere Wirkung wahr.<\/p>\n<h3 data-start=\"1973\" data-end=\"2013\">Mehr als nur Entgiftung<\/h3>\n<p data-start=\"2014\" data-end=\"2339\">Neben seiner reinigenden Funktion hat Zeolith auch eine <strong data-start=\"2086\" data-end=\"2103\">antioxidative<\/strong> Wirkung, die dazu beitragen kann, die Zellen vor oxidativem Stress zu sch\u00fctzen und das innere Gleichgewicht des K\u00f6rpers zu unterst\u00fctzen. Es eignet sich daher nicht nur f\u00fcr eine gezielte Entschlackung, sondern auch als t\u00e4gliche Unterst\u00fctzung f\u00fcr das allgemeine Wohlbefinden.<\/p>\n<hr data-start=\"2341\" data-end=\"2344\" \/>\n<h2 data-start=\"2346\" data-end=\"2369\">Modalit\u00e4ten der Verwendung<\/h2>\n<p data-start=\"2371\" data-end=\"2439\"><strong data-start=\"2371\" data-end=\"2387\">Mundhygiene<\/strong><br data-start=\"2387\" data-end=\"2390\" \/>- 1-2 mal t\u00e4glich als Wassersp\u00fclung<\/p>\n<p data-start=\"2441\" data-end=\"2519\"><strong data-start=\"2441\" data-end=\"2456\">Innerliche Anwendung<\/strong><br data-start=\"2456\" data-end=\"2459\" \/>- etwa 4 g t\u00e4glich<br data-start=\"2480\" data-end=\"2483\" \/>- morgens auf n\u00fcchternen Magen und abends<\/p>\n<p data-start=\"2521\" data-end=\"2606\"><strong data-start=\"2521\" data-end=\"2536\">\u00c4u\u00dferliche Anwendung<\/strong><br data-start=\"2536\" data-end=\"2539\" \/>- als Hautmaske<br data-start=\"2567\" data-end=\"2570\" \/>- ideal f\u00fcr fettige oder unreine Haut<\/p>\n<hr data-start=\"2608\" data-end=\"2611\" \/>\n<p data-start=\"2613\" data-end=\"2772\">Zeolith ist ein vielseitiges Naturprodukt, das den K\u00f6rper und die Haut auf sanfte Weise unterst\u00fctzen kann, um Klarheit, Ausgeglichenheit und Vitalit\u00e4t im t\u00e4glichen Leben zu f\u00f6rdern.<\/p>\n<p data-start=\"2774\" data-end=\"2868\">\u26a0\ufe0f <strong data-start=\"2777\" data-end=\"2792\">Warnung:<\/strong> Nicht geeignet f\u00fcr Personen, die lithiumhaltige Medikamente oder andere Metalle einnehmen.<\/p>\n<p data-start=\"968\" data-end=\"1133\"><strong data-start=\"968\" data-end=\"983\">Warnung:<\/strong><br data-start=\"983\" data-end=\"986\" \/>Dieses Produkt ist ein Nahrungserg\u00e4nzungsmittel. Nahrungserg\u00e4nzungsmittel sind kein Ersatz f\u00fcr eine abwechslungsreiche und ausgewogene Ern\u00e4hrung oder eine gesunde Lebensweise.<\/p>\n<p data-start=\"1135\" data-end=\"1222\">\u00dcberschreiten Sie die empfohlene Tagesdosis nicht.<br data-start=\"1180\" data-end=\"1183\" \/>Au\u00dferhalb der Reichweite von Kindern aufbewahren.<\/p>\n<p data-start=\"1224\" data-end=\"1363\">Wenn Sie an einer Krankheit leiden, schwanger sind, stillen oder Medikamente einnehmen, sollten Sie vor der Anwendung Ihren Arzt oder Therapeuten konsultieren.<\/p>\n<\/div>\n<\/div>\n","protected":false},"excerpt":{"rendered":"<div>\n<ul>\n<li data-start=\"193\" data-end=\"238\">\n<p data-start=\"195\" data-end=\"238\">100% nat\u00fcrliches Zeolith (Klinoptilolith)<\/p>\n<\/li>\n<li data-start=\"239\" data-end=\"302\">\n<p data-start=\"241\" data-end=\"302\">Reinigt und entgiftet dank seiner Wabenstruktur<\/p>\n<\/li>\n<li data-start=\"303\" data-end=\"358\">\n<p data-start=\"305\" data-end=\"358\">F\u00e4ngt Schwermetalle und Toxine wie ein Magnet ein<\/p>\n<\/li>\n<li data-start=\"359\" data-end=\"435\">\n<p data-start=\"361\" data-end=\"435\">Antioxidativer Zellschutz und Unterst\u00fctzung des Immunsystems<\/p>\n<\/li>\n<li data-start=\"436\" data-end=\"491\">\n<p data-start=\"438\" data-end=\"491\">Vielseitig einsetzbar: Mundhygiene, innere und \u00e4u\u00dfere Anwendung<\/p>\n<\/li>\n<\/ul>\n<\/div>\n","protected":false},"featured_media":9023,"template":"","meta":{"_joinchat":[]},"product_brand":[135],"product_cat":[197,147],"product_tag":[],"class_list":{"0":"post-751","1":"product","2":"type-product","3":"status-publish","4":"has-post-thumbnail","6":"product_brand-cosmolife-de","7":"product_cat-vitamine-1","8":"product_cat-zeolith","10":"first","11":"instock","12":"taxable","13":"shipping-taxable","14":"purchasable","15":"product-type-simple"},"_links":{"self":[{"href":"https:\/\/www.cosmolife.it\/de\/wp-json\/wp\/v2\/product\/751","targetHints":{"allow":["GET"]}}],"collection":[{"href":"https:\/\/www.cosmolife.it\/de\/wp-json\/wp\/v2\/product"}],"about":[{"href":"https:\/\/www.cosmolife.it\/de\/wp-json\/wp\/v2\/types\/product"}],"wp:featuredmedia":[{"embeddable":true,"href":"https:\/\/www.cosmolife.it\/de\/wp-json\/wp\/v2\/media\/9023"}],"wp:attachment":[{"href":"https:\/\/www.cosmolife.it\/de\/wp-json\/wp\/v2\/media?parent=751"}],"wp:term":[{"taxonomy":"product_brand","embeddable":true,"href":"https:\/\/www.cosmolife.it\/de\/wp-json\/wp\/v2\/product_brand?post=751"},{"taxonomy":"product_cat","embeddable":true,"href":"https:\/\/www.cosmolife.it\/de\/wp-json\/wp\/v2\/product_cat?post=751"},{"taxonomy":"product_tag","embeddable":true,"href":"https:\/\/www.cosmolife.it\/de\/wp-json\/wp\/v2\/product_tag?post=751"}],"curies":[{"name":"wp","href":"https:\/\/api.w.org\/{rel}","templated":true}]}}