{"id":765,"date":"2021-02-03T16:52:00","date_gmt":"2021-02-03T16:52:00","guid":{"rendered":"https:\/\/cosmolife.it\/?product=family-dentalcare-4-novacare"},"modified":"2025-09-22T11:06:29","modified_gmt":"2025-09-22T09:06:29","slug":"family-dentalcare-4-novacare","status":"publish","type":"product","link":"https:\/\/www.cosmolife.it\/de\/prodotto\/family-dentalcare-4-novacare\/","title":{"rendered":"Familienkombi 4\u2013 Strahlendes L\u00e4cheln f\u00fcr die ganze Familie"},"content":{"rendered":"<p data-start=\"148\" data-end=\"537\">Unsere exklusive <strong data-start=\"165\" data-end=\"182\">Familienkombi<\/strong> bietet die perfekte Zahnpflege-L\u00f6sung f\u00fcr Gro\u00df und Klein \u2013 in einem attraktiven Set zum Vorteilspreis. Die Kombination besteht aus <strong data-start=\"314\" data-end=\"352\">2 hochwertigen Diamant-Zahnb\u00fcrsten<\/strong>, <strong data-start=\"354\" data-end=\"393\">1 sch\u00fctzenden Zahncreme mit Zeolith<\/strong> und <strong data-start=\"398\" data-end=\"435\">2 extra-weichen Kinderzahnb\u00fcrsten<\/strong>. Damit erh\u00e4lt die ganze Familie die ideale Rundum-Pflege f\u00fcr gesunde Z\u00e4hne und starkes Zahnfleisch.<\/p>\n<p data-start=\"539\" data-end=\"1268\">Die Diamant-Zahnb\u00fcrsten \u00fcberzeugen mit feinen Filamenten, Bambuskohle-Borsten und einer Veredelung mit Gold oder Silber. Sie reinigen besonders gr\u00fcndlich, sorgen f\u00fcr einen nat\u00fcrlichen Aufhelleffekt und massieren sanft das Zahnfleisch.<br data-start=\"773\" data-end=\"776\" \/>Die Zahncreme mit Zeolith st\u00e4rkt den Zahnschmelz, unterst\u00fctzt die Remineralisierung und sch\u00fctzt zuverl\u00e4ssig vor Karies \u2013 ganz ohne Fluorid und Zucker. Aloe und Kurkuma wirken zus\u00e4tzlich beruhigend und entz\u00fcndungshemmend.<br data-start=\"996\" data-end=\"999\" \/>F\u00fcr die Kleinen enth\u00e4lt das Set zwei Kinderzahnb\u00fcrsten mit superweichen Borsten, die empfindliche Z\u00e4hne und Zahnfleisch sch\u00fctzen und gleichzeitig Mikroverletzungen vorbeugen. Die veredelten Silberborsten wirken antibakteriell und halten die B\u00fcrsten hygienisch sauber.<\/p>\n<p data-start=\"1270\" data-end=\"1399\">Mit diesem Familienpaket erh\u00e4ltst du hochwertige Produkte f\u00fcr die t\u00e4gliche Zahnpflege \u2013 und sparst im Vergleich zum Einzelkauf.<\/p>\n","protected":false},"excerpt":{"rendered":"<ul>\n<li>\n<h2 data-start=\"1406\" data-end=\"1437\">Vorteile der Familienkombi<\/h2>\n<ul data-start=\"1438\" data-end=\"1922\">\n<li data-start=\"1438\" data-end=\"1545\">\n<p data-start=\"1440\" data-end=\"1545\"><strong data-start=\"1440\" data-end=\"1465\">2 Diamant-Zahnb\u00fcrsten<\/strong> mit Bambuskohleborsten und Gold-\/Silberveredelung f\u00fcr strahlend saubere Z\u00e4hne<\/p>\n<\/li>\n<li data-start=\"1546\" data-end=\"1657\">\n<p data-start=\"1548\" data-end=\"1657\"><strong data-start=\"1548\" data-end=\"1575\">1 Zahncreme mit Zeolith<\/strong>, Aloe &amp; Kurkuma \u2013 remineralisierend, kariesvorbeugend und sanft zum Zahnfleisch<\/p>\n<\/li>\n<li data-start=\"1658\" data-end=\"1745\">\n<p data-start=\"1660\" data-end=\"1745\"><strong data-start=\"1660\" data-end=\"1683\">2 Kinderzahnb\u00fcrsten<\/strong> mit superweichen Borsten f\u00fcr sicheren Schutz der Milchz\u00e4hne<\/p>\n<\/li>\n<li data-start=\"1746\" data-end=\"1849\">\n<p data-start=\"1748\" data-end=\"1849\"><strong data-start=\"1748\" data-end=\"1774\">Hygienische Sauberkeit<\/strong> dank Microsilber- und Silbertechnologie, die Bakterien keine Chance gibt<\/p>\n<\/li>\n<li data-start=\"1850\" data-end=\"1922\">\n<p data-start=\"1852\" data-end=\"1922\"><strong data-start=\"1852\" data-end=\"1875\">Spare mit der Kombi<\/strong> \u2013 g\u00fcnstiger als beim Einzelkauf der Produkte<\/p>\n<\/li>\n<\/ul>\n<\/li>\n<\/ul>\n","protected":false},"featured_media":9011,"template":"","meta":{"_joinchat":[]},"product_brand":[135],"product_cat":[217,219],"product_tag":[],"class_list":{"0":"post-765","1":"product","2":"type-product","3":"status-publish","4":"has-post-thumbnail","6":"product_brand-cosmolife-de","7":"product_cat-novacare-natuerliche-microzahncreme","8":"product_cat-sparpakete","10":"first","11":"instock","12":"sale","13":"taxable","14":"shipping-taxable","15":"purchasable","16":"product-type-simple"},"_links":{"self":[{"href":"https:\/\/www.cosmolife.it\/de\/wp-json\/wp\/v2\/product\/765","targetHints":{"allow":["GET"]}}],"collection":[{"href":"https:\/\/www.cosmolife.it\/de\/wp-json\/wp\/v2\/product"}],"about":[{"href":"https:\/\/www.cosmolife.it\/de\/wp-json\/wp\/v2\/types\/product"}],"wp:featuredmedia":[{"embeddable":true,"href":"https:\/\/www.cosmolife.it\/de\/wp-json\/wp\/v2\/media\/9011"}],"wp:attachment":[{"href":"https:\/\/www.cosmolife.it\/de\/wp-json\/wp\/v2\/media?parent=765"}],"wp:term":[{"taxonomy":"product_brand","embeddable":true,"href":"https:\/\/www.cosmolife.it\/de\/wp-json\/wp\/v2\/product_brand?post=765"},{"taxonomy":"product_cat","embeddable":true,"href":"https:\/\/www.cosmolife.it\/de\/wp-json\/wp\/v2\/product_cat?post=765"},{"taxonomy":"product_tag","embeddable":true,"href":"https:\/\/www.cosmolife.it\/de\/wp-json\/wp\/v2\/product_tag?post=765"}],"curies":[{"name":"wp","href":"https:\/\/api.w.org\/{rel}","templated":true}]}}