{"id":769,"date":"2021-02-10T17:57:48","date_gmt":"2021-02-10T17:57:48","guid":{"rendered":"https:\/\/cosmolife.it\/?product=immunitatskur-mit-test-sparpaket"},"modified":"2025-09-24T10:04:13","modified_gmt":"2025-09-24T08:04:13","slug":"immunitaetskur-mit-test-sparpaket","status":"publish","type":"product","link":"https:\/\/www.cosmolife.it\/de\/prodotto\/immunitaetskur-mit-test-sparpaket\/","title":{"rendered":"Immunit\u00e4tskur mit Test - Sparpaket"},"content":{"rendered":"<p data-start=\"75\" data-end=\"213\"><strong data-start=\"75\" data-end=\"99\">Vitamin D3 (Tropfen)<\/strong><br data-start=\"99\" data-end=\"102\" \/>Essentieller fettl\u00f6slicher Mikron\u00e4hrstoff f\u00fcr die Immunfunktion.<br data-start=\"166\" data-end=\"169\" \/>F\u00f6rdert die Aktivierung der T-Lymphozyten.<\/p>\n<p data-start=\"215\" data-end=\"345\"><strong data-start=\"215\" data-end=\"239\">Vitamin K2 (Tropfen)<\/strong><br data-start=\"239\" data-end=\"242\" \/>Wirkt in Synergie mit Vitamin D3.<br data-start=\"275\" data-end=\"278\" \/>Unterst\u00fctzt die Aufnahme und die richtige Verteilung von Kalzium.<\/p>\n<p data-start=\"347\" data-end=\"481\"><strong data-start=\"347\" data-end=\"363\">Magnesium-\u00d6l<\/strong><br data-start=\"363\" data-end=\"366\" \/>Quelle von hoch bioverf\u00fcgbarem Magnesium \u00fcber die Haut.<br data-start=\"421\" data-end=\"424\" \/>Reguliert Stress, Muskelkontraktionen und Immunantwort.<\/p>\n<p data-start=\"483\" data-end=\"621\"><strong data-start=\"483\" data-end=\"518\">Omega 3 (aus Sacha-Inchi-Samen)<\/strong><br data-start=\"518\" data-end=\"521\" \/>Reich an Alpha-Linolens\u00e4ure (ALA).<br data-start=\"555\" data-end=\"558\" \/>Wirkt entz\u00fcndungshemmend und sch\u00fctzend auf die Zellmembranen.<\/p>\n<p data-start=\"623\" data-end=\"787\"><strong data-start=\"623\" data-end=\"648\">Liposomales Vitamin C<\/strong><br data-start=\"648\" data-end=\"651\" \/>In Liposomen verkapseltes Vitamin C f\u00fcr eine bessere Aufnahme.<br data-start=\"713\" data-end=\"716\" \/>Unterst\u00fctzt die wei\u00dfen Blutk\u00f6rperchen und bek\u00e4mpft oxidativen Stress.<\/p>\n<p data-start=\"789\" data-end=\"948\"><strong data-start=\"789\" data-end=\"813\">Smarttest Vitamin D3<\/strong><br data-start=\"813\" data-end=\"816\" \/>Heimtest zur Bestimmung des Vitamin-D3-Spiegels im Blut.<br data-start=\"872\" data-end=\"875\" \/>Hilfreich zur individuellen Anpassung und Regulierung der D3-Dosierung.<\/p>\n<hr data-start=\"950\" data-end=\"953\" \/>\n<h2 data-start=\"955\" data-end=\"983\">Gesamtsynergischer Effekt<\/h2>\n<p data-start=\"984\" data-end=\"1028\">Die kombinierte Anwendung dieser Produkte:<\/p>\n<ul data-start=\"1029\" data-end=\"1489\">\n<li data-start=\"1029\" data-end=\"1150\">\n<p data-start=\"1031\" data-end=\"1150\">St\u00e4rkt sowohl die angeborene Immunit\u00e4t (erste Verteidigungslinie) als auch die adaptive Immunit\u00e4t (Immun-Ged\u00e4chtnis).<\/p>\n<\/li>\n<li data-start=\"1151\" data-end=\"1242\">\n<p data-start=\"1153\" data-end=\"1242\">Reduziert chronische niedriggradige Entz\u00fcndungen, die das Immunsystem schw\u00e4chen k\u00f6nnen.<\/p>\n<\/li>\n<li data-start=\"1243\" data-end=\"1380\">\n<p data-start=\"1245\" data-end=\"1380\">Unterst\u00fctzt die zellul\u00e4re Energie, Geweberegeneration und Stressresistenz \u2013 alles Schl\u00fcsselfaktoren f\u00fcr eine effiziente Immunantwort.<\/p>\n<\/li>\n<li data-start=\"1381\" data-end=\"1489\">\n<p data-start=\"1383\" data-end=\"1489\">Erm\u00f6glicht eine personalisierte Supplementierung (dank des D3-Tests) je nach individuellen Bed\u00fcrfnissen.<\/p>\n<\/li>\n<\/ul>\n","protected":false},"excerpt":{"rendered":"<p><strong>Das Paket beinhaltet:<\/strong><\/p>\n<ul>\n<li><a href=\"https:\/\/www.cosmolife.it\/de\/vitamine\/444-vitamin-d3-forte-tropfen-das-sonnenvitamin.html\" target=\"_blank\" rel=\"noopener\">1x Vitamin D3 Tropfen<\/a><\/li>\n<li><a href=\"https:\/\/www.cosmolife.it\/de\/vitamine\/443-vitamin-k2-tropfen-fuer-gesunde-knochen.html?search_query=vitamin&amp;results=28\" target=\"_blank\" rel=\"noopener\">1x Vitamin K2 Tropfen<\/a><\/li>\n<li><a href=\"https:\/\/www.cosmolife.it\/de\/magnesiumoel\/441-magnesiumoel-250ml.html?search_query=MAGNES&amp;results=11\" target=\"_blank\" rel=\"noopener\">1x Magnesium\u00f6l<\/a><\/li>\n<li><a href=\"https:\/\/www.cosmolife.it\/de\/vitamine\/427-500mlPetDocFaselcolloidalsilverpremium.html?search_query=OMEGA&amp;results=5\" target=\"_blank\" rel=\"noopener\">1x Omega 3<\/a><\/li>\n<li><a href=\"https:\/\/www.cosmolife.it\/de\/vitamine\/466-lisa-vitamin-c-liposomial-250-ml.html?search_query=LISA&amp;results=3\" target=\"_blank\" rel=\"noopener\">1x Liposomales Vitamin C\u00a0<\/a><\/li>\n<li><a href=\"https:\/\/www.cosmolife.it\/de\/trockenbluttest-fuer-zu-hause\/469-preventis-smartest-vitamin-d.html\" target=\"_blank\" rel=\"noopener\">Vitamin D3 Smarttest<\/a><\/li>\n<\/ul>\n<p>&nbsp;<\/p>\n","protected":false},"featured_media":9027,"template":"","meta":{"_joinchat":[]},"product_brand":[135],"product_cat":[219,235,197],"product_tag":[],"class_list":{"0":"post-769","1":"product","2":"type-product","3":"status-publish","4":"has-post-thumbnail","6":"product_brand-cosmolife-de","7":"product_cat-sparpakete","8":"product_cat-trockenbluttest-fuer-zu-hause","9":"product_cat-vitamine-1","11":"first","12":"instock","13":"sale","14":"taxable","15":"shipping-taxable","16":"purchasable","17":"product-type-simple"},"_links":{"self":[{"href":"https:\/\/www.cosmolife.it\/de\/wp-json\/wp\/v2\/product\/769","targetHints":{"allow":["GET"]}}],"collection":[{"href":"https:\/\/www.cosmolife.it\/de\/wp-json\/wp\/v2\/product"}],"about":[{"href":"https:\/\/www.cosmolife.it\/de\/wp-json\/wp\/v2\/types\/product"}],"wp:featuredmedia":[{"embeddable":true,"href":"https:\/\/www.cosmolife.it\/de\/wp-json\/wp\/v2\/media\/9027"}],"wp:attachment":[{"href":"https:\/\/www.cosmolife.it\/de\/wp-json\/wp\/v2\/media?parent=769"}],"wp:term":[{"taxonomy":"product_brand","embeddable":true,"href":"https:\/\/www.cosmolife.it\/de\/wp-json\/wp\/v2\/product_brand?post=769"},{"taxonomy":"product_cat","embeddable":true,"href":"https:\/\/www.cosmolife.it\/de\/wp-json\/wp\/v2\/product_cat?post=769"},{"taxonomy":"product_tag","embeddable":true,"href":"https:\/\/www.cosmolife.it\/de\/wp-json\/wp\/v2\/product_tag?post=769"}],"curies":[{"name":"wp","href":"https:\/\/api.w.org\/{rel}","templated":true}]}}