{"id":777,"date":"2021-03-09T11:18:59","date_gmt":"2021-03-09T11:18:59","guid":{"rendered":"https:\/\/cosmolife.it\/?product=vitamin-d3-k2-paket"},"modified":"2025-10-02T15:28:40","modified_gmt":"2025-10-02T13:28:40","slug":"vitamin-d3k2-paket-1","status":"publish","type":"product","link":"https:\/\/www.cosmolife.it\/de\/prodotto\/vitamin-d3k2-paket-1\/","title":{"rendered":"Kombination: Vitamin D3 + K2 + Magnesium"},"content":{"rendered":"<div>\n<p data-start=\"321\" data-end=\"703\"><strong data-start=\"321\" data-end=\"335\">Vitamin D3<\/strong> wird oft als das <strong data-start=\"353\" data-end=\"372\">\u201eSonnenvitamin\u201c<\/strong> bezeichnet und ist f\u00fcr den menschlichen K\u00f6rper unverzichtbar. Es unterst\u00fctzt das Immunsystem, tr\u00e4gt zu gesunden Knochen und Z\u00e4hnen bei und f\u00f6rdert die normale Muskelfunktion. Doch nur wenige wissen: Damit Vitamin D3 seine volle Wirkung entfalten kann, ben\u00f6tigt es <strong data-start=\"637\" data-end=\"700\">wichtige Partnerstoffe \u2013 vor allem Vitamin K2 und Magnesium<\/strong>.<\/p>\n<ul data-start=\"705\" data-end=\"1303\">\n<li data-start=\"705\" data-end=\"804\">\n<p data-start=\"707\" data-end=\"804\"><strong data-start=\"707\" data-end=\"721\">Vitamin D3<\/strong> sorgt daf\u00fcr, dass Kalzium aus der Nahrung in den Blutkreislauf aufgenommen wird.<\/p>\n<\/li>\n<li data-start=\"805\" data-end=\"1028\">\n<p data-start=\"807\" data-end=\"1028\"><strong data-start=\"807\" data-end=\"821\">Vitamin K2<\/strong> ist daf\u00fcr verantwortlich, dieses Kalzium gezielt in <strong data-start=\"874\" data-end=\"895\">Knochen und Z\u00e4hne<\/strong> einzubauen und Ablagerungen in den Blutgef\u00e4\u00dfen zu verhindern. Das bedeutet: starke Knochen bei gleichzeitiger <strong data-start=\"1006\" data-end=\"1025\">Gef\u00e4\u00dfgesundheit<\/strong>.<\/p>\n<\/li>\n<li data-start=\"1029\" data-end=\"1303\">\n<p data-start=\"1031\" data-end=\"1303\"><strong data-start=\"1031\" data-end=\"1044\">Magnesium<\/strong> ist an \u00fcber 300 enzymatischen Prozessen beteiligt und essenziell f\u00fcr die <strong data-start=\"1118\" data-end=\"1148\">Aktivierung von Vitamin D3<\/strong>. Ohne Magnesium kann Vitamin D3 nicht in seine aktive Form umgewandelt werden. Zus\u00e4tzlich unterst\u00fctzt Magnesium Muskeln, Nerven und reduziert M\u00fcdigkeit.<\/p>\n<\/li>\n<\/ul>\n<p data-start=\"1305\" data-end=\"1676\">\ud83d\udc49 <strong data-start=\"1308\" data-end=\"1352\">Das Zusammenspiel dieser drei N\u00e4hrstoffe<\/strong> stellt sicher, dass Kalzium richtig verwertet wird, die Knochen stabil bleiben, das Immunsystem gest\u00e4rkt ist und Muskeln sowie Nerven optimal funktionieren. Wer nur Vitamin D3 einnimmt, riskiert eine unvollst\u00e4ndige Wirkung \u2013 die Kombination mit K2 und Magnesium ist entscheidend f\u00fcr <strong data-start=\"1636\" data-end=\"1673\">Gesundheit, Energie und Vitalit\u00e4t<\/strong>.<\/p>\n<\/div>\n","protected":false},"excerpt":{"rendered":"<ul>\n<li data-start=\"1748\" data-end=\"1822\">\n<ul>\n<li data-start=\"1405\" data-end=\"1476\">\n<p data-start=\"1407\" data-end=\"1476\"><strong data-start=\"1407\" data-end=\"1426\">2 \u00d7 Vitamin D3:<\/strong> st\u00e4rkt Immunabwehr, Knochen, Z\u00e4hne und Muskeln.<\/p>\n<\/li>\n<li data-start=\"1477\" data-end=\"1553\">\n<p data-start=\"1479\" data-end=\"1553\"><strong data-start=\"1479\" data-end=\"1498\">1 \u00d7 Vitamin K2:<\/strong> leitet Kalzium in Knochen und Z\u00e4hne, sch\u00fctzt Gef\u00e4\u00dfe.<\/p>\n<\/li>\n<li data-start=\"1554\" data-end=\"1641\">\n<p data-start=\"1556\" data-end=\"1641\"><strong data-start=\"1556\" data-end=\"1576\">1 \u00d7 Magnesium\u00f6l:<\/strong> aktiviert Vitamin D3, unterst\u00fctzt Muskeln, Nerven und Energie.<\/p>\n<\/li>\n<li data-start=\"1642\" data-end=\"1707\">\n<p data-start=\"1644\" data-end=\"1707\">Ganzheitliche Kombination f\u00fcr <strong data-start=\"1674\" data-end=\"1704\">optimale Kalziumverwertung<\/strong>.<\/p>\n<\/li>\n<li data-start=\"1708\" data-end=\"1758\">\n<p data-start=\"1710\" data-end=\"1758\">F\u00f6rdert <strong data-start=\"1718\" data-end=\"1755\">Gesundheit, Energie und Vitalit\u00e4t<\/strong>.<\/p>\n<\/li>\n<\/ul>\n<\/li>\n<li data-start=\"2066\" data-end=\"2125\"><\/li>\n<\/ul>\n","protected":false},"featured_media":779,"template":"","meta":{"_joinchat":[]},"product_brand":[135],"product_cat":[219,197],"product_tag":[],"class_list":{"0":"post-777","1":"product","2":"type-product","3":"status-publish","4":"has-post-thumbnail","6":"product_brand-cosmolife-de","7":"product_cat-sparpakete","8":"product_cat-vitamine-1","10":"first","11":"instock","12":"sale","13":"taxable","14":"shipping-taxable","15":"purchasable","16":"product-type-simple"},"_links":{"self":[{"href":"https:\/\/www.cosmolife.it\/de\/wp-json\/wp\/v2\/product\/777","targetHints":{"allow":["GET"]}}],"collection":[{"href":"https:\/\/www.cosmolife.it\/de\/wp-json\/wp\/v2\/product"}],"about":[{"href":"https:\/\/www.cosmolife.it\/de\/wp-json\/wp\/v2\/types\/product"}],"wp:featuredmedia":[{"embeddable":true,"href":"https:\/\/www.cosmolife.it\/de\/wp-json\/wp\/v2\/media\/779"}],"wp:attachment":[{"href":"https:\/\/www.cosmolife.it\/de\/wp-json\/wp\/v2\/media?parent=777"}],"wp:term":[{"taxonomy":"product_brand","embeddable":true,"href":"https:\/\/www.cosmolife.it\/de\/wp-json\/wp\/v2\/product_brand?post=777"},{"taxonomy":"product_cat","embeddable":true,"href":"https:\/\/www.cosmolife.it\/de\/wp-json\/wp\/v2\/product_cat?post=777"},{"taxonomy":"product_tag","embeddable":true,"href":"https:\/\/www.cosmolife.it\/de\/wp-json\/wp\/v2\/product_tag?post=777"}],"curies":[{"name":"wp","href":"https:\/\/api.w.org\/{rel}","templated":true}]}}