{"id":807,"date":"2021-04-06T16:49:03","date_gmt":"2021-04-06T16:49:03","guid":{"rendered":"https:\/\/cosmolife.it\/?product=novacare-mundholz-zahnburste-gold"},"modified":"2026-01-20T01:35:05","modified_gmt":"2026-01-19T23:35:05","slug":"novacare-mundholz-zahnbuerste-gold","status":"publish","type":"product","link":"https:\/\/www.cosmolife.it\/de\/prodotto\/novacare-mundholz-zahnbuerste-gold\/","title":{"rendered":"Novacare Zahnb\u00fcrste HOLZ Gold &amp; Bambus Holzkohle"},"content":{"rendered":"<p>Bei der Auswahl der Materialien f\u00fcr die B\u00fcrste wird ein v\u00f6llig neuartiges Material verwendet, das zu 97% aus biobasierten Bestandteilen besteht und zudem mehr als 30% recycelten Inhalt enth\u00e4lt. Diese Kombination aus echtem Holz und organischen, pflanzlichen Rohstoffen best\u00e4tigt den Anspruch von novacare auf perfekte Hygiene und setzt damit einen v\u00f6llig neuen Standard in der \u00f6kologischen und nachhaltigen Zahnpflege.<br \/>\nDank der Verwendung hochwertiger Borsten und der bew\u00e4hrten Silber- und Goldtechnologie bleibt die B\u00fcrste auf nat\u00fcrliche Weise sauber und kann viel l\u00e4nger verwendet werden als herk\u00f6mmliche Produkte.<br \/>\nDas bew\u00e4hrte 2-Schicht-Borstenkonzept \u00fcberzeugt weiterhin durch einen sanften Flossing-Effekt und eine besondere Reinigungsleistung mit optimalem Schutz von Zahnschmelz und Zahnfleisch. Unsere Kunden sp\u00fcren schon bei der ersten Anwendung sp\u00fcrbar glattere Z\u00e4hne!<br \/>\nWie \u00fcblich wird die neue MundHolz Zahnb\u00fcrste mit einer hygienischen Reiseverpackung geliefert, die ebenfalls aus nachwachsenden Rohstoffen hergestellt ist. Mit einem Griff kann die Borstenschutzkappe in einen Halter umgewandelt werden und dient als eleganter St\u00e4nder auf Reisen oder im eigenen Bad.<br \/>\n<strong>&#8222;MundHolz&#8220; von novacare - intelligent, nachhaltig und nat\u00fcrlich sauber!<\/strong><\/p>\n","protected":false},"excerpt":{"rendered":"<p><b>Die wichtigsten Eigenschaften:<\/b><\/p>\n<p>-Ultrad\u00fcnne Borsten<br \/>\n-Speziell abgerundete Borsten<br \/>\n-Zweischichtige Borstenstruktur<br \/>\n-Veredelte Borsten mit reinem Gold und Bambuskohlepulver<br \/>\n-Besteht aus 30% recyceltem Inhalt und 97% pflanzlichen Rohstoffen<br \/>\n-Griff aus \u00f6sterreichischem Schnittholz<\/p>\n","protected":false},"featured_media":809,"template":"","meta":{"_joinchat":[]},"product_brand":[135],"product_cat":[143,215,229],"product_tag":[],"class_list":{"0":"post-807","1":"product","2":"type-product","3":"status-publish","4":"has-post-thumbnail","6":"product_brand-cosmolife-de","7":"product_cat-oekologische-produkte","8":"product_cat-zahnbuerste-antibakteriell","9":"product_cat-zahnbuerste-novacare-natuerliche-sauberkeit","11":"first","12":"instock","13":"taxable","14":"shipping-taxable","15":"purchasable","16":"product-type-variable"},"_links":{"self":[{"href":"https:\/\/www.cosmolife.it\/de\/wp-json\/wp\/v2\/product\/807","targetHints":{"allow":["GET"]}}],"collection":[{"href":"https:\/\/www.cosmolife.it\/de\/wp-json\/wp\/v2\/product"}],"about":[{"href":"https:\/\/www.cosmolife.it\/de\/wp-json\/wp\/v2\/types\/product"}],"wp:featuredmedia":[{"embeddable":true,"href":"https:\/\/www.cosmolife.it\/de\/wp-json\/wp\/v2\/media\/809"}],"wp:attachment":[{"href":"https:\/\/www.cosmolife.it\/de\/wp-json\/wp\/v2\/media?parent=807"}],"wp:term":[{"taxonomy":"product_brand","embeddable":true,"href":"https:\/\/www.cosmolife.it\/de\/wp-json\/wp\/v2\/product_brand?post=807"},{"taxonomy":"product_cat","embeddable":true,"href":"https:\/\/www.cosmolife.it\/de\/wp-json\/wp\/v2\/product_cat?post=807"},{"taxonomy":"product_tag","embeddable":true,"href":"https:\/\/www.cosmolife.it\/de\/wp-json\/wp\/v2\/product_tag?post=807"}],"curies":[{"name":"wp","href":"https:\/\/api.w.org\/{rel}","templated":true}]}}