{"id":827,"date":"2021-08-16T16:28:48","date_gmt":"2021-08-16T16:28:48","guid":{"rendered":"https:\/\/cosmolife.it\/?product=waschmodul-natural-clean-hotel"},"modified":"2026-01-20T01:37:15","modified_gmt":"2026-01-19T23:37:15","slug":"waschmodul-natural-clean-hotel","status":"publish","type":"product","link":"https:\/\/www.cosmolife.it\/de\/prodotto\/waschmodul-natural-clean-hotel\/","title":{"rendered":"NATURAL CLEAN&#8220; HOTEL Waschmodul"},"content":{"rendered":"<div>\n<p><strong>DIE REVOLUTION f\u00fcr saubere W\u00e4sche, ohne die Umwelt zu belasten!<\/strong><br \/>\n<strong>BIS ZU 100 PROZENT WASCHMITTELFREI!<br \/>\n<\/strong><br \/>\n<strong>AUS LIEBE ZUR UMWELT <\/strong><br \/>\n&#8230; Natural Clean ist einer der wahren Retter der Welt! <\/p>\n<p>Bis zu 100% reinigungsmittelfreies Waschen, d.h. keine Chemikalien, keine F\u00fcllstoffe, keine Bleichmittel! Waschmittel sind gr\u00f6\u00dftenteils gef\u00e4hrlich f\u00fcr unsere Umwelt. Au\u00dferdem wird gesch\u00e4tzt, dass 95% der Bev\u00f6lkerung mit handels\u00fcblichen Waschmitteln w\u00e4scht.  <\/p>\n<p><strong>IDEAL F\u00dcR ALLERGIEGEF\u00c4HRdete<\/strong><br \/>\nNATURAL CLEAN ist sanft zur Haut, da kein Reinigungsmittel erforderlich ist. Es ist ideal f\u00fcr Allergiker und f\u00fcr alle, die auf ihre Gesundheit und die Umwelt achten.<\/p>\n<p><strong>F\u00dcR EIN BESSERES WOHLBEFINDEN<\/strong><br \/>\nBefreien Sie Ihre Haut und Ihren K\u00f6rper von diesen Fremdstoffen.<\/p>\n<p><strong>EIN NEUES ERLEBNIS DER FRISCHE<\/strong><br \/>\nIhre Kleidung, Bettw\u00e4sche, Handt\u00fccher usw. werden von Chemikalien befreit - sie sind so frisch wie Luft - das werden Sie nach ein paar W\u00e4schen dankbar sp\u00fcren. Sogar extreme Schwei\u00dfger\u00fcche. <\/p>\n<\/div>\n<div>\n<p><strong>ENORMES FINANZIELLES SPAREN<\/strong><br \/>\nDurch den Kauf und die Verwendung von NATURAL CLEAN k\u00f6nnen Sie bis zu 100% Ihres Waschmittels sparen. F\u00fcr eine vierk\u00f6pfige Familie macht sich das Waschmaschinenmodul durch die Einsparungen beim Waschmittel bereits nach fast einem Jahr bezahlt. <\/p>\n<p><strong>WIE ES FUNKTIONIERT<\/strong><br \/>\nDieses Modul aus massivem Messing ist von Hand mit einer pr\u00e4zise zusammengestellten Kombination aus Edelsteinen und vielen verschiedenen Mineralien gef\u00fcllt. Der Wirbel des Wassers und seine Oberfl\u00e4chenspannung bringen es in Schwingung. Die daraus resultierende Schwingung - vergleichbar mit einer Ultraschallschwingung - l\u00f6st den Schmutz und sorgt f\u00fcr Reinheit.  <\/p>\n<p>SCHUTZ <strong>GEGEN<\/strong> KALK UND WASCHMITTELABLAGEN<br \/>\nAu\u00dferdem ist die Waschmaschine gegen Kalk und Waschmittelablagerungen gesch\u00fctzt.<\/p>\n<p><strong>LANGLEBIGKEIT \u00dcBER 10 JAHRE<\/strong><br \/>\nDank seiner soliden Konstruktion ist das Waschmaschinenmodul langlebig. Nach mehr als zehn Jahren Testbetrieb gab es keine Anzeichen von Verschlei\u00df oder Abnutzung. <\/p>\n<p><strong>GOODbye TO BAD ODours<\/strong><br \/>\nWir haben die Erfahrung gemacht, dass extreme Ger\u00fcche in der W\u00e4sche, die beim Waschen mit Waschmitteln zur\u00fcckbleiben, mit NATURAL CLEAN verschwinden. Dabei spielt es keine Rolle, ob es sich um synthetische oder Baumwollstoffe handelt. <\/p>\n<p><span style=\"text-decoration: underline;\"><strong>WENN SIE TROTZ NAT\u00dcRLICHER REINIGUNG IMMER NOCH WASCHMITTEL BEN\u00d6TIGEN?<\/strong><\/span><\/p>\n<\/div>\n<div><\/div>\n<div>\n<p><em><span style=\"text-decoration: underline;\"><span style=\"color: #8f28fe; text-decoration: underline;\"><strong>Hotels und Gastronomie<\/strong><\/span><\/span><\/em><br \/>\n<em><span style=\"text-decoration: underline;\"><span style=\"color: #8f28fe; text-decoration: underline;\">Obwohl die W\u00e4sche in der Hotellerie und Gastronomie oft extremen Belastungen ausgesetzt ist (z.B. mit Rotwein oder Ketchup verschmutzte Tischw\u00e4sche, K\u00fcchenw\u00e4sche, Schminkt\u00fccher usw.) und keine Zeit f\u00fcr die Vorbehandlung von Flecken bleibt, sparen Hotels und Gastronomie laut Erfahrungsberichten dennoch zwei Drittel des Waschmittels.<\/span><\/span><\/em><\/p>\n<p>Flecken<strong>:<\/strong><br \/>\nAuch hartn\u00e4ckige Flecken m\u00fcssen vorbehandelt werden - genau wie beim herk\u00f6mmlichen Waschen mit Waschmitteln. Wir empfehlen unseren Fleckenentferner auf nat\u00fcrlicher Basis (beachten Sie die Einweichzeit!) oder herk\u00f6mmliche Fleckenentferner wie Gallseife. <\/p>\n<p><strong>Wei\u00dfe W\u00e4sche<\/strong><br \/>\nDa beim Waschen ohne Waschmittel keine Bleiche verwendet wird, ben\u00f6tigt wei\u00dfe W\u00e4sche nur etwa ein F\u00fcnftel bis ein Viertel so viel Waschmittel wie herk\u00f6mmliche W\u00e4sche. Es ist auch m\u00f6glich, mit nat\u00fcrlichem Soda zu waschen, experimentieren Sie einfach. <\/p>\n<p><strong>Extrem<\/strong> schmutzige W\u00e4sche<br \/>\nBei extrem schmutziger W\u00e4sche, z.B. \u00f6l- und fettverschmutzter Mechanikerw\u00e4sche oder in der Landwirtschaft, ist noch maximal ein Drittel Waschmittel erforderlich.<\/p>\n<p><strong>W\u00e4scheschutz<\/strong><br \/>\nWeniger Buntw\u00e4sche.<\/p>\n<p>Die Struktur des Kalks wird durch das aufgewirbelte Wasser ver\u00e4ndert, so dass der Kalk nicht mehr an den Fasern der W\u00e4sche haften bleibt. Die W\u00e4sche wird dadurch weicher und l\u00e4sst sich beim B\u00fcgeln auch leichter b\u00fcgeln.<br \/>\nZusammen mit <a class=\"btn btn-default\" href=\"https:\/\/www.cosmolife.it\/it\/145-biopol\" target=\"_blank\" rel=\"noopener\">Biopol<\/a> k\u00f6nnen Sie wieder kuschelige W\u00e4sche haben und das OHNE Weichsp\u00fcler!<br \/>\nLanglebigkeit<br \/>\nDank der soliden Konstruktion ist das Waschmaschinenmodul langlebig. Nach mehr als zehn Jahren Testbetrieb gab es keine Anzeichen von Abnutzung oder Verschlei\u00df.  <\/p>\n<p><strong>Technische Daten und Montage<\/strong><\/p>\n<ul>\n<li>Gewindegr\u00f6\u00dfe: 3\/4 Zoll - Anschluss f\u00fcr gewerbliche Waschmaschine<\/li>\n<li>Gesamtl\u00e4nge ca. 90 mm<\/li>\n<li>Einfache Installation zwischen Wasserhahn und Zuleitung<\/li>\n<li>Die Erfahrung hat gezeigt, dass sich bei den ersten Waschg\u00e4ngen mit dem Waschmodul Kalk und Waschmittelr\u00fcckst\u00e4nde in der Waschmaschine aufl\u00f6sen. Um unangenehme R\u00fcckst\u00e4nde zu vermeiden, empfehlen wir, je nach Alter der Waschmaschine, ein oder zwei Leerwaschg\u00e4nge bei 95 Grad. Bitte reinigen Sie das Flusensieb vor diesen Waschg\u00e4ngen.  <\/li>\n<li>Hergestellt in Bayern<\/li>\n<\/ul>\n<\/div>\n","protected":false},"excerpt":{"rendered":"<div>\n<ul>\n<li>Brillant saubere W\u00e4sche bis zu 100 Prozent ohne Waschmittel<\/li>\n<li>Ideal f\u00fcr Allergiker<\/li>\n<li>F\u00fcr ein besseres Gef\u00fchl des Wohlbefindens<\/li>\n<li>Eine neue Erfahrung von Frische<\/li>\n<li>Enorme finanzielle Einsparungen<\/li>\n<li>Wie es funktioniert<\/li>\n<li>Schutz vor Kalk und Ablagerungen<\/li>\n<li>Lange Lebensdauer &gt; 10 Jahre<\/li>\n<li>Schluss mit unangenehmen Ger\u00fcchen<\/li>\n<li>Zufriedenheit bei vielen Kunden<\/li>\n<li>\n<\/li>\n<\/ul>\n<\/div>\n<div><\/div>\n","protected":false},"featured_media":9025,"template":"","meta":{"_joinchat":[]},"product_brand":[135],"product_cat":[173,141,161],"product_tag":[],"class_list":{"0":"post-827","1":"product","2":"type-product","3":"status-publish","4":"has-post-thumbnail","6":"product_brand-cosmolife-de","7":"product_cat-gesundes-wasser","8":"product_cat-haushalt","9":"product_cat-waschmodul-natural-clean","11":"first","12":"instock","13":"taxable","14":"shipping-taxable","15":"purchasable","16":"product-type-simple"},"_links":{"self":[{"href":"https:\/\/www.cosmolife.it\/de\/wp-json\/wp\/v2\/product\/827","targetHints":{"allow":["GET"]}}],"collection":[{"href":"https:\/\/www.cosmolife.it\/de\/wp-json\/wp\/v2\/product"}],"about":[{"href":"https:\/\/www.cosmolife.it\/de\/wp-json\/wp\/v2\/types\/product"}],"wp:featuredmedia":[{"embeddable":true,"href":"https:\/\/www.cosmolife.it\/de\/wp-json\/wp\/v2\/media\/9025"}],"wp:attachment":[{"href":"https:\/\/www.cosmolife.it\/de\/wp-json\/wp\/v2\/media?parent=827"}],"wp:term":[{"taxonomy":"product_brand","embeddable":true,"href":"https:\/\/www.cosmolife.it\/de\/wp-json\/wp\/v2\/product_brand?post=827"},{"taxonomy":"product_cat","embeddable":true,"href":"https:\/\/www.cosmolife.it\/de\/wp-json\/wp\/v2\/product_cat?post=827"},{"taxonomy":"product_tag","embeddable":true,"href":"https:\/\/www.cosmolife.it\/de\/wp-json\/wp\/v2\/product_tag?post=827"}],"curies":[{"name":"wp","href":"https:\/\/api.w.org\/{rel}","templated":true}]}}