{"id":845,"date":"2021-10-27T15:21:48","date_gmt":"2021-10-27T15:21:48","guid":{"rendered":"https:\/\/cosmolife.it\/?product=kombination-biochip-5g-balance-chip"},"modified":"2026-04-30T10:25:06","modified_gmt":"2026-04-30T08:25:06","slug":"kombination-biochip-5g-balance-chip","status":"publish","type":"product","link":"https:\/\/www.cosmolife.it\/de\/prodotto\/kombination-biochip-5g-balance-chip\/","title":{"rendered":"Kombination Biochip &amp; 5G Balance-Chip-"},"content":{"rendered":"<h2><strong>F\u00fchlen Sie sich sicher. Besch\u00fctzen Sie, was Sie am meisten lieben. <\/strong><\/h2>\n<p>Wir leben in einer zunehmend vernetzten, schnelllebigen und digitalen Welt. Aber mit jeder neuen Technologie w\u00e4chst auch die Belastung durch unsichtbare Strahlung: Smartphones, 5G-Antennen, Wi-Fi-Router, Bluetooth-Ger\u00e4te&#8230; sie sind \u00fcberall, jeden Tag.<\/p>\n<p>Vielen Menschen ist es nicht sofort klar, aber der menschliche K\u00f6rper nimmt alles wahr. Schlaflosigkeit, Stress, Konzentrationsschw\u00e4che, M\u00fcdigkeit - Anzeichen daf\u00fcr, dass uns etwas st\u00f6rt. Und bei Kindern? Noch deutlicher.<\/p>\n<p><strong>Und hier kommen der Biochip und der 5G Balance Chip ins Spiel.<\/strong><br \/>\nZwei hochmoderne Innovationen, die Sie im modernen Leben sch\u00fctzen sollen. Sie werden in Sekundenschnelle auf Ihrem Telefon oder anderen Ger\u00e4ten angebracht - und erzeugen ein Schutzfeld um Sie und Ihre Lieben.<\/p>\n<h3>Mit diesen Chips erhalten Sie:<\/h3>\n<ul>\n<li>Kontinuierlicher Schutz vor sch\u00e4dlicher Strahlung<\/li>\n<li>Mehr Energiebilanz im K\u00f6rper<\/li>\n<li>Ein Gef\u00fchl der Ruhe selbst in \u00fcberf\u00fcllten und vernetzten Umgebungen<\/li>\n<li>Sicherheit f\u00fcr Ihre Kinder in der Schule, auf der Stra\u00dfe, wo auch immer sie hingehen<\/li>\n<li>Der Seelenfrieden, der sich aus dem Gef\u00fchl ergibt, gesch\u00fctzt zu sein<\/li>\n<\/ul>\n<p>Chips blockieren die Wellen nicht: sie harmonisieren sie.<br \/>\nSie wandeln sie in Frequenzen um, die der K\u00f6rper als neutral erkennt.<br \/>\n<strong>So bleiben Sie in Harmonie, stark und konzentriert - auch in der digitalen Welt.<\/strong><\/p>\n<p>Und das Sch\u00f6ne daran? Sie m\u00fcssen nichts Kompliziertes tun.<br \/>\n<strong>Tragen Sie den Chip einmal auf - und lassen Sie ihn Sie sch\u00fctzen, jeden Tag.<\/strong><\/p>\n","protected":false},"excerpt":{"rendered":"<div>\n<div class=\"short_description_block\">\n<div>\n<h3><strong>Die f\u00fcnf wichtigsten Vorteile auf einen Blick:<\/strong><\/h3>\n<ol>\n<li>Sch\u00fctzt vor sch\u00e4dlicher Strahlung von Mobiltelefonen<\/li>\n<li>Erzeugt ein harmonisierendes Schutzfeld bis zu einem Radius von 2 Metern<\/li>\n<li>Sch\u00fctzt effektiv vor Elektrosmog und terrestrischer Strahlung<\/li>\n<li>Verringert den durch digitale Mikrowellen verursachten physischen Stress<\/li>\n<li>Harmonisiert 3G, 4G und 5G Frequenzen (je nach Chip)<\/li>\n<\/ol>\n<\/div>\n<\/div>\n<\/div>\n","protected":false},"featured_media":38232,"template":"","meta":{"_joinchat":[]},"product_brand":[],"product_cat":[237,181,145],"product_tag":[],"class_list":{"0":"post-845","1":"product","2":"type-product","3":"status-publish","4":"has-post-thumbnail","6":"product_cat-5g-balance-chip-1","7":"product_cat-biochip-elektrosmogschutz","8":"product_cat-bioenergetik","10":"first","11":"instock","12":"sale","13":"taxable","14":"shipping-taxable","15":"purchasable","16":"product-type-simple"},"_links":{"self":[{"href":"https:\/\/www.cosmolife.it\/de\/wp-json\/wp\/v2\/product\/845","targetHints":{"allow":["GET"]}}],"collection":[{"href":"https:\/\/www.cosmolife.it\/de\/wp-json\/wp\/v2\/product"}],"about":[{"href":"https:\/\/www.cosmolife.it\/de\/wp-json\/wp\/v2\/types\/product"}],"wp:featuredmedia":[{"embeddable":true,"href":"https:\/\/www.cosmolife.it\/de\/wp-json\/wp\/v2\/media\/38232"}],"wp:attachment":[{"href":"https:\/\/www.cosmolife.it\/de\/wp-json\/wp\/v2\/media?parent=845"}],"wp:term":[{"taxonomy":"product_brand","embeddable":true,"href":"https:\/\/www.cosmolife.it\/de\/wp-json\/wp\/v2\/product_brand?post=845"},{"taxonomy":"product_cat","embeddable":true,"href":"https:\/\/www.cosmolife.it\/de\/wp-json\/wp\/v2\/product_cat?post=845"},{"taxonomy":"product_tag","embeddable":true,"href":"https:\/\/www.cosmolife.it\/de\/wp-json\/wp\/v2\/product_tag?post=845"}],"curies":[{"name":"wp","href":"https:\/\/api.w.org\/{rel}","templated":true}]}}